{"id":488,"date":"2023-01-14T12:13:39","date_gmt":"2023-01-14T12:13:39","guid":{"rendered":"https:\/\/caliweedonlineshop.com\/?post_type=product&#038;p=488"},"modified":"2023-03-18T00:39:03","modified_gmt":"2023-03-18T00:39:03","slug":"platinum-og","status":"publish","type":"product","link":"https:\/\/caliweedonlineshop.com\/en\/product\/platinum-og\/","title":{"rendered":"Platinum Og"},"content":{"rendered":"<h1>Buy Platinum OG in Amira<\/h1>\n<p>Buy Platinum OG in Amira. Order Platin OG in Amira. Platinum OG is as valuable as the metal it is named after. This <a href=\"https:\/\/caliweedonlineshop.com\/index.php\/product-category\/blumen\/indica-sorten\/\">Indica-dominante<\/a> Hybrid claims to be one of the \"heaviest\" strains out there. <a href=\"https:\/\/www.leafly.com\/strains\/platinum-og?__cf_chl_tk=4slfV0DQZTCDtbK270ptJZ47UjFQqa_Gxn0j7bcT0ro-1673698407-0-gaNycGzND70\" target=\"_blank\" rel=\"noopener\">Platinum OG<\/a> is said to descend from three strains: Master Kush, OG Kush, and a third unknown parent. buyObama kush. The flowers are lime green and plump, with showy. buy orange kush <a href=\"https:\/\/caliweedonlineshop.com\/index.php\/product\/obama-kush\/\">Obama kush<\/a>. Die Bl\u00fcten sind lindgr\u00fcn und prall, mit auff\u00e4lligen. buy orange kush<\/p>\n<p>Orange hairs and a platinum coating thanks to the many THC crystals. A short, heady onset transitions into a strong physical sedation suitable for nighttime use and for relieving pain, stress, or anxiety, making this valuable strain a robust healer.buy Godfather Og<\/p>\n<p>The effects of Platinum OG are initially rather high, uplifting and calming to the mind, but they quickly level off and often have a sedating effect on users and should be used with caution. For this reason, it is an excellent nighttime treatment for depression, stress and anxiety. The narcotic-like body high can also treat chronic pain, muscle spasms, and insomnia. It may also help relieve migraines and the effects of other mood disorders.buy Pineapple Express<\/p>\n<p>Platinum OG experience<br \/>\nHowever, given its potency, caution is advised, or a comfortable couch lock could turn into a feeling of dizziness and overwhelm.<\/p>\n<h3>Buy Platinum OG in Amira<\/h3>\n<p>Buy Platinum OG in Amira. Order platinum OG in Amira. If connoisseurs decide to try this strain, they shouldn't have much else planned for the rest of the day. It is definitely a night herb that overwhelms the user quite quickly. After a brief mental foreplay, it becomes intensely soothing. Buy pineapple kush<\/p>\n<p>Users describe a feeling of liquid warmth and pure tranquility, with a total disappearance of stress and pain. A sativa mentality lingers underneath, but is not the primary effect.<\/p>\n<p>Alternative consumption lovers will be pleased to know that this cannabis is widely available in shatter and vape pen form.<\/p>","protected":false},"excerpt":{"rendered":"<p>Platinum OG is as valuable as the metal it is named after. This indica-dominant hybrid holds its own as one of the \"heaviest\" strains out there. Platinum OG is claimed to descend from three strains: Master Kush, OG Kush, and a third unknown parent. The flowers are lime green and plump, with distinctive<\/p>","protected":false},"featured_media":489,"comment_status":"open","ping_status":"closed","template":"","meta":{"om_disable_all_campaigns":false,"_monsterinsights_skip_tracking":false,"_monsterinsights_sitenote_active":false,"_monsterinsights_sitenote_note":"","_monsterinsights_sitenote_category":0},"product_brand":[],"product_cat":[126,195],"product_tag":[],"class_list":{"0":"post-488","1":"product","2":"type-product","3":"status-publish","4":"has-post-thumbnail","6":"product_cat-blumen","7":"product_cat-indica-sorten","9":"first","10":"instock","11":"shipping-taxable","12":"purchasable","13":"product-type-variable"},"_links":{"self":[{"href":"https:\/\/caliweedonlineshop.com\/en\/wp-json\/wp\/v2\/product\/488","targetHints":{"allow":["GET"]}}],"collection":[{"href":"https:\/\/caliweedonlineshop.com\/en\/wp-json\/wp\/v2\/product"}],"about":[{"href":"https:\/\/caliweedonlineshop.com\/en\/wp-json\/wp\/v2\/types\/product"}],"replies":[{"embeddable":true,"href":"https:\/\/caliweedonlineshop.com\/en\/wp-json\/wp\/v2\/comments?post=488"}],"wp:featuredmedia":[{"embeddable":true,"href":"https:\/\/caliweedonlineshop.com\/en\/wp-json\/wp\/v2\/media\/489"}],"wp:attachment":[{"href":"https:\/\/caliweedonlineshop.com\/en\/wp-json\/wp\/v2\/media?parent=488"}],"wp:term":[{"taxonomy":"product_brand","embeddable":true,"href":"https:\/\/caliweedonlineshop.com\/en\/wp-json\/wp\/v2\/product_brand?post=488"},{"taxonomy":"product_cat","embeddable":true,"href":"https:\/\/caliweedonlineshop.com\/en\/wp-json\/wp\/v2\/product_cat?post=488"},{"taxonomy":"product_tag","embeddable":true,"href":"https:\/\/caliweedonlineshop.com\/en\/wp-json\/wp\/v2\/product_tag?post=488"}],"curies":[{"name":"wp","href":"https:\/\/api.w.org\/{rel}","templated":true}]}}