{"id":694,"date":"2023-01-14T18:38:33","date_gmt":"2023-01-14T18:38:33","guid":{"rendered":"https:\/\/caliweedonlineshop.com\/?post_type=product&#038;p=694"},"modified":"2023-04-18T21:00:09","modified_gmt":"2023-04-18T21:00:09","slug":"runtz","status":"publish","type":"product","link":"https:\/\/caliweedonlineshop.com\/en\/product\/runtz\/","title":{"rendered":"Runtz"},"content":{"rendered":"<h1>Runtz Weed Online kaufen<\/h1>\n<p>Buy Runtz weed Online, Zkittlez is an indica dominant hybrid <a href=\"https:\/\/www.wikileaf.com\/strain\/grape-ape\/\" target=\"_blank\" rel=\"noopener\">Grape Ape<\/a> and <a href=\"https:\/\/www.hytiva.com\/strains\/sativa\/grapefruit\" target=\"_blank\" rel=\"noopener\">Grapefruit<\/a>that with another<\/p>\n<p>was crossed to produce this candy flavored cannabis bred by 3rd Gen Family and Terp Hogs. This price<\/p>\n<p>the winning combination took 1st place at the 2016 Emerald Cup and 1st place Indica at the 2015 Cannabis Cups in San. buy Diamond OG Hash<\/p>\n<p>Runtz, the hyped strain from the Cookies family, is a cross between Zkittlez and Gelato that is rare and sought after. Celebrated for her incredibly fruity profile that smells like a bag of candy, the strain has resin-soaked buds that range in color from rich purple to lime green. Runtz is also known for her creamy smoke that is smooth and inviting<\/p>\n<p>Alongside a euphoric and uplifting high that lasts for hours. Buy weed online in Europe<\/p>\n<h2>Buy Runtz Weed online<\/h2>\n<h4>Indica-dominanter Hybrid &#8211; 70% Indica \/ 30% Sativa<br \/>\nTHC: 13% &#8211; 15%<\/h4>\n<p>Buy Runtz, too <a href=\"https:\/\/caliweedonlineshop.com\/index.php\/product\/blue-skittlez\/\">Zkittlez<\/a> is an indica-dominant blend of Grape Ape and Grapefruit crossed with another unnamed strain to create this candy flavored cannabis, bred by 3rd Gen Family and Terp Hogs. This award-winning combination took 1st place at the 2016 Emerald Cup and 1st place indica at the 2015 Cannabis Cups in San Francisco and Michigan. The chunky colas explode in a spectrum of bright green hues and exude a sweet, tropical blend of fruit flavors. The effects of Zkittlez are surprisingly uplifting for an indica, leaving users focused, awake, and happy while relaxing the body to relax any time of the day.<\/p>\n<h3>Buy Zkittlez marijuana online<\/h3>\n<p>Francisco and Michigan. The chunky colas explode in a spectrum of bright green hues and emit.buy Fire OG<\/p>\n<p>A sweet, tropical blend of fruit flavors. The effect of Zkittlez is amazingly uplifting and relaxing for an indica<\/p>\n<p>Consumers stay focused, awake and happy while relaxing the body to unwind any time of the day. Buy Runtz Weed online<\/p>\n<p>&nbsp;<\/p>\n<p>&nbsp;<\/p>\n<p>&nbsp;<\/p>","protected":false},"excerpt":{"rendered":"<p>Runtz Weed Online kaufen Buy Runtz weed Online, Zkittlez ist eine Indica-dominante Mischung aus Grape Ape und Grapefruit, die mit einer anderen gekreuzt wurde, um dieses Cannabis mit S\u00fc\u00dfigkeitengeschmack zu produzieren, das von 3rd Gen Family und Terp Hogs gez\u00fcchtet wurde. Diese preis- die siegreiche Kombination belegte den 1. Platz beim Emerald Cup 2016 und [&hellip;]<\/p>","protected":false},"featured_media":695,"comment_status":"open","ping_status":"closed","template":"","meta":{"om_disable_all_campaigns":false,"_monsterinsights_skip_tracking":false,"_monsterinsights_sitenote_active":false,"_monsterinsights_sitenote_note":"","_monsterinsights_sitenote_category":0},"product_brand":[],"product_cat":[126,245,351],"product_tag":[],"class_list":{"0":"post-694","1":"product","2":"type-product","3":"status-publish","4":"has-post-thumbnail","6":"product_cat-blumen","7":"product_cat-hybrid-sorten","8":"product_cat-marken-cannabis","10":"first","11":"instock","12":"featured","13":"shipping-taxable","14":"purchasable","15":"product-type-variable"},"_links":{"self":[{"href":"https:\/\/caliweedonlineshop.com\/en\/wp-json\/wp\/v2\/product\/694","targetHints":{"allow":["GET"]}}],"collection":[{"href":"https:\/\/caliweedonlineshop.com\/en\/wp-json\/wp\/v2\/product"}],"about":[{"href":"https:\/\/caliweedonlineshop.com\/en\/wp-json\/wp\/v2\/types\/product"}],"replies":[{"embeddable":true,"href":"https:\/\/caliweedonlineshop.com\/en\/wp-json\/wp\/v2\/comments?post=694"}],"wp:featuredmedia":[{"embeddable":true,"href":"https:\/\/caliweedonlineshop.com\/en\/wp-json\/wp\/v2\/media\/695"}],"wp:attachment":[{"href":"https:\/\/caliweedonlineshop.com\/en\/wp-json\/wp\/v2\/media?parent=694"}],"wp:term":[{"taxonomy":"product_brand","embeddable":true,"href":"https:\/\/caliweedonlineshop.com\/en\/wp-json\/wp\/v2\/product_brand?post=694"},{"taxonomy":"product_cat","embeddable":true,"href":"https:\/\/caliweedonlineshop.com\/en\/wp-json\/wp\/v2\/product_cat?post=694"},{"taxonomy":"product_tag","embeddable":true,"href":"https:\/\/caliweedonlineshop.com\/en\/wp-json\/wp\/v2\/product_tag?post=694"}],"curies":[{"name":"wp","href":"https:\/\/api.w.org\/{rel}","templated":true}]}}