{"id":781,"date":"2023-01-16T07:55:30","date_gmt":"2023-01-16T07:55:30","guid":{"rendered":"https:\/\/caliweedonlineshop.com\/?post_type=product&#038;p=781"},"modified":"2023-01-16T07:55:31","modified_gmt":"2023-01-16T07:55:31","slug":"la-kush-cake-jungleboy-bestellen","status":"publish","type":"product","link":"https:\/\/caliweedonlineshop.com\/en\/product\/la-kush-cake-jungleboy-bestellen\/","title":{"rendered":"LA Kush Cake Jungleboy bestellen"},"content":{"rendered":"<h1>Order LA Kush Cake Jungleboy in Delaware<\/h1>\n<p>Order LA Kush Cake Jungleboy in Delaware<\/p>\n<p>Jungle Cake, manchmal auch als CAKE bezeichnet (die Namen sind buchst\u00e4blich austauschbar), ist eine s\u00fc\u00dfe und berauschende Marihuana-Sorte mit einem Namen, der zu ihrer erhebenden Wirkung und ihrem schmackhaften Geschmacksprofil passt. Florida Cake Dschungeljungs kaufen. MoneyBagg Runtz kaufen<br \/>\nFirstly, cannabis users love jungle pie for its ability to turn sour moments into something beautiful, as this strain's mood-altering abilities are powerful, as are its abilities to heal the body. She acts as a balanced medicine, ideal especially in the evening or later, after work, when this hybrid cannabis strain can shine at its best. Buy Afghan Kush seeds online<\/p>\n<p>Also the specific creation of this breed was the modification of a fan favorite, Girl Scout Cookies. jungle cake jungleboys delivery purchase jungle cake jungleboys order Florida Cake Jungleboys. Order LA Kush Cake Jungleboys in Delaware<\/p>\n<p>Jungleboys Dispensary near me. Buy Peach Kobbler Runtz<\/p>\n<p>I would recommend consuming Gelato #33 after work as this strain relaxes your body but your brain can slow down a bit when medicated. I wouldn't recommend this strain if you have important things on your agenda, but this strain brings a sense of positivity, which makes this strain great for comedy movies, stand-up comedy, or with close friends who don't take responsibility for it have night Buy Florida Cake Jungle Boys<\/p>","protected":false},"excerpt":{"rendered":"<p>Jungle Cake, sometimes referred to as CAKE (the names are literally interchangeable), is a sweet and stoney marijuana strain with a name to match its uplifting effects and tasty flavor profile.<\/p>\n<p>&nbsp;<\/p>","protected":false},"featured_media":782,"comment_status":"open","ping_status":"closed","template":"","meta":{"om_disable_all_campaigns":false,"_monsterinsights_skip_tracking":false,"_monsterinsights_sitenote_active":false,"_monsterinsights_sitenote_note":"","_monsterinsights_sitenote_category":0},"product_brand":[],"product_cat":[126,352],"product_tag":[],"class_list":{"0":"post-781","1":"product","2":"type-product","3":"status-publish","4":"has-post-thumbnail","6":"product_cat-blumen","7":"product_cat-dschungeljungen","9":"first","10":"instock","11":"shipping-taxable","12":"purchasable","13":"product-type-simple"},"_links":{"self":[{"href":"https:\/\/caliweedonlineshop.com\/en\/wp-json\/wp\/v2\/product\/781","targetHints":{"allow":["GET"]}}],"collection":[{"href":"https:\/\/caliweedonlineshop.com\/en\/wp-json\/wp\/v2\/product"}],"about":[{"href":"https:\/\/caliweedonlineshop.com\/en\/wp-json\/wp\/v2\/types\/product"}],"replies":[{"embeddable":true,"href":"https:\/\/caliweedonlineshop.com\/en\/wp-json\/wp\/v2\/comments?post=781"}],"wp:featuredmedia":[{"embeddable":true,"href":"https:\/\/caliweedonlineshop.com\/en\/wp-json\/wp\/v2\/media\/782"}],"wp:attachment":[{"href":"https:\/\/caliweedonlineshop.com\/en\/wp-json\/wp\/v2\/media?parent=781"}],"wp:term":[{"taxonomy":"product_brand","embeddable":true,"href":"https:\/\/caliweedonlineshop.com\/en\/wp-json\/wp\/v2\/product_brand?post=781"},{"taxonomy":"product_cat","embeddable":true,"href":"https:\/\/caliweedonlineshop.com\/en\/wp-json\/wp\/v2\/product_cat?post=781"},{"taxonomy":"product_tag","embeddable":true,"href":"https:\/\/caliweedonlineshop.com\/en\/wp-json\/wp\/v2\/product_tag?post=781"}],"curies":[{"name":"wp","href":"https:\/\/api.w.org\/{rel}","templated":true}]}}