{"id":220,"date":"2023-01-12T08:13:32","date_gmt":"2023-01-12T08:13:32","guid":{"rendered":"https:\/\/caliweedonlineshop.com\/?post_type=product&#038;p=220"},"modified":"2023-01-12T08:34:12","modified_gmt":"2023-01-12T08:34:12","slug":"candy-jack","status":"publish","type":"product","link":"https:\/\/caliweedonlineshop.com\/es\/product\/candy-jack\/","title":{"rendered":"Candy Jack"},"content":{"rendered":"<h1>Comprar Candy Jack online en Europa<\/h1>\n<p>Compre Candy Jack en l\u00ednea en Europa. Candy Jack es una variedad sativa que proporciona un r\u00e1pido impulso al estado de \u00e1nimo junto con un dulce aroma c\u00edtrico. El olor fragante proviene de su padre Skunk #1, mientras que el efecto creativo y concentrado proviene del lado de la familia Jack Herer. Si bien su complejo perfil de terpenos puede impresionar incluso al conocedor m\u00e1s empedernido, los pacientes suelen apreciarlo. COMPRAR COMESTIBLES DE MARIHUANA ONLINE EN EUROPA<\/p>\n<p>La capacidad de Candy Jack para combatir el estr\u00e9s, la depresi\u00f3n y la p\u00e9rdida de apetito. Candy Jack ya ha ganado varias Cannabis Cups y su potencia, sabor y efectos le han valido a esta sativa una excelente reputaci\u00f3n en el mundo cann\u00e1bico.<\/p>\n<p>Candy Jack, una vez ganadora de la Cannabis Cup, es un h\u00edbrido equilibrado con efectos sativos. Su contenido de THC se ha probado hasta en un 27 por ciento, y los niveles de CBD generalmente rondan el 1 por ciento.<\/p>\n<p>La gen\u00e9tica de esta variedad combina Jack Herer, Skunk #1 y Cotton Candy. Candy Jack alivia el dolor en el lado medicinal y mejora el estado de \u00e1nimo y la creatividad en el lado relajante.<\/p>\n<p>Con un contenido de THC del 27 por ciento, Candy Jack es una de las cepas psicoactivas m\u00e1s potentes del mercado. Los niveles de CBD promedian el 1 por ciento, lo que la hace inadecuada para afecciones graves como las convulsiones. Big Mex Magic Mushroom en l\u00ednea EE. UU.<\/p>\n<h2>Compre Candy Jack en l\u00ednea en Europa<\/h2>\n<p>La gente nota el aroma c\u00edtrico almizclado, un olor heredado de su padre legendario, Skunk #1. El aspecto de Candy Jack es de color verde claro con tricomas naranjas y blancos. Algunos dicen que el sabor es dulce y un poco skunk, mientras que otros lo describen como afrutado, mentolado o a pino. Un juez de la Cannabis Cup dijo que realmente sabe a caramelo.<\/p>\n<p>Se informa que Candy Jack tiene un efecto edificante, en\u00e9rgico y cerebral. La Candy Jack est\u00e1 infundida con efectos sativos, por lo que los usuarios recreativos pueden esperar una pizca de euforia mezclada con un poco de empuje y pensamiento abierto. Los consumidores experimentados pueden convertir esta energ\u00eda positiva y edificante en un trabajo enfocado y productivo, especialmente en el campo creativo. Comprar tabletas de diazepam 10 mg en l\u00ednea<\/p>\n<p>Candy Jack tambi\u00e9n goza de una s\u00f3lida reputaci\u00f3n en el mundo cann\u00e1bico por sus usos medicinales. Las personas conf\u00edan en \u00e9l para aliviar el estr\u00e9s y la depresi\u00f3n mientras mejoran su apetito. Aquellos que sufren de ansiedad, depresi\u00f3n, migra\u00f1as, dolor cr\u00f3nico y dolores de cabeza tambi\u00e9n encontrar\u00e1n alivio con esta variedad. COMPRAR GALLETAS SCOUT ONLINE<\/p>\n<p>Los cultivadores notan que los cogollos son bien formados, ligeros y llenos de vitalidad. Esta cepa es un poco dif\u00edcil de conseguir. Puedes comprar online semillas regulares y feminizadas, y\/o clones. La planta tiene un tiempo de crecimiento promedio de 8 a 9 semanas. Candy Jack es f\u00e1cil de cultivar y deber\u00eda dar buenos rendimientos si se alimenta bien, se le da mucha luz y se la poda.<\/p>\n<p>Candy Jack tiene niveles de THC m\u00e1s all\u00e1 de lo normal, como lo se\u00f1alan algunas instalaciones de prueba. Los efectos, el sabor y el olor atraer\u00e1n tanto a usuarios medicinales como recreativos. Los conocedores de Canna deber\u00edan disfrutar del complejo perfil de terpenos.<\/p>","protected":false},"excerpt":{"rendered":"<p>En t\u00e9rminos de potencia, Candy Jack es una de las cepas m\u00e1s fuertes disponibles en el departamento psicoactivo con un 27 por ciento de THC. Los niveles de CBD promedian el 1 por ciento, lo que la hace inadecuada para afecciones graves como convulsiones<\/p>","protected":false},"featured_media":225,"comment_status":"open","ping_status":"closed","template":"","meta":{"om_disable_all_campaigns":false,"_monsterinsights_skip_tracking":false,"_monsterinsights_sitenote_active":false,"_monsterinsights_sitenote_note":"","_monsterinsights_sitenote_category":0},"product_brand":[],"product_cat":[126,127],"product_tag":[128,129,130,131],"class_list":{"0":"post-220","1":"product","2":"type-product","3":"status-publish","4":"has-post-thumbnail","6":"product_cat-blumen","7":"product_cat-sativa-sorte","8":"product_tag-buy-candy-jack-online-australia","9":"product_tag-buy-candy-jack-online-in-europe","10":"product_tag-buy-candy-jack-online-in-germany","11":"product_tag-buy-candy-jack-online-in-uk","13":"first","14":"instock","15":"shipping-taxable","16":"purchasable","17":"product-type-variable"},"_links":{"self":[{"href":"https:\/\/caliweedonlineshop.com\/es\/wp-json\/wp\/v2\/product\/220","targetHints":{"allow":["GET"]}}],"collection":[{"href":"https:\/\/caliweedonlineshop.com\/es\/wp-json\/wp\/v2\/product"}],"about":[{"href":"https:\/\/caliweedonlineshop.com\/es\/wp-json\/wp\/v2\/types\/product"}],"replies":[{"embeddable":true,"href":"https:\/\/caliweedonlineshop.com\/es\/wp-json\/wp\/v2\/comments?post=220"}],"wp:featuredmedia":[{"embeddable":true,"href":"https:\/\/caliweedonlineshop.com\/es\/wp-json\/wp\/v2\/media\/225"}],"wp:attachment":[{"href":"https:\/\/caliweedonlineshop.com\/es\/wp-json\/wp\/v2\/media?parent=220"}],"wp:term":[{"taxonomy":"product_brand","embeddable":true,"href":"https:\/\/caliweedonlineshop.com\/es\/wp-json\/wp\/v2\/product_brand?post=220"},{"taxonomy":"product_cat","embeddable":true,"href":"https:\/\/caliweedonlineshop.com\/es\/wp-json\/wp\/v2\/product_cat?post=220"},{"taxonomy":"product_tag","embeddable":true,"href":"https:\/\/caliweedonlineshop.com\/es\/wp-json\/wp\/v2\/product_tag?post=220"}],"curies":[{"name":"wp","href":"https:\/\/api.w.org\/{rel}","templated":true}]}}