{"id":228,"date":"2023-01-12T08:43:08","date_gmt":"2023-01-12T08:43:08","guid":{"rendered":"https:\/\/caliweedonlineshop.com\/?post_type=product&#038;p=228"},"modified":"2023-01-12T08:53:18","modified_gmt":"2023-01-12T08:53:18","slug":"candyland","status":"publish","type":"product","link":"https:\/\/caliweedonlineshop.com\/es\/product\/candyland\/","title":{"rendered":"S\u00fc\u00dfigkeitenland"},"content":{"rendered":"<h1>Compra Candyland en Leadville. Pide Candyland en Leadville. CandyLand - es genial<\/h1>\n<p>Compra Candyland en Leadville. Pide Candyland en Leadville. Medallista de oro en KushCon 2012, Candyland es un h\u00edbrido de dominancia sativa creado a partir de <a href=\"https:\/\/www.solevowellness.com\/granddaddy-purple\/\" target=\"_blank\" rel=\"noopener\">Granddaddy Purple<\/a> y bah\u00eda <a href=\"https:\/\/www.leafly.com\/strains\/platinum-gsc\" target=\"_blank\" rel=\"noopener\">Platinum Cookies<\/a>. Los pelos dorados se entrelazan a trav\u00e9s de la gruesa capa de tricomas azucarados de Candyland, resaltando los cogollos compactos y camuflados. Compra Banana Pound Cake Esta variedad crece bien tanto en interiores como en exteriores. Compra Cuban Magic Mushrooms Online.<\/p>\n<p>y los pacientes recurren a Candyland cuando buscan alivio de dolores y molestias, tensi\u00f3n muscular y mal humor. Candyland ofrece un efecto estimulante y energizante, lo que la convierte en una variedad perfecta para reuniones sociales o pasatiempos creativos.comprar Banana Lato<\/p>\n<h2>Compra Candyland en Leadville. Pide Candyland en Leadville. CandyLand - es genial<\/h2>\n<p>Compra Candyland en Leadville. Pide Candyland en Leadville. CandyLand - es genial <a href=\"https:\/\/caliweedonlineshop.com\/index.php\/product-category\/blumen\/sativa-sorte\/\">Sativa<\/a> y es ideal para uso en la oficina, ya que algunos dicen que puede ayudar con el trabajo. Cultivado en Vacaville, California, est\u00e1 garantizado que es el m\u00e1s fresco y de la mejor calidad. Candyland tiene un fuerte sabor y olor dulce, con un trasfondo especiado y terroso. La presencia de tricomas y toques de p\u00farpura hacen que esta variedad sea hermosa para consumir. Sus cogollos son peque\u00f1os, densos y de un tono verde m\u00e1s oscuro que las t\u00edpicas cepas sativas. La mayor\u00eda de los cogollos parecen haber sido sumergidos en az\u00facar. comprar Black Domina El pelo rojo opaco hace que los cogollos se vean borrosos desde la distancia. Es una sativa fuerte y es buena para usar entre personas o durante el d\u00eda cuando necesitas ser productivo.<\/p>\n<p>Medallista de oro en KushCon 2012, Candyland es un h\u00edbrido de dominancia sativa creado a partir de Granddaddy Purple y Bay Platinum Cookies. comprar blackberry kush. Los cabellos dorados se entretejen a trav\u00e9s de la gruesa capa de tricomas similares al az\u00facar de Candyland, resaltando los cogollos compactos y camuflados. comprar Blue skittles Esta variedad crece bien tanto en interior como en exterior, y los pacientes recurren a Candyland cuando buscan alivio de dolores y molestias, tensi\u00f3n muscular y mal humor. Big Mex Magic Mushroom Online USA Candyland ofrece un efecto estimulante y energizante, lo que la convierte en una cepa perfecta para reuniones sociales o pasatiempos creativos.<\/p>","protected":false},"excerpt":{"rendered":"<p>Candyland, medallista de oro en KushCon 2012, es un h\u00edbrido de dominancia sativa creado a partir de Granddaddy Purple y Bay Platinum Cookies. Los pelos dorados se entretejen a trav\u00e9s de la gruesa capa de tricomas similares al az\u00facar de Candyland, resaltando los cogollos compactos y camuflados.<\/p>\n<p>&nbsp;<\/p>","protected":false},"featured_media":233,"comment_status":"open","ping_status":"closed","template":"","meta":{"om_disable_all_campaigns":false,"_monsterinsights_skip_tracking":false,"_monsterinsights_sitenote_active":false,"_monsterinsights_sitenote_note":"","_monsterinsights_sitenote_category":0},"product_brand":[],"product_cat":[126,127],"product_tag":[],"class_list":{"0":"post-228","1":"product","2":"type-product","3":"status-publish","4":"has-post-thumbnail","6":"product_cat-blumen","7":"product_cat-sativa-sorte","9":"first","10":"instock","11":"shipping-taxable","12":"purchasable","13":"product-type-variable"},"_links":{"self":[{"href":"https:\/\/caliweedonlineshop.com\/es\/wp-json\/wp\/v2\/product\/228","targetHints":{"allow":["GET"]}}],"collection":[{"href":"https:\/\/caliweedonlineshop.com\/es\/wp-json\/wp\/v2\/product"}],"about":[{"href":"https:\/\/caliweedonlineshop.com\/es\/wp-json\/wp\/v2\/types\/product"}],"replies":[{"embeddable":true,"href":"https:\/\/caliweedonlineshop.com\/es\/wp-json\/wp\/v2\/comments?post=228"}],"wp:featuredmedia":[{"embeddable":true,"href":"https:\/\/caliweedonlineshop.com\/es\/wp-json\/wp\/v2\/media\/233"}],"wp:attachment":[{"href":"https:\/\/caliweedonlineshop.com\/es\/wp-json\/wp\/v2\/media?parent=228"}],"wp:term":[{"taxonomy":"product_brand","embeddable":true,"href":"https:\/\/caliweedonlineshop.com\/es\/wp-json\/wp\/v2\/product_brand?post=228"},{"taxonomy":"product_cat","embeddable":true,"href":"https:\/\/caliweedonlineshop.com\/es\/wp-json\/wp\/v2\/product_cat?post=228"},{"taxonomy":"product_tag","embeddable":true,"href":"https:\/\/caliweedonlineshop.com\/es\/wp-json\/wp\/v2\/product_tag?post=228"}],"curies":[{"name":"wp","href":"https:\/\/api.w.org\/{rel}","templated":true}]}}