{"id":250,"date":"2023-01-12T14:59:08","date_gmt":"2023-01-12T14:59:08","guid":{"rendered":"https:\/\/caliweedonlineshop.com\/?post_type=product&#038;p=250"},"modified":"2023-01-12T14:59:08","modified_gmt":"2023-01-12T14:59:08","slug":"geisterstamm-dunst","status":"publish","type":"product","link":"https:\/\/caliweedonlineshop.com\/es\/product\/geisterstamm-dunst\/","title":{"rendered":"Geisterstamm-Dunst"},"content":{"rendered":"<h1>Comprar Ghost Strain Haze online en Suecia<\/h1>\n<p>Compre Ghost Strain Haze en l\u00ednea en Suecia. <a href=\"https:\/\/www.leafly.com\/strains\/ghost-og\" target=\"_blank\" rel=\"noopener\">Ghost Train<\/a> Creada por primera vez por Rare Dankness, Haze es un cruce sativa entre Ghost OG y Neville's Wreck. A diferencia de las sativas t\u00edpicas, la Ghost Train Haze produce densos cogollos cubiertos de tricomas blancos cubiertos de cristales. Con un aroma agrio, c\u00edtrico y floral, la Ghost Train Haze ofrece una potente dosis de THC para adormecer el dolor, la depresi\u00f3n y la p\u00e9rdida de apetito, pero los pacientes son propensos a ello. Comprar hierba online en Europa<\/p>\n<p>Las personas que sufren de ansiedad deben mantenerse alejadas de esta poderosa droga. Las dosis bajas fomentan la concentraci\u00f3n y la creatividad, pero cuanto m\u00e1s fumas, m\u00e1s confuso se vuelve tu cerebro. Ghost Train Haze es una variedad de exterior adecuada para climas c\u00e1lidos y tiene un tiempo de floraci\u00f3n de 65 a 80 d\u00edas en interior. Galletas Tropicales<\/p>\n<h3>Comprar Ghost Strain Haze online en Suecia<\/h3>\n<p>Sativa-dominanter Hybrid &#8211; 80% Sativa \/ 20% Indica<\/p>\n<p>THC: 27%<\/p>\n<p>Ghost Train Haze es una de las variedades m\u00e1s intensas que existen <a href=\"https:\/\/caliweedonlineshop.com\/es\/\">Marihuana<\/a>-universo fue introducido. Esta variedad no es para principiantes, despu\u00e9s de todo, la Ghost Train Haze fue nombrada \"la variedad m\u00e1s potente del mundo\" por la revista High Times en 2012. Criada a partir de Ghost OG y Neville's Wreck, esta variedad cuenta con un incre\u00edble nivel de THC del 27%. La GTH es mayoritariamente sativa (proporci\u00f3n 80:20 sativa\/indica), por lo que si eres un fumador novato o sufres de ansiedad, ser\u00e1 mejor que te mantengas alejado de esta alocada cepa. Fumar mucho GTH puede inducir una sensaci\u00f3n casi psicod\u00e9lica que puede inducir a la paranoia. Los pacientes que eligen Ghost Train Haze son aquellos que sufren de depresi\u00f3n o aquellos que simplemente quieren pasar un buen rato. En peque\u00f1as dosis, GTH puede provocar f\u00e1cilmente ataques de risa y estimular la mente creativa. El aroma de esta variedad es una mezcla dulce de \u00e1cido, c\u00edtricos y pino que es muy picante. Con una gran cantidad de tricomas y cabello, GTH se ve b\u00e1sicamente tan incre\u00edble como dice ser. Gran neblina de lim\u00f3n<\/p>\n<p>La variedad de cannabis Ghost Train Haze es un potente h\u00edbrido sativa dominante desarrollado por Rare Dankness. Obtuvo el primer lugar en la High Times Cannabis Cup 2014 en los EE. UU. en la categor\u00eda Sativa y el segundo lugar en la High Times Cannabis Cup 2013 en la categor\u00eda Medical Sativa. Los cogollos son densos, de color verde claro y saturados de tricomas que parecen casi blancos. Ghost Train Haze es muy potente y fue seleccionada por High Times para representar las cepas m\u00e1s fuertes del mundo. Comprar Ghost Strain Haze en l\u00ednea en Suecia. neblina de mango<br \/>\ntipo de intoxicaci\u00f3n<br \/>\nLa variedad de marihuana Ghost Train Haze induce euforia cerebral en dosis m\u00e1s bajas, eleva el estado de \u00e1nimo, aumenta la concentraci\u00f3n, relaja el cuerpo y tiene un efecto analg\u00e9sico. Puede ejercer presi\u00f3n sobre los ojos y la nariz. Las dosis m\u00e1s altas pueden inducir paranoia y alucinaciones. neblina p\u00farpura<br \/>\ngen\u00e9tica<br \/>\nLa variedad de cannabis Ghost Train Haze es un cruce entre Ghost OG y Nevil's Wreck (Trainwreck y Neville's Haze).<\/p>","protected":false},"excerpt":{"rendered":"<p>Creada por primera vez por Rare Dankness, Ghost Train Haze es un cruce sativa entre Ghost OG y Neville's Wreck. A diferencia de las sativas t\u00edpicas, Ghost Train Haze produce densos cogollos cubiertos de tricomas blancos cubiertos de cristales.<\/p>\n<p>&nbsp;<\/p>","protected":false},"featured_media":249,"comment_status":"open","ping_status":"closed","template":"","meta":{"om_disable_all_campaigns":false,"_monsterinsights_skip_tracking":false,"_monsterinsights_sitenote_active":false,"_monsterinsights_sitenote_note":"","_monsterinsights_sitenote_category":0},"product_brand":[],"product_cat":[126,127],"product_tag":[136,137,138,139,140,141],"class_list":{"0":"post-250","1":"product","2":"type-product","3":"status-publish","4":"has-post-thumbnail","6":"product_cat-blumen","7":"product_cat-sativa-sorte","8":"product_tag-buy-ghost-strain-haze-online-australia","9":"product_tag-buy-ghost-strain-haze-online-in-colorado","10":"product_tag-buy-ghost-strain-haze-online-in-europe","11":"product_tag-buy-ghost-strain-haze-online-in-las-vegas","12":"product_tag-buy-ghost-strain-haze-online-in-new-york","13":"product_tag-buy-ghost-strain-haze-online-in-usa","15":"first","16":"instock","17":"shipping-taxable","18":"purchasable","19":"product-type-variable"},"_links":{"self":[{"href":"https:\/\/caliweedonlineshop.com\/es\/wp-json\/wp\/v2\/product\/250","targetHints":{"allow":["GET"]}}],"collection":[{"href":"https:\/\/caliweedonlineshop.com\/es\/wp-json\/wp\/v2\/product"}],"about":[{"href":"https:\/\/caliweedonlineshop.com\/es\/wp-json\/wp\/v2\/types\/product"}],"replies":[{"embeddable":true,"href":"https:\/\/caliweedonlineshop.com\/es\/wp-json\/wp\/v2\/comments?post=250"}],"wp:featuredmedia":[{"embeddable":true,"href":"https:\/\/caliweedonlineshop.com\/es\/wp-json\/wp\/v2\/media\/249"}],"wp:attachment":[{"href":"https:\/\/caliweedonlineshop.com\/es\/wp-json\/wp\/v2\/media?parent=250"}],"wp:term":[{"taxonomy":"product_brand","embeddable":true,"href":"https:\/\/caliweedonlineshop.com\/es\/wp-json\/wp\/v2\/product_brand?post=250"},{"taxonomy":"product_cat","embeddable":true,"href":"https:\/\/caliweedonlineshop.com\/es\/wp-json\/wp\/v2\/product_cat?post=250"},{"taxonomy":"product_tag","embeddable":true,"href":"https:\/\/caliweedonlineshop.com\/es\/wp-json\/wp\/v2\/product_tag?post=250"}],"curies":[{"name":"wp","href":"https:\/\/api.w.org\/{rel}","templated":true}]}}