{"id":255,"date":"2023-01-12T15:09:40","date_gmt":"2023-01-12T15:09:40","guid":{"rendered":"https:\/\/caliweedonlineshop.com\/?post_type=product&#038;p=255"},"modified":"2023-01-12T15:10:56","modified_gmt":"2023-01-12T15:10:56","slug":"grapefruit","status":"publish","type":"product","link":"https:\/\/caliweedonlineshop.com\/es\/product\/grapefruit\/","title":{"rendered":"Grapefruit"},"content":{"rendered":"<h1>Comprar variedad de marihuana Grapefruit online en Francia<\/h1>\n<p>Comprar variedad de marihuana Grapefruit online en Francia. Esta potente sativa fue creada cruzando <a href=\"https:\/\/www.leafly.com\/strains\/cinderella-99\" target=\"_blank\" rel=\"noopener\">Centerrilla 99<\/a> desarrollada con una sativa de r\u00e1pida floraci\u00f3n seleccionada por su rico aroma a pomelo. El aroma c\u00edtrico tropical de la toronja se combina con los efectos energizantes para brindarle un relajante calmante para el estr\u00e9s que tambi\u00e9n es bueno para combatir las migra\u00f1as.<\/p>\n<p>Bienvenido al mundo del pomelo, el <a href=\"https:\/\/caliweedonlineshop.com\/es\/\">Sativa<\/a>donde ella es la jefa y todos vivimos seg\u00fan sus reglas. Como descendiente de la cepa Cinderella 99 cruzada con una cepa no identificada, el sabor es como ning\u00fan otro. COMPRAR MARIHUANA ONLINE EN LOS PA\u00cdSES BAJOS<\/p>\n<p>Comprar variedad de marihuana Grapefruit online en Francia<br \/>\nestetica<\/p>\n<p>Las cepas a menudo se etiquetan mal y se les da un nombre que no se merecen. La toronja sabe exactamente como cabr\u00eda esperar, solo que 10 veces mejor. Los matices de lim\u00f3n cubren la lengua y saben como un caro shandy alem\u00e1n. Si pens\u00f3 que el sabor era incre\u00edble, espere a que el aroma entre en sus fosas nasales. El olor no tiene comparaci\u00f3n con ning\u00fan otro cogollo en el mercado. Big Mex Magic Mushroom en l\u00ednea EE. UU.<\/p>\n<p>Una experiencia dulce y arom\u00e1tica que enga\u00f1ar\u00e1 a tu cerebro haci\u00e9ndole creer que te has dado de bruces con un pomelo reci\u00e9n recogido. \u00bfQu\u00e9 m\u00e1s puedes desear como amante de las variedades afrutadas?<\/p>\n<p>Efectos de pomelo + Beneficios<\/p>\n<p>Tienes todos los utensilios que necesitas: pinceles, caballete, agua y pinturas acr\u00edlicas est\u00e1n listos para una tarde llena de magia. Cuando golpeas el pincel en el color amarillo por quinta vez, tu cerebro se bloquea como si tuvieras el freno de mano puesto. Ligeramente frustrado, vuelves a dejar el cepillo y suspiras. Tal vez hoy no sea el momento adecuado. Comprar tabletas de diazepam 10 mg en l\u00ednea<\/p>\n<p>un campo altamente creativo. En momentos de consumo, es como si las anteojeras del caballo se aflojaran y el cepillo se moviera por s\u00ed solo. As\u00ed deber\u00eda ser el arte, simple y descontracturante, no al rev\u00e9s.<\/p>\n<p>Es dif\u00edcil encontrar una cepa adecuada para el uso diurno. Justo cuando crees que la has encontrado, parece que unas horas m\u00e1s tarde ya te est\u00e1s quedando dormido de nuevo. La toronja tiene muchos aspectos positivos, pero su mayor arma es la falta de sedaci\u00f3n y sensaci\u00f3n de bienestar. El miedo no importa, se disuelve como la sal en el agua y elimina cualquier sentimiento de inquietud. Comprar variedad de marihuana Grapefruit online en Francia<\/p>\n<p>Una gran variedad como esta no aparece todos los d\u00edas. Sal por la puerta y entra en la vida con la confianza para tomar la iniciativa con Grapefruit. COMPRAR GALLETAS SCOUT ONLINE EN EUROPA<\/p>\n<p>Bis zu 18-20% THC<\/p>","protected":false},"excerpt":{"rendered":"<p>Bienvenido al mundo de la toronja, la sativa, donde ella es la jefa y todos vivimos seg\u00fan sus reglas. Descendiente de la cepa Cinderella 99 cruzada con una cepa no identificada, el sabor es como ning\u00fan otro.<\/p>\n<p>&nbsp;<\/p>","protected":false},"featured_media":256,"comment_status":"open","ping_status":"closed","template":"","meta":{"om_disable_all_campaigns":false,"_monsterinsights_skip_tracking":false,"_monsterinsights_sitenote_active":false,"_monsterinsights_sitenote_note":"","_monsterinsights_sitenote_category":0},"product_brand":[],"product_cat":[126,127],"product_tag":[142,143,144,145,146,147],"class_list":{"0":"post-255","1":"product","2":"type-product","3":"status-publish","4":"has-post-thumbnail","6":"product_cat-blumen","7":"product_cat-sativa-sorte","8":"product_tag-buy-grapefruit-online-in-australia","9":"product_tag-buy-grapefruit-online-in-colorado","10":"product_tag-buy-grapefruit-online-in-europe","11":"product_tag-buy-grapefruit-online-in-las-vegas","12":"product_tag-buy-grapefruit-online-in-mexico","13":"product_tag-buy-grapefruit-online-in-new-york","15":"first","16":"instock","17":"shipping-taxable","18":"purchasable","19":"product-type-variable"},"_links":{"self":[{"href":"https:\/\/caliweedonlineshop.com\/es\/wp-json\/wp\/v2\/product\/255","targetHints":{"allow":["GET"]}}],"collection":[{"href":"https:\/\/caliweedonlineshop.com\/es\/wp-json\/wp\/v2\/product"}],"about":[{"href":"https:\/\/caliweedonlineshop.com\/es\/wp-json\/wp\/v2\/types\/product"}],"replies":[{"embeddable":true,"href":"https:\/\/caliweedonlineshop.com\/es\/wp-json\/wp\/v2\/comments?post=255"}],"wp:featuredmedia":[{"embeddable":true,"href":"https:\/\/caliweedonlineshop.com\/es\/wp-json\/wp\/v2\/media\/256"}],"wp:attachment":[{"href":"https:\/\/caliweedonlineshop.com\/es\/wp-json\/wp\/v2\/media?parent=255"}],"wp:term":[{"taxonomy":"product_brand","embeddable":true,"href":"https:\/\/caliweedonlineshop.com\/es\/wp-json\/wp\/v2\/product_brand?post=255"},{"taxonomy":"product_cat","embeddable":true,"href":"https:\/\/caliweedonlineshop.com\/es\/wp-json\/wp\/v2\/product_cat?post=255"},{"taxonomy":"product_tag","embeddable":true,"href":"https:\/\/caliweedonlineshop.com\/es\/wp-json\/wp\/v2\/product_tag?post=255"}],"curies":[{"name":"wp","href":"https:\/\/api.w.org\/{rel}","templated":true}]}}