{"id":261,"date":"2023-01-12T15:19:41","date_gmt":"2023-01-12T15:19:41","guid":{"rendered":"https:\/\/caliweedonlineshop.com\/?post_type=product&#038;p=261"},"modified":"2023-01-12T15:19:41","modified_gmt":"2023-01-12T15:19:41","slug":"gruener-riss","status":"publish","type":"product","link":"https:\/\/caliweedonlineshop.com\/es\/product\/gruener-riss\/","title":{"rendered":"Gr\u00fcner Riss"},"content":{"rendered":"<h1>Comprar crack verde online Croacia<\/h1>\n<p>Comprar Green Crack Online Croacia. Que no te enga\u00f1e el nombre: esto es cannabis puro. Hay pocas cepas que se comparen con la Green Crack, que inducen un estimulante subid\u00f3n mental que te mantendr\u00e1 activo durante todo el d\u00eda. Con un sabor \u00e1cido y afrutado que recuerda al mango, Green Crack es una excelente cepa diurna que puede ayudar a los usuarios a controlar la fatiga.<\/p>\n<p>Combate la fatiga, el estr\u00e9s y la depresi\u00f3n. Porque el nombre es una imagen negativa de <a href=\"https:\/\/caliweedonlineshop.com\/es\/\">Cannabis<\/a> transmitido, algunas personas llaman a esta cepa Cush (con una 'C') o Green Cush en su lugar.<\/p>\n<p>Todo el mundo pasa por una fase de fatiga a veces. Con nuestras vidas agitadas y horarios exigentes, es solo cuesti\u00f3n de tiempo antes de que nuestra energ\u00eda se agote por completo. Tenemos la soluci\u00f3n perfecta para este l\u00edo: Green Crack. Es la cepa sativa de tus sue\u00f1os.<\/p>\n<p>Criado desde el <a href=\"https:\/\/en.seedfinder.eu\/strain-info\/Skunk_Nr1\/Sensi_Seeds\/\" target=\"_blank\" rel=\"noopener\">Skunk #1 Linie<\/a>, ist <a href=\"https:\/\/www.leafly.com\/strains\/green-crack\" target=\"_blank\" rel=\"noopener\">GC<\/a> una delicia para todos los consumidores de cannabis. Especialmente Snoop Dogg, quien la llam\u00f3 su cepa favorita. bollo de miel<\/p>\n<p>Est\u00e9tica GC<\/p>\n<p>Green Crack est\u00e1 llena de notas afrutadas y especiadas que estimulan los sentidos. El humo es ligero y f\u00e1cil de inhalar, perfecto para los nuevos en el mundo del cannabis. Los cogollos est\u00e1n densamente empaquetados pero son de tama\u00f1o peque\u00f1o. Los usuarios pueden notar que los cogollos son como \"palomitas de ma\u00edz\". Comprar Hongos M\u00e1gicos Cubanos online<\/p>\n<h2>Comprar Green Crack Online Croacia<\/h2>\n<p>Green Crack es un humo sabroso, pero su verdadera belleza radica en su euforia energ\u00e9tica. Big Mex Magic Mushroom en l\u00ednea EE. UU.<\/p>\n<p>Efectos Green Crack + Beneficios. Comprar BROWNIE DE MENTA CON INFUSI\u00d3N DE CANNABIS<\/p>\n<p>Tan pronto como GC llega al sistema, una oleada de energ\u00eda vigorizante acelera los procesos mentales. Tu pensamiento se vuelve m\u00e1s r\u00e1pido, m\u00e1s claro y lleno de planes complejos. El pensamiento abstracto se convierte en una segunda naturaleza, seguido de un fuerte sentido de enfoque. La mayor\u00eda de los usuarios notan que la cepa se usa mejor durante el d\u00eda. Las 5 mejores marcas de ropa cann\u00e1bica<\/p>\n<p>Si bien Green Crack es excelente por la ma\u00f1ana, tambi\u00e9n debe usarse por la noche. Imaginar. Comprar galletas dulces de t\u00e9<\/p>\n<p>Hojeas tu gu\u00eda de estudio y sigues olvid\u00e1ndote de d\u00f3nde est\u00e1s. Cada p\u00e1gina est\u00e1 borrosa y tus nervios est\u00e1n de punta. Sientes que es hora de un espresso doble o Redbull. Comprar Banana Runtz<\/p>\n<p>Los beneficios m\u00e9dicos tambi\u00e9n son m\u00faltiples. GC alivia el estr\u00e9s y reduce la depresi\u00f3n y la ansiedad en los casos leves. Adem\u00e1s, esta variedad es \u00f3ptima para usar durante el d\u00eda para aliviar los s\u00edntomas del dolor cr\u00f3nico. comprar durazno<\/p>\n<p>Deja la bebida energ\u00e9tica y busca Green Crack. Nos lo agradecer\u00e1s m\u00e1s tarde. Comprar Galleta Super Og<\/p>","protected":false},"excerpt":{"rendered":"<p>Que no te enga\u00f1e el nombre: esto es cannabis puro. Hay pocas cepas que se comparen con la Green Crack, ya que induce un subid\u00f3n mental estimulante que te acompa\u00f1ar\u00e1 durante todo el d\u00eda.<\/p>","protected":false},"featured_media":262,"comment_status":"open","ping_status":"closed","template":"","meta":{"om_disable_all_campaigns":false,"_monsterinsights_skip_tracking":false,"_monsterinsights_sitenote_active":false,"_monsterinsights_sitenote_note":"","_monsterinsights_sitenote_category":0},"product_brand":[],"product_cat":[126,127],"product_tag":[],"class_list":{"0":"post-261","1":"product","2":"type-product","3":"status-publish","4":"has-post-thumbnail","6":"product_cat-blumen","7":"product_cat-sativa-sorte","9":"first","10":"instock","11":"shipping-taxable","12":"purchasable","13":"product-type-variable"},"_links":{"self":[{"href":"https:\/\/caliweedonlineshop.com\/es\/wp-json\/wp\/v2\/product\/261","targetHints":{"allow":["GET"]}}],"collection":[{"href":"https:\/\/caliweedonlineshop.com\/es\/wp-json\/wp\/v2\/product"}],"about":[{"href":"https:\/\/caliweedonlineshop.com\/es\/wp-json\/wp\/v2\/types\/product"}],"replies":[{"embeddable":true,"href":"https:\/\/caliweedonlineshop.com\/es\/wp-json\/wp\/v2\/comments?post=261"}],"wp:featuredmedia":[{"embeddable":true,"href":"https:\/\/caliweedonlineshop.com\/es\/wp-json\/wp\/v2\/media\/262"}],"wp:attachment":[{"href":"https:\/\/caliweedonlineshop.com\/es\/wp-json\/wp\/v2\/media?parent=261"}],"wp:term":[{"taxonomy":"product_brand","embeddable":true,"href":"https:\/\/caliweedonlineshop.com\/es\/wp-json\/wp\/v2\/product_brand?post=261"},{"taxonomy":"product_cat","embeddable":true,"href":"https:\/\/caliweedonlineshop.com\/es\/wp-json\/wp\/v2\/product_cat?post=261"},{"taxonomy":"product_tag","embeddable":true,"href":"https:\/\/caliweedonlineshop.com\/es\/wp-json\/wp\/v2\/product_tag?post=261"}],"curies":[{"name":"wp","href":"https:\/\/api.w.org\/{rel}","templated":true}]}}