{"id":267,"date":"2023-01-12T15:26:07","date_gmt":"2023-01-12T15:26:07","guid":{"rendered":"https:\/\/caliweedonlineshop.com\/?post_type=product&#038;p=267"},"modified":"2023-01-12T15:26:07","modified_gmt":"2023-01-12T15:26:07","slug":"hawaiianischer-dunst","status":"publish","type":"product","link":"https:\/\/caliweedonlineshop.com\/es\/product\/hawaiianischer-dunst\/","title":{"rendered":"Hawaiianischer Dunst"},"content":{"rendered":"<h1>Comparar variedad Hawaiian Haze online en Dinamarca<\/h1>\n<p>Compre Hawaiian Haze Strain Online en Dinamarca. Hawaiian Haze es una cepa principalmente sativa que produce algunos efectos sativos de alta calidad. Una mezcla de <a href=\"https:\/\/www.leafly.com\/strains\/hawaiian-haze\" target=\"_blank\" rel=\"noopener\">Hawaiian und Haze Genetik<\/a>, estos cogollos ligeros y aireados te dejar\u00e1n con la cabeza en las nubes. Muchos usuarios tambi\u00e9n informan que los hace sociables y conversadores, por lo que puede ser una buena opci\u00f3n para fumar durante el d\u00eda. neblina hawaiana. Comprar hierba en l\u00ednea Europa<\/p>\n<p>El olor floral y el sabor de las frutas tropicales pueden hacerte so\u00f1ar con unas vacaciones en la isla. Estas plantas son altas y de floraci\u00f3n lenta, tardan entre 12 y 14 semanas, por lo que probablemente sean m\u00e1s adecuadas para un cultivador con algo de experiencia y paciencia.<\/p>\n<p>Una mezcla de gen\u00e9tica hawaiana y Haze, un h\u00edbrido equilibrado 50\/50, estos cogollos ligeros y aireados te dejar\u00e1n con la cabeza en las nubes.Compra diamante OG Hash<\/p>\n<p>Big Mex Magic Mushroom en l\u00ednea EE. UU.<\/p>\n<h2>Comparar variedad Hawaiian Haze online en Dinamarca<\/h2>\n<p>Espere ser muy sociable y hablador, por lo que se disfruta mejor en grupo durante el d\u00eda. compre Lemon Skittle<\/p>\n<p>El aroma floral y el sabor a frutas tropicales de Hawaiian Haze pueden hacerte so\u00f1ar con unas vacaciones en una isla. Compre tabletas de diazepam de 10 mg en l\u00ednea.<\/p>\n<p>Aparece principalmente como una variedad sativa y ofrece un asombroso nivel de THC del 26 %. comprarParallax Shop<\/p>\n<p>Hawaiian Haze ofrece una exquisita combinaci\u00f3n de sabores amaderados, tropicales y de pino que sin duda espera con ansias.comprar BROWNIE DE FUDGE DE CHOCOLATE<\/p>\n<p>Despu\u00e9s de fumar esta variedad, te sentir\u00e1s en\u00e9rgico y euf\u00f3rico al mismo tiempo. Si est\u00e1s teniendo un mal d\u00eda, Hawaiian Haze es justo lo que necesitas para volver a la normalidad.comprar helado de cereza blanca<\/p>\n<p>GARANT\u00cdA DE CALIDAD<\/p>\n<p>Nuestro objetivo es traerte la flor de cannabis de la m\u00e1s alta calidad de cultivadores cuidadosos y expertos que cuidan las plantas desde el momento en que la semilla se entierra en el suelo org\u00e1nico hasta que llega a ti. Todas nuestras flores de c\u00e1\u00f1amo CBD premium se prueban en laboratorios independientes para garantizar su legalidad. Al igual que con todos nuestros productos, en la etiqueta del empaque de cada producto se encuentra un c\u00f3digo QR que conduce directamente a nuestra p\u00e1gina de resultados de laboratorio. comprar uva CBD Vape Pen<\/p>\n<p>Comprar barritas de chocolate Mushee Magic Mushroom<\/p>","protected":false},"excerpt":{"rendered":"<p>El olor floral y el sabor a frutas tropicales de Hawaiian Haze pueden hacerte so\u00f1ar con unas vacaciones en una isla.<\/p>\n<p>Aparece principalmente como una cepa sativa, que ofrece un nivel asombroso de THC del 26%.<\/p>","protected":false},"featured_media":268,"comment_status":"open","ping_status":"closed","template":"","meta":{"om_disable_all_campaigns":false,"_monsterinsights_skip_tracking":false,"_monsterinsights_sitenote_active":false,"_monsterinsights_sitenote_note":"","_monsterinsights_sitenote_category":0},"product_brand":[],"product_cat":[126,127],"product_tag":[],"class_list":{"0":"post-267","1":"product","2":"type-product","3":"status-publish","4":"has-post-thumbnail","6":"product_cat-blumen","7":"product_cat-sativa-sorte","9":"first","10":"instock","11":"shipping-taxable","12":"purchasable","13":"product-type-variable"},"_links":{"self":[{"href":"https:\/\/caliweedonlineshop.com\/es\/wp-json\/wp\/v2\/product\/267","targetHints":{"allow":["GET"]}}],"collection":[{"href":"https:\/\/caliweedonlineshop.com\/es\/wp-json\/wp\/v2\/product"}],"about":[{"href":"https:\/\/caliweedonlineshop.com\/es\/wp-json\/wp\/v2\/types\/product"}],"replies":[{"embeddable":true,"href":"https:\/\/caliweedonlineshop.com\/es\/wp-json\/wp\/v2\/comments?post=267"}],"wp:featuredmedia":[{"embeddable":true,"href":"https:\/\/caliweedonlineshop.com\/es\/wp-json\/wp\/v2\/media\/268"}],"wp:attachment":[{"href":"https:\/\/caliweedonlineshop.com\/es\/wp-json\/wp\/v2\/media?parent=267"}],"wp:term":[{"taxonomy":"product_brand","embeddable":true,"href":"https:\/\/caliweedonlineshop.com\/es\/wp-json\/wp\/v2\/product_brand?post=267"},{"taxonomy":"product_cat","embeddable":true,"href":"https:\/\/caliweedonlineshop.com\/es\/wp-json\/wp\/v2\/product_cat?post=267"},{"taxonomy":"product_tag","embeddable":true,"href":"https:\/\/caliweedonlineshop.com\/es\/wp-json\/wp\/v2\/product_tag?post=267"}],"curies":[{"name":"wp","href":"https:\/\/api.w.org\/{rel}","templated":true}]}}