{"id":281,"date":"2023-01-12T15:43:25","date_gmt":"2023-01-12T15:43:25","guid":{"rendered":"https:\/\/caliweedonlineshop.com\/?post_type=product&#038;p=281"},"modified":"2023-01-12T15:43:25","modified_gmt":"2023-01-12T15:43:25","slug":"inselsuesses-skunk","status":"publish","type":"product","link":"https:\/\/caliweedonlineshop.com\/es\/product\/inselsuesses-skunk\/","title":{"rendered":"Insels\u00fc\u00dfes Skunk"},"content":{"rendered":"<h1>Comparar Island Sweet Skunk en Colorado Springs<\/h1>\n<p>Compra Island Sweet Skunk en Colorado Springs. Pide Island Sweet Skunk en Colorado Springs. Island Sweet Skunk, a veces llamada Sweet Island Skunk, es una variedad sativa que los consumidores disfrutan por sus efectos energ\u00e9ticos. El sabor se describe m\u00e1s f\u00e1cilmente como \"Sweet Skunk\" con sabores de frutas tropicales como protagonistas principales. El aroma afrutado se compara a menudo con el del pomelo. Criada originalmente por la Federation Seed Company en Canad\u00e1, esta variedad es descendiente de la Sweet Pink. Comprar galletas dulces de t\u00e9<\/p>\n<p>La Grapefruit y la Big Skunk #1 producen plantas altas, rectas y productivas. Algunas variedades de Island Sweet Skunk tienen niveles elevados de CBD, lo que ayuda a los pacientes a controlar la ansiedad, la inflamaci\u00f3n y los espasmos musculares. El tiempo de floraci\u00f3n es de 7 a 8 semanas y los cogollos tienen pelos de color amarillo anaranjado brillante. Comprar Galletas Pre-Rolls<\/p>\n<p>Island Sweet Skunk, a veces llamada Sweet Island Skunk, es una variedad sativa apreciada por los consumidores por sus efectos energ\u00e9ticos. El sabor se describe m\u00e1s f\u00e1cilmente como \"Sweet Skunk\" con sabores de frutas tropicales como protagonistas principales. El aroma afrutado se compara a menudo con el del pomelo. Creada originalmente por Federation Seed Company en Canad\u00e1, esta variedad es descendiente de Sweet Pink Grapefruit y Big Skunk #1 y crece hasta convertirse en plantas altas, rectas y de gran rendimiento. Algunas variedades de Island Sweet Skunk tienen niveles elevados de CBD, lo que ayuda a los pacientes a controlar la ansiedad, la inflamaci\u00f3n y los espasmos musculares. El tiempo de floraci\u00f3n es de 7 a 8 semanas y los cogollos tienen pelos de color amarillo anaranjado brillante.<\/p>\n<h2>Comparar Island Sweet Skunk en Colorado Springs<\/h2>\n<p>Compra Island Sweet Skunk en Colorado Springs. pide Island Sweet Skunk en Colorado Springs. Island Sweet Skunk es una cepa h\u00edbrida de dominancia sativa originaria de la isla de Vancouver, Columbia Brit\u00e1nica. Obtiene su nombre de su aroma claramente dulce pero skunk, que tambi\u00e9n es sin\u00f3nimo de su sabor.comprar Mimosa<\/p>\n<p>Fue desarrollada por Federation Seeds en Canad\u00e1 a partir de las variedades parentales Sweet Pink Grapefruit y Big Skunk #1. Ella tambi\u00e9n ofrece notas arom\u00e1ticas de los tr\u00f3picos y gan\u00f3 un premio canadiense en la High Times Cannabis Cup. Island Sweet Skunk a veces tambi\u00e9n se llama Lemon Sweet Skunk, Grape Island Skunk, Lime Skunk Strain o Isla OG.<\/p>\n<p>Puede comprar Island Sweet Skunk en l\u00ednea en Pacific Grass, uno de los principales dispensarios de marihuana medicinal en l\u00ednea de Canad\u00e1. Esta variedad tiene cogollos enormes, densos y escarchados que son de un verde intenso brillante salpicado de columnas de color \u00f3xido. Compre tabletas de diazepam de 10 mg en l\u00ednea.<\/p>\n<p>Es conocida por tener un efecto estimulante, como cabr\u00eda esperar de una variedad sativa dominante. Comienza con un subid\u00f3n animado y edificante que es seguido inmediatamente por un suave subid\u00f3n corporal. Tambi\u00e9n produce un subid\u00f3n cerebral que eleva el estado de \u00e1nimo e induce sentimientos de felicidad y euforia. Comprar Purple Og Kush<\/p>\n<p>Island Sweet Skunk es el tipo de cepa que puede ayudarte a concentrarte en el trabajo cuando tienes algo de lo que realmente necesitas ocuparte. Es una droga diurna eficaz que aumenta la energ\u00eda y la creatividad mientras<\/p>","protected":false},"excerpt":{"rendered":"<p>Island Sweet Skunk, a veces llamada Sweet Island Skunk, es una variedad sativa apreciada por los consumidores por sus efectos energ\u00e9ticos. El sabor se describe m\u00e1s f\u00e1cilmente como \"Sweet Skunk\" con sabores de frutas tropicales como protagonistas principales.<\/p>\n<p>&nbsp;<\/p>","protected":false},"featured_media":282,"comment_status":"open","ping_status":"closed","template":"","meta":{"om_disable_all_campaigns":false,"_monsterinsights_skip_tracking":false,"_monsterinsights_sitenote_active":false,"_monsterinsights_sitenote_note":"","_monsterinsights_sitenote_category":0},"product_brand":[],"product_cat":[126,127],"product_tag":[153,145,154],"class_list":{"0":"post-281","1":"product","2":"type-product","3":"status-publish","4":"has-post-thumbnail","6":"product_cat-blumen","7":"product_cat-sativa-sorte","8":"product_tag-buy-cherry-pie-online-in-arklohaham","9":"product_tag-buy-grapefruit-online-in-las-vegas","10":"product_tag-buy-hawaiian-haze-online-in-florida","12":"first","13":"instock","14":"shipping-taxable","15":"purchasable","16":"product-type-variable"},"_links":{"self":[{"href":"https:\/\/caliweedonlineshop.com\/es\/wp-json\/wp\/v2\/product\/281","targetHints":{"allow":["GET"]}}],"collection":[{"href":"https:\/\/caliweedonlineshop.com\/es\/wp-json\/wp\/v2\/product"}],"about":[{"href":"https:\/\/caliweedonlineshop.com\/es\/wp-json\/wp\/v2\/types\/product"}],"replies":[{"embeddable":true,"href":"https:\/\/caliweedonlineshop.com\/es\/wp-json\/wp\/v2\/comments?post=281"}],"wp:featuredmedia":[{"embeddable":true,"href":"https:\/\/caliweedonlineshop.com\/es\/wp-json\/wp\/v2\/media\/282"}],"wp:attachment":[{"href":"https:\/\/caliweedonlineshop.com\/es\/wp-json\/wp\/v2\/media?parent=281"}],"wp:term":[{"taxonomy":"product_brand","embeddable":true,"href":"https:\/\/caliweedonlineshop.com\/es\/wp-json\/wp\/v2\/product_brand?post=281"},{"taxonomy":"product_cat","embeddable":true,"href":"https:\/\/caliweedonlineshop.com\/es\/wp-json\/wp\/v2\/product_cat?post=281"},{"taxonomy":"product_tag","embeddable":true,"href":"https:\/\/caliweedonlineshop.com\/es\/wp-json\/wp\/v2\/product_tag?post=281"}],"curies":[{"name":"wp","href":"https:\/\/api.w.org\/{rel}","templated":true}]}}