{"id":287,"date":"2023-01-12T15:55:04","date_gmt":"2023-01-12T15:55:04","guid":{"rendered":"https:\/\/caliweedonlineshop.com\/?post_type=product&#038;p=287"},"modified":"2023-01-12T15:55:04","modified_gmt":"2023-01-12T15:55:04","slug":"jack-herer","status":"publish","type":"product","link":"https:\/\/caliweedonlineshop.com\/es\/product\/jack-herer\/","title":{"rendered":"Jack Herer"},"content":{"rendered":"<h1>Jack Herer online in Europa kaufen<\/h1>\n<p>Compre Jack Herer en l\u00ednea en Europa. Jack Herer es una variedad de cannabis con dominancia sativa que se ha vuelto tan conocida como su hom\u00f3nimo, el activista de la marihuana y autor de The <a href=\"https:\/\/en.wikipedia.org\/wiki\/The_Emperor_Wears_No_Clothes\" target=\"_blank\" rel=\"noopener\">Emperor Wears No Clothes<\/a>. Al combinar uno <a href=\"https:\/\/www.leafly.com\/strains\/haze\" target=\"_blank\" rel=\"noopener\">Haze-Hybriden<\/a> mit einer <a href=\"https:\/\/www.ilovegrowingmarijuana.com\/strains\/northern-lights-no-5\/\" target=\"_blank\" rel=\"noopener\">Northern Lights #5<\/a> und einer <a href=\"https:\/\/www.wikileaf.com\/strain\/shiva-skunk\/\" target=\"_blank\" rel=\"noopener\">Shiva Skunk<\/a>El h\u00edbrido cre\u00f3 la Jack Herer de Sensi Seeds con la esperanza de lograr un subid\u00f3n cerebral y una gran producci\u00f3n de resina. Su rica base gen\u00e9tica da como resultado diferentes variaciones de Jack Herer, y cada fenotipo tiene sus propios rasgos y efectos \u00fanicos. Sin embargo, los usuarios suelen describir este h\u00edbrido 55% sativa como maravilloso, l\u00facido y creativo. Compra hierba de alta calidad online en Europa<\/p>\n<p>La Jack Herer se desarroll\u00f3 en los Pa\u00edses Bajos a mediados de la d\u00e9cada de 1990, donde m\u00e1s tarde las farmacias holandesas la distribuyeron como una cepa medicinal reconocida. Desde entonces, esta cepa especiada con aroma a pino ha ganado numerosos premios por su calidad y potencia. Muchos criadores han intentado criar ellos mismos esta cepa principal en climas soleados o mediterr\u00e1neos. Los cultivadores de interior deben esperar entre 50 y 70 d\u00edas para que la Jack Herer florezca. Comprar Candy Jack<\/p>\n<p>&nbsp;<\/p>\n<p>La variedad Jack Herer es una de las m\u00e1s conocidas en Norteam\u00e9rica. ElsativaObtuvo su nombre de Jack Herer, el autor de El emperador no lleva ropa. As\u00ed que se comprom\u00e9tase con la difusi\u00f3n de informaci\u00f3n pro-cannabis bien conocida. Debe considerarse entre los precursores de la legalizaci\u00f3n. Comparar Mango Haze <a href=\"https:\/\/www.wikileaf.com\/strain\/shiva-skunk\/\" target=\"_blank\" rel=\"noopener\">Sativa<\/a> Obtuvo su nombre de Jack Herer, el autor de El emperador no lleva ropa. As\u00ed que comprom\u00e9tase con la difusi\u00f3n de informaci\u00f3n pro-cannabis bien conocida. Est\u00e1 considerado entre los precursores de la legalizaci\u00f3n. Comparar Mango Haze<\/p>\n<p>Gracias a Sensi Seeds, la leyenda de Jack Herer sigue viva en los hogares de millones de personas. comprar gato<\/p>\n<p>Frosties Cookies descendencia de Northern Lights #5 y Shiva Skunk. Comprar auroras boreales<\/p>\n<p>&nbsp;<\/p>\n<p>estetica<\/p>\n<p>La mayor\u00eda conoce a Jack Herer por su impacto, pero su apariencia no es diferente. Sus densos cogollos est\u00e1n repletos de tricomas, lo que la convierte en una planta pegajosa. Recomendamos usar guantes al romper o recortar. Comprar Galletas del Chapo<\/p>\n<p>Si quieres a\u00f1adir una cepa galardonada a tu repertorio, no busques m\u00e1s. La lista de trofeos de Jack Herer es impresionante. Actualmente posee 9 Cannabis Cup Championships e innumerables otros premios locales de todo el mundo. Comprar guijarros afrutados<\/p>\n<p>Con su variedad celestial de aromas y sabores c\u00edtricos, \u00bfc\u00f3mo podr\u00eda no ganar premios como este? Para colmo, fumar Jack Herer produce un regusto a pino que me recuerda a los frondosos bosques del noroeste del Pac\u00edfico. Los reci\u00e9n llegados disfrutar\u00e1n del humo suave que es f\u00e1cil para la garganta. Comprar Garrison Lane<\/p>\n<h2>Compre Jack Herer en l\u00ednea en Europa<\/h2>\n<p>Jack Here Efectos + Beneficios<\/p>\n<p>Una vez consumido, el efecto se activa de inmediato. Comienza un ligero zumbido en la cabeza, tonificando los sentidos y liberando toneladas de endorfinas. A medida que el subid\u00f3n progresa, el subid\u00f3n se mueve hacia el cuerpo. No tanto como para decapitar al usuario, pero lo suficiente para que se sienta relajado y ligero. Comprar Sour Diesel<\/p>\n<p>Los efectos creativos de Jack son insuperables. Desde el momento en que el humo toca la lengua hasta el momento en que el perfil de cannabinoides entra en el torrente sangu\u00edneo, tiene lugar un despertar art\u00edstico. Entrar en un estado de enfoque en el arte, la m\u00fasica, la escritura y otras artesan\u00edas es perfecto. La actividad cerebral incluye una sensaci\u00f3n mundana de asombro que lleva al usuario a cuestionar su existencia. comprar un pastel de cereza<\/p>\n<p>Advertencia: si tus amigos no quieren escuchar tus profundos pensamientos sobre Jack Herer, \u00a1es hora de hacer nuevos amigos! Big Mex Magic Mushroom en l\u00ednea EE. UU.<\/p>\n<p>Es broma pero te hace muy hablador y sociable. Esto hace que esta cepa sea una excelente compa\u00f1era para las interacciones sociales. La conversaci\u00f3n se convierte en una brisa y presentarse a nuevas personas es divertido. Comprar Galleta Super Og<\/p>\n<p>No solo las cualidades creativas y sociales hacen que esta cepa sea muy especial, sino que la euforia que induce ayuda a quienes sufren de depresi\u00f3n. Convierte la tristeza en flor, la tristeza en alegr\u00eda. Comprar Skittle de lim\u00f3n<\/p>\n<p>No hace falta decir que Jack Herer es una excelente opci\u00f3n para la medicaci\u00f3n diurna. Unas pocas caladas y es un zumbido de fondo, pero incluso en grandes cantidades, los efectos energizantes permiten a los usuarios continuar con sus vidas. Compre Jack Herer en l\u00ednea en Europa Compre Member Berry.<\/p>","protected":false},"excerpt":{"rendered":"<p>Jack Herer es una variedad de cannabis con dominancia sativa que se ha vuelto tan conocida como su hom\u00f3nimo, el activista de la marihuana y autor de The Emperor Wears No Clothes.<\/p>\n<p>&nbsp;<\/p>","protected":false},"featured_media":288,"comment_status":"open","ping_status":"closed","template":"","meta":{"om_disable_all_campaigns":false,"_monsterinsights_skip_tracking":false,"_monsterinsights_sitenote_active":false,"_monsterinsights_sitenote_note":"","_monsterinsights_sitenote_category":0},"product_brand":[],"product_cat":[126,127],"product_tag":[155,156,157,158,159],"class_list":{"0":"post-287","1":"product","2":"type-product","3":"status-publish","4":"has-post-thumbnail","6":"product_cat-blumen","7":"product_cat-sativa-sorte","8":"product_tag-buy-jack-herer-online-in-chicago","9":"product_tag-buy-jack-herer-online-in-colorado","10":"product_tag-buy-jack-herer-online-in-houston","11":"product_tag-buy-jack-herer-online-in-los-angeles","12":"product_tag-buy-jack-herer-online-in-usa","14":"first","15":"instock","16":"shipping-taxable","17":"purchasable","18":"product-type-variable"},"_links":{"self":[{"href":"https:\/\/caliweedonlineshop.com\/es\/wp-json\/wp\/v2\/product\/287","targetHints":{"allow":["GET"]}}],"collection":[{"href":"https:\/\/caliweedonlineshop.com\/es\/wp-json\/wp\/v2\/product"}],"about":[{"href":"https:\/\/caliweedonlineshop.com\/es\/wp-json\/wp\/v2\/types\/product"}],"replies":[{"embeddable":true,"href":"https:\/\/caliweedonlineshop.com\/es\/wp-json\/wp\/v2\/comments?post=287"}],"wp:featuredmedia":[{"embeddable":true,"href":"https:\/\/caliweedonlineshop.com\/es\/wp-json\/wp\/v2\/media\/288"}],"wp:attachment":[{"href":"https:\/\/caliweedonlineshop.com\/es\/wp-json\/wp\/v2\/media?parent=287"}],"wp:term":[{"taxonomy":"product_brand","embeddable":true,"href":"https:\/\/caliweedonlineshop.com\/es\/wp-json\/wp\/v2\/product_brand?post=287"},{"taxonomy":"product_cat","embeddable":true,"href":"https:\/\/caliweedonlineshop.com\/es\/wp-json\/wp\/v2\/product_cat?post=287"},{"taxonomy":"product_tag","embeddable":true,"href":"https:\/\/caliweedonlineshop.com\/es\/wp-json\/wp\/v2\/product_tag?post=287"}],"curies":[{"name":"wp","href":"https:\/\/api.w.org\/{rel}","templated":true}]}}