{"id":293,"date":"2023-01-12T18:07:50","date_gmt":"2023-01-12T18:07:50","guid":{"rendered":"https:\/\/caliweedonlineshop.com\/?post_type=product&#038;p=293"},"modified":"2023-01-12T18:07:50","modified_gmt":"2023-01-12T18:07:50","slug":"zitronenkuchen","status":"publish","type":"product","link":"https:\/\/caliweedonlineshop.com\/es\/product\/zitronenkuchen\/","title":{"rendered":"Zitronenkuchen"},"content":{"rendered":"<h1>Comprar bizcocho de lim\u00f3n online en Europa<\/h1>\n<p>Compre Lemon Cake en l\u00ednea en Europa. Lemon Cake de Heavyweight Seeds es una potente variedad de dominancia sativa con aromas dulces y almizclados. Tambi\u00e9n conocido como Lemon Cheesecake, Lemon Cake es un cruce entre Lemon Skunk y un \"queso peligrosamente fuerte\", seg\u00fan HS. Con un per\u00edodo de floraci\u00f3n de nueve a diez semanas, una morfolog\u00eda achaparrada y rendimientos abundantes, la Lemon Cake es f\u00e1cil de cultivar.<\/p>\n<p>especialmente para aquellos al aire libre. Esta cepa emana un aroma c\u00edtrico penetrante con un trasfondo almizclado de queso. Heavyweight Seeds recomienda consumir esta variedad para combatir el estr\u00e9s, la falta de apetito y las dolencias f\u00edsicas leves a menta.<\/p>\n<p>Lemon Cake Cannabis es una variedad h\u00edbrida creada originalmente por Heavyweight Seeds. Es hija de dos cepas progenitoras famosas: Lemon Skunk y Cheese, de ah\u00ed su nombre completo Lemon Cheesecake. Producida por Elite para garantizar la calidad de grado m\u00e9dico, cada bolsa sellada que recibe contiene algunas de las mejores y m\u00e1s fuertes hierbas de California. Sorprendentemente, Lemon Cake cuenta con niveles de THC incre\u00edblemente altos.<\/p>\n<h2>Comprar Lemon Cake online en Europa<\/h2>\n<p>El efecto es inmediato. Al principio sentir\u00e1s un fuerte subid\u00f3n sativa que dura un tiempo antes de relajar todo tu cuerpo y adormecerte en un sue\u00f1o reparador. Esta es una cepa potente, contundente y duradera conocida por su subid\u00f3n en\u00e9rgico y activo. A pesar de su idoneidad para el uso diurno, es una variedad incre\u00edblemente potente. Trate de evitar operar maquinaria pesada o meterse en problemas. Comprar tabletas de diazepam 10 mg en l\u00ednea<\/p>\n<p>Para los pacientes, Lemon Cake es una variedad valiosa. Tiene un alto contenido de terpenos, flavonoides y otros cannabinoides, no solo de THC y CBD. Las personas usan estos brotes para aliviar la ansiedad, la depresi\u00f3n, la fatiga, el estr\u00e9s, el dolor cr\u00f3nico, las n\u00e1useas, los dolores de cabeza, los espasmos musculares, la espasticidad, los v\u00f3mitos, la p\u00e9rdida de apetito y m\u00e1s. Es antiinflamatorio, anticancer\u00edgeno, antioxidante, ansiol\u00edtico, analg\u00e9sico, antiem\u00e9tico y todo lo dem\u00e1s. Big Mex Magic Mushroom en l\u00ednea EE. UU.<\/p>\n<p>Lemon Cake no discrimina a nadie. Tanto los consumidores medicinales como los recreativos adoran estos cogollos de Elite. Son deliciosamente c\u00edtricas, incre\u00edblemente potentes, agradablemente energizantes e ideales para usar durante el d\u00eda BROWNIE DE MENTA CON INFUSI\u00d3N DE CANNABIS.<\/p>\n<p>THC: 25,66%.<\/p>","protected":false},"excerpt":{"rendered":"<p>Lemon Cake de Heavyweight Seeds es una variedad potente, de dominancia sativa, con aromas dulces y almizclados. Tambi\u00e9n conocido como Lemon Cheesecake, Lemon Cake es un cruce entre Lemon Skunk y un \"queso peligrosamente fuerte\", seg\u00fan HS.<\/p>\n<p>&nbsp;<\/p>","protected":false},"featured_media":294,"comment_status":"open","ping_status":"closed","template":"","meta":{"om_disable_all_campaigns":false,"_monsterinsights_skip_tracking":false,"_monsterinsights_sitenote_active":false,"_monsterinsights_sitenote_note":"","_monsterinsights_sitenote_category":0},"product_brand":[],"product_cat":[126,127],"product_tag":[],"class_list":{"0":"post-293","1":"product","2":"type-product","3":"status-publish","4":"has-post-thumbnail","6":"product_cat-blumen","7":"product_cat-sativa-sorte","9":"first","10":"instock","11":"shipping-taxable","12":"purchasable","13":"product-type-variable"},"_links":{"self":[{"href":"https:\/\/caliweedonlineshop.com\/es\/wp-json\/wp\/v2\/product\/293","targetHints":{"allow":["GET"]}}],"collection":[{"href":"https:\/\/caliweedonlineshop.com\/es\/wp-json\/wp\/v2\/product"}],"about":[{"href":"https:\/\/caliweedonlineshop.com\/es\/wp-json\/wp\/v2\/types\/product"}],"replies":[{"embeddable":true,"href":"https:\/\/caliweedonlineshop.com\/es\/wp-json\/wp\/v2\/comments?post=293"}],"wp:featuredmedia":[{"embeddable":true,"href":"https:\/\/caliweedonlineshop.com\/es\/wp-json\/wp\/v2\/media\/294"}],"wp:attachment":[{"href":"https:\/\/caliweedonlineshop.com\/es\/wp-json\/wp\/v2\/media?parent=293"}],"wp:term":[{"taxonomy":"product_brand","embeddable":true,"href":"https:\/\/caliweedonlineshop.com\/es\/wp-json\/wp\/v2\/product_brand?post=293"},{"taxonomy":"product_cat","embeddable":true,"href":"https:\/\/caliweedonlineshop.com\/es\/wp-json\/wp\/v2\/product_cat?post=293"},{"taxonomy":"product_tag","embeddable":true,"href":"https:\/\/caliweedonlineshop.com\/es\/wp-json\/wp\/v2\/product_tag?post=293"}],"curies":[{"name":"wp","href":"https:\/\/api.w.org\/{rel}","templated":true}]}}