{"id":305,"date":"2023-01-12T18:19:44","date_gmt":"2023-01-12T18:19:44","guid":{"rendered":"https:\/\/caliweedonlineshop.com\/?post_type=product&#038;p=305"},"modified":"2023-01-12T18:19:45","modified_gmt":"2023-01-12T18:19:45","slug":"maui-wowie","status":"publish","type":"product","link":"https:\/\/caliweedonlineshop.com\/es\/product\/maui-wowie\/","title":{"rendered":"Maui wowie"},"content":{"rendered":"<h1>Comprar Maui Wowie online en Albania<\/h1>\n<p>Comprar Maui Wowie en l\u00ednea en Albania. Maui Wowie (no Maui Waui) es un cl\u00e1sico <a href=\"https:\/\/caliweedonlineshop.com\/index.php\/product-category\/blumen\/sativa-sorte\/\">Sativa<\/a>, cuyos sabores tropicales y propiedades antiestr\u00e9s te transportar\u00e1n directamente a las costas de Haw\u00e1i, donde se origin\u00f3 esta cepa. Desde sus comienzos en el suelo volc\u00e1nico de la isla, Maui Wowie se ha extendido por todo el mundo para bendecirnos con sus dulces sabores a pi\u00f1a y su euforia de gran energ\u00eda. El subid\u00f3n ligero llevar\u00e1 tu mente a escapes creativos, mientras que el subid\u00f3n activo y motivador de Maui Wowie es todo lo que necesitas para salir y disfrutar del sol. Esta variedad alta y larguirucha se adapta mejor al cultivo en climas c\u00e1lidos y tropicales que reflejan su hogar nativo, pero un entorno ligero y un suelo rico en nutrientes suelen ser suficientes para el cultivo de interior.<\/p>\n<h2>Comprar Maui Wowie online en Albania<\/h2>\n<p>Maui Wowie es una variedad predominantemente sativa que se encuentra principalmente en las islas hawaianas. Los cogollos de esta variedad est\u00e1n cubiertos de hermosos cristales que la hacen lucir muy atractiva para los pacientes y consumidores de cannabis. En cuanto al olor, notar\u00e1s toques de pino junto con c\u00edtricos y lavanda. La variedad tambi\u00e9n sabe a hach\u00eds fresco. Adem\u00e1s, el Maui Wowie tambi\u00e9n es muy efectivo contra diversas dolencias m\u00e9dicas como el estr\u00e9s, el dolor cr\u00f3nico y la depresi\u00f3n. Tampoco hay duda de que la variedad te dejar\u00e1 relajado y lleno de energ\u00eda. Big Mex Magic Mushroom en l\u00ednea EE. UU.<\/p>\n<p>Compra Maui Wowie en l\u00ednea, la cepa ofrece una euforia de alto nivel junto con sabores de pi\u00f1a que llevar\u00e1n tu mente a espacios creativos. Su efecto es todo lo que necesitar\u00e1s para salir y mantenerte activo durante todo el d\u00eda, lo que la convierte en una excelente opci\u00f3n para fumar durante el d\u00eda y la ma\u00f1ana. Comprar Hongos M\u00e1gicos Cubanos online<\/p>\n<p>El subid\u00f3n es bastante diferente, ya que hace que tu cuerpo se ponga a tope y de buen humor. Adem\u00e1s, tambi\u00e9n notar\u00e1s un aumento en el enfoque y la concentraci\u00f3n sin sentirte raro o inc\u00f3modo como lo hacen otras variedades de cannabis. carril de la guarnici\u00f3n<\/p>","protected":false},"excerpt":{"rendered":"<p>Maui Wowie (no Maui Waui) es una sativa cl\u00e1sica cuyos sabores tropicales y propiedades para aliviar el estr\u00e9s te transportar\u00e1n directamente a las costas de Haw\u00e1i, donde se origin\u00f3 esta cepa. Desde sus inicios en el suelo volc\u00e1nico de la isla.<\/p>\n<p>&nbsp;<\/p>","protected":false},"featured_media":306,"comment_status":"open","ping_status":"closed","template":"","meta":{"om_disable_all_campaigns":false,"_monsterinsights_skip_tracking":false,"_monsterinsights_sitenote_active":false,"_monsterinsights_sitenote_note":"","_monsterinsights_sitenote_category":0},"product_brand":[],"product_cat":[126,127],"product_tag":[165,166,167,168],"class_list":{"0":"post-305","1":"product","2":"type-product","3":"status-publish","4":"has-post-thumbnail","6":"product_cat-blumen","7":"product_cat-sativa-sorte","8":"product_tag-buy-maui-wowie-online-europe","9":"product_tag-buy-maui-wowie-online-in-australia","10":"product_tag-buy-maui-wowie-online-in-uk","11":"product_tag-buy-maui-wowie-online-in-usa","13":"first","14":"instock","15":"shipping-taxable","16":"purchasable","17":"product-type-variable"},"_links":{"self":[{"href":"https:\/\/caliweedonlineshop.com\/es\/wp-json\/wp\/v2\/product\/305","targetHints":{"allow":["GET"]}}],"collection":[{"href":"https:\/\/caliweedonlineshop.com\/es\/wp-json\/wp\/v2\/product"}],"about":[{"href":"https:\/\/caliweedonlineshop.com\/es\/wp-json\/wp\/v2\/types\/product"}],"replies":[{"embeddable":true,"href":"https:\/\/caliweedonlineshop.com\/es\/wp-json\/wp\/v2\/comments?post=305"}],"wp:featuredmedia":[{"embeddable":true,"href":"https:\/\/caliweedonlineshop.com\/es\/wp-json\/wp\/v2\/media\/306"}],"wp:attachment":[{"href":"https:\/\/caliweedonlineshop.com\/es\/wp-json\/wp\/v2\/media?parent=305"}],"wp:term":[{"taxonomy":"product_brand","embeddable":true,"href":"https:\/\/caliweedonlineshop.com\/es\/wp-json\/wp\/v2\/product_brand?post=305"},{"taxonomy":"product_cat","embeddable":true,"href":"https:\/\/caliweedonlineshop.com\/es\/wp-json\/wp\/v2\/product_cat?post=305"},{"taxonomy":"product_tag","embeddable":true,"href":"https:\/\/caliweedonlineshop.com\/es\/wp-json\/wp\/v2\/product_tag?post=305"}],"curies":[{"name":"wp","href":"https:\/\/api.w.org\/{rel}","templated":true}]}}