{"id":317,"date":"2023-01-12T18:32:16","date_gmt":"2023-01-12T18:32:16","guid":{"rendered":"https:\/\/caliweedonlineshop.com\/?post_type=product&#038;p=317"},"modified":"2023-01-12T18:32:16","modified_gmt":"2023-01-12T18:32:16","slug":"sour-jack","status":"publish","type":"product","link":"https:\/\/caliweedonlineshop.com\/es\/product\/sour-jack\/","title":{"rendered":"Sour Jack"},"content":{"rendered":"<h1>Comprar Sour Jack Strain online Suecia<\/h1>\n<p>Comprar Sour Jack Strain Online Suecia. Pide Sour Jack en Elmer City. Sour Jack, la mitad <a href=\"https:\/\/www.leafly.com\/strains\/sour-diesel\" target=\"_blank\" rel=\"noopener\">Sour Diesel<\/a> y medio <a href=\"https:\/\/en.wikipedia.org\/wiki\/Jack_Herer\" target=\"_blank\" rel=\"noopener\">Jack Herer<\/a>, toma su nombre de sus padres. Ha desarrollado una s\u00f3lida reputaci\u00f3n y se caracteriza por un aroma intenso y un efecto cerebral profundo. Despu\u00e9s de combinar los dos <a href=\"https:\/\/caliweedonlineshop.com\/index.php\/product-category\/blumen\/sativa-sorte\/\">Sativa<\/a>-variedades dominantes, obtenemos una incre\u00edble combinaci\u00f3n de aromas tropicales y dulces mezclados con tonos picantes de c\u00edtricos y diesel. El efecto edificante puede proporcionar una chispa de energ\u00eda y minimizar la fatiga f\u00edsica. Sour Jack es una gran variedad para combatir la depresi\u00f3n y ayudarte a mantenerte activo.<\/p>","protected":false},"excerpt":{"rendered":"<p>Mitad Sour Diesel y mitad Jack Herer, Sour Jack toma su nombre de sus padres. Se ha forjado una s\u00f3lida reputaci\u00f3n, con un aroma intenso y un efecto cerebral profundo.<\/p>","protected":false},"featured_media":318,"comment_status":"open","ping_status":"closed","template":"","meta":{"om_disable_all_campaigns":false,"_monsterinsights_skip_tracking":false,"_monsterinsights_sitenote_active":false,"_monsterinsights_sitenote_note":"","_monsterinsights_sitenote_category":0},"product_brand":[],"product_cat":[126,127],"product_tag":[153,147,173,174,175,176,177],"class_list":{"0":"post-317","1":"product","2":"type-product","3":"status-publish","4":"has-post-thumbnail","6":"product_cat-blumen","7":"product_cat-sativa-sorte","8":"product_tag-buy-cherry-pie-online-in-arklohaham","9":"product_tag-buy-grapefruit-online-in-new-york","10":"product_tag-buy-sour-jack-strain-online","11":"product_tag-buy-sour-jack-strain-online-europe","12":"product_tag-buy-sour-jack-strain-online-france","13":"product_tag-buy-sour-jack-strain-online-germany","14":"product_tag-buy-sour-jack-strain-online-sweden","16":"first","17":"instock","18":"shipping-taxable","19":"purchasable","20":"product-type-variable"},"_links":{"self":[{"href":"https:\/\/caliweedonlineshop.com\/es\/wp-json\/wp\/v2\/product\/317","targetHints":{"allow":["GET"]}}],"collection":[{"href":"https:\/\/caliweedonlineshop.com\/es\/wp-json\/wp\/v2\/product"}],"about":[{"href":"https:\/\/caliweedonlineshop.com\/es\/wp-json\/wp\/v2\/types\/product"}],"replies":[{"embeddable":true,"href":"https:\/\/caliweedonlineshop.com\/es\/wp-json\/wp\/v2\/comments?post=317"}],"wp:featuredmedia":[{"embeddable":true,"href":"https:\/\/caliweedonlineshop.com\/es\/wp-json\/wp\/v2\/media\/318"}],"wp:attachment":[{"href":"https:\/\/caliweedonlineshop.com\/es\/wp-json\/wp\/v2\/media?parent=317"}],"wp:term":[{"taxonomy":"product_brand","embeddable":true,"href":"https:\/\/caliweedonlineshop.com\/es\/wp-json\/wp\/v2\/product_brand?post=317"},{"taxonomy":"product_cat","embeddable":true,"href":"https:\/\/caliweedonlineshop.com\/es\/wp-json\/wp\/v2\/product_cat?post=317"},{"taxonomy":"product_tag","embeddable":true,"href":"https:\/\/caliweedonlineshop.com\/es\/wp-json\/wp\/v2\/product_tag?post=317"}],"curies":[{"name":"wp","href":"https:\/\/api.w.org\/{rel}","templated":true}]}}