{"id":335,"date":"2023-01-12T18:54:26","date_gmt":"2023-01-12T18:54:26","guid":{"rendered":"https:\/\/caliweedonlineshop.com\/?post_type=product&#038;p=335"},"modified":"2023-01-12T18:54:26","modified_gmt":"2023-01-12T18:54:26","slug":"super-sour-diesel","status":"publish","type":"product","link":"https:\/\/caliweedonlineshop.com\/es\/product\/super-sour-diesel\/","title":{"rendered":"Super Sour Diesel"},"content":{"rendered":"<h1>Comprar Super Sour Diesel online en Alemania<\/h1>\n<p>Compre Super Sour Diesel en l\u00ednea en Alemania. Siguiendo a sus populares padres, Super Sour Diesel es incre\u00edble. <a href=\"https:\/\/caliweedonlineshop.com\/index.php\/product-category\/blumen\/sativa-sorte\/\">Sativa<\/a>. Un potente cruce entre <a href=\"https:\/\/www.leafly.com\/strains\/super-silver-haze\" target=\"_blank\" rel=\"noopener\">Super Silver Haze<\/a> und <a href=\"https:\/\/en.wikipedia.org\/wiki\/Sour_Diesel\" target=\"_blank\" rel=\"noopener\">Sour Diesel<\/a>. Super Sour Diesel elimina el estr\u00e9s y el dolor mientras promueve la creatividad y la euforia. Super Sour Diesel es energizante, por lo que es excelente para usar durante el d\u00eda. Sin embargo, los nuevos usuarios deben tener cuidado al probar esta variedad. La Super Sour Diesel tiene un fuerte subid\u00f3n cerebral que puede ser abrumador para los novatos en MMJ. Los usuarios experimentados se sorprender\u00e1n con los efectos introspectivos de esta cepa. Sociable y divertida, los efectos de esta variedad se notan desde la primera prueba. El penetrante aroma a combustible de la Super Sour Diesel habla de la fuerza pura de esta cepa. comprar Golden Pineapple Credible Sativa. La Super Sour Diesel es un potente cruce entre la Super Silver Haze y la Sour Diesel. Ahuyenta el estr\u00e9s y el dolor y al mismo tiempo fomenta la creatividad y la euforia. En su forma verdaderamente sativa, la Super Sour Diesel proporciona energ\u00eda, por lo que es apta para el uso diurno. Compra online marihuana de primera calidad. Sin embargo, los nuevos usuarios deben tener cuidado al probar esta variedad. La Super Sour Diesel produce fuertes efectos cerebrales que pueden ser abrumadores para los novatos en MMJ. Los usuarios experimentados se sorprender\u00e1n con los efectos introspectivos de esta cepa. Sociable y divertida, los efectos de esta variedad se notan desde la primera prueba. El penetrante aroma a combustible de la Super Sour Diesel habla de la fuerza pura de esta cepa. comprarHach\u00eds rubio liban\u00e9s cuando pruebes esta variedad. La Super Sour Diesel produce fuertes efectos cerebrales que pueden ser abrumadores para los novatos en MMJ. Los usuarios experimentados se sorprender\u00e1n con los efectos introspectivos de esta variedad. Sociable y divertida, los efectos de esta variedad se notan desde la primera prueba. El penetrante aroma a combustible de la Super Sour Diesel habla de la fuerza pura de esta cepa. comprarHach\u00eds rubio liban\u00e9s cuando pruebes esta cepa. La Super Sour Diesel produce fuertes efectos cerebrales que pueden ser abrumadores para los novatos en MMJ. Los usuarios experimentados se sorprender\u00e1n con los efectos introspectivos de esta variedad. Sociable y divertida, los efectos de esta variedad se notan desde la primera prueba. El penetrante aroma a combustible de la Super Sour Diesel habla de la fuerza pura de esta cepa. comprarHach\u00eds rubio liban\u00e9s<\/p>\n<h2>Comprar Super Sour Diesel online en Alemania<\/h2>\n<p>Sativa THC: 18% &#8211; 24%. Kubanische Magic Mushrooms online kaufen<\/p>\n<p>Super Sour Diesel, muchos miembros de la <a href=\"https:\/\/caliweedonlineshop.com\/es\/\">Cannabis<\/a>-La comunidad tambi\u00e9n conocida como \"Super Silver Sour Diesel\" es una cepa sativa 100% pura que es un potente cruce entre las enormemente populares cepas Super Silver Haze X Sour Diesel. Este impresionante cogollo tiene niveles de THC moderadamente altos con un promedio de 18-24% y fuertes efectos sativa. Los usuarios describen que la Super Sour Diesel tiene un subid\u00f3n incre\u00edblemente fuerte, casi hasta el punto de ser abrumador. Uno se siente intensamente feliz y exaltado, pero tambi\u00e9n confuso y f\u00e1cilmente distra\u00eddo. Comprar Grape CBD Vape Pen<\/p>\n<h3>\u00bfC\u00d3MO TE HACE SENTIR ESTA VARIEDAD?<\/h3>\n<p>Aunque la Super Sour Diesel es un poco distante, deja una sensaci\u00f3n de relajaci\u00f3n y creatividad, con tendencia a una ligera ansiedad cuando se fuma demasiado a la vez. Estos potentes efectos hacen de la Super Sour Diesel una cepa ideal para el tratamiento de pacientes que sufren estr\u00e9s cr\u00f3nico, depresi\u00f3n, dolor cr\u00f3nico y fatiga. Super Sour Diesel tiene un aroma acre a diesel con un matiz terroso y un sabor a diesel con un regusto qu\u00edmico agrio al exhalar. Los cogollos de Super Sour Diesel tienen cogollos largos, picantes, de color verde ne\u00f3n con manchas y hojas de color verde menta. Estos cogollos est\u00e1n salpicados de escasos pelos de color naranja intenso y recubiertos de una gruesa capa de resina y tricomas de color blanco cristalino.<\/p>","protected":false},"excerpt":{"rendered":"<p>Super Sour Diesel, tambi\u00e9n conocida como \"Super Silver Sour Diesel\" por muchos miembros de la comunidad cann\u00e1bica, es una variedad sativa 100% pura que es un potente cruce entre las muy populares variedades Super Silver Haze X Sour Diesel.<\/p>","protected":false},"featured_media":336,"comment_status":"open","ping_status":"closed","template":"","meta":{"om_disable_all_campaigns":false,"_monsterinsights_skip_tracking":false,"_monsterinsights_sitenote_active":false,"_monsterinsights_sitenote_note":"","_monsterinsights_sitenote_category":0},"product_brand":[],"product_cat":[126,127],"product_tag":[182,183,184,185,186],"class_list":{"0":"post-335","1":"product","2":"type-product","3":"status-publish","4":"has-post-thumbnail","6":"product_cat-blumen","7":"product_cat-sativa-sorte","8":"product_tag-buy-super-sour-diesel-online-in-chicago","9":"product_tag-buy-super-sour-diesel-online-in-houston","10":"product_tag-buy-super-sour-diesel-online-in-los-angeles","11":"product_tag-buy-super-sour-diesel-online-in-new-york","12":"product_tag-buy-super-sour-diesel-online-in-usa","14":"first","15":"instock","16":"shipping-taxable","17":"purchasable","18":"product-type-variable"},"_links":{"self":[{"href":"https:\/\/caliweedonlineshop.com\/es\/wp-json\/wp\/v2\/product\/335","targetHints":{"allow":["GET"]}}],"collection":[{"href":"https:\/\/caliweedonlineshop.com\/es\/wp-json\/wp\/v2\/product"}],"about":[{"href":"https:\/\/caliweedonlineshop.com\/es\/wp-json\/wp\/v2\/types\/product"}],"replies":[{"embeddable":true,"href":"https:\/\/caliweedonlineshop.com\/es\/wp-json\/wp\/v2\/comments?post=335"}],"wp:featuredmedia":[{"embeddable":true,"href":"https:\/\/caliweedonlineshop.com\/es\/wp-json\/wp\/v2\/media\/336"}],"wp:attachment":[{"href":"https:\/\/caliweedonlineshop.com\/es\/wp-json\/wp\/v2\/media?parent=335"}],"wp:term":[{"taxonomy":"product_brand","embeddable":true,"href":"https:\/\/caliweedonlineshop.com\/es\/wp-json\/wp\/v2\/product_brand?post=335"},{"taxonomy":"product_cat","embeddable":true,"href":"https:\/\/caliweedonlineshop.com\/es\/wp-json\/wp\/v2\/product_cat?post=335"},{"taxonomy":"product_tag","embeddable":true,"href":"https:\/\/caliweedonlineshop.com\/es\/wp-json\/wp\/v2\/product_tag?post=335"}],"curies":[{"name":"wp","href":"https:\/\/api.w.org\/{rel}","templated":true}]}}