{"id":353,"date":"2023-01-13T05:16:20","date_gmt":"2023-01-13T05:16:20","guid":{"rendered":"https:\/\/caliweedonlineshop.com\/?post_type=product&#038;p=353"},"modified":"2023-01-13T05:16:47","modified_gmt":"2023-01-13T05:16:47","slug":"afghan-kush","status":"publish","type":"product","link":"https:\/\/caliweedonlineshop.com\/es\/product\/afghan-kush\/","title":{"rendered":"Afghan Kush"},"content":{"rendered":"<h1>Comparar Afghan Kush en l\u00ednea<\/h1>\n<p>Afghan Kush online kaufen. afghan kush online bestellen. Die Wurzeln von Afghan Kush gehen auf die <a href=\"https:\/\/en.wikipedia.org\/wiki\/Hindu_Kush\" target=\"_blank\" rel=\"noopener\">Hindukusch-Bergkette<\/a> cerca de la frontera entre Afganist\u00e1n y Pakist\u00e1n. Perfeccionado durante siglos, es la fuente definitiva de hach\u00eds como <a href=\"https:\/\/www.bushplanet.com\/Charas_Hashish_Infos_Production\" target=\"_blank\" rel=\"noopener\">Charas<\/a> und das <a href=\"https:\/\/www.afghanistan-analysts.org\/en\/reports\/context-culture\/the-myth-of-afghan-black-a-cultural-history-of-cannabis-cultivation-and-hashish-production-in-afghanistan\/\" target=\"_blank\" rel=\"noopener\">klebrige schwarze Afghani-Hasch<\/a>. White Label Seed Company, un socio holand\u00e9s de Sensi Seeds, pone sus semillas a disposici\u00f3n de cualquiera para que las cultive. comprar fresa kush Los cogollos de Afghan Kush se desarrollan en pepitas masivas y romas llenas de resina y ofrecen grandes cosechas. Considerada por su alto contenido de resina y sus poderosos efectos sedantes, Afghan Kush es la mejor opci\u00f3n para aquellos que buscan relajarse despu\u00e9s de un largo d\u00eda. Afghan Kush es una variedad aut\u00f3ctona infame que tiene sus ra\u00edces en las cadenas monta\u00f1osas del Hindu Kush, m\u00e1s espec\u00edficamente en la frontera entre Tayikist\u00e1n y Uzbekist\u00e1n. comprar sherbinskis<\/p>\n<h2>Comparar Afghan Kush en l\u00ednea<\/h2>\n<p>Compra Afghan Kush online. Ordene Afghan Kush en l\u00ednea. Esta potencia de un <a href=\"https:\/\/caliweedonlineshop.com\/index.php\/product-category\/blumen\/indica-sorten\/\">Indica<\/a>La variedad que todos hemos llegado a conocer y amar en Canad\u00e1 es el resultado de cientos de a\u00f1os de persistencia del fenotipo original, en constante evoluci\u00f3n y desarrollo de caracter\u00edsticas como niveles inusualmente altos de THC y resistencia al fr\u00edo para sobrevivir a las duras condiciones clim\u00e1ticas de la regi\u00f3n. Muchos criadores dan cr\u00e9dito a Afghan Kush como uno de los padrinos de la mayor\u00eda de las variedades \u00edndicas modernas, siendo la \"columna vertebral\" gen\u00e9tica responsable de muchos de los efectos relajantes que se encuentran en los t\u00edpicos cogollos de \u00edndica. cogollos y su altura <a href=\"https:\/\/caliweedonlineshop.com\/es\/\">THC-Gehalt<\/a> Se estima que tiene un promedio de alrededor del 18%, lo que la convierte en una de las cepas favoritas de los lugare\u00f1os en las regiones monta\u00f1osas del Hindu Kush para hach\u00eds como charas y hach\u00eds afgano. No deber\u00eda sorprender que el contenido sustancial de THC de Afghan Kush se correlacione con el subid\u00f3n extremadamente potente, relajante y sedante. Los usuarios informan que el subid\u00f3n comienza con un subid\u00f3n muy feliz y euf\u00f3rico acompa\u00f1ado de risas y hambre, luego pasa lentamente a un estado relajado de ensue\u00f1o. compre Obama kush Una de las caracter\u00edsticas m\u00e1s singulares del hach\u00eds afgano es su raro y distintivo perfil de aroma y sabor. La cepa es conocida por sus notas de fondo terrosas y sus matices de hach\u00eds picante, gasolina\/gas h\u00famedo y toques de pino fresco. Compra hierba online en Europa<\/p>","protected":false},"excerpt":{"rendered":"<p>Las ra\u00edces de Afghan Kush se remontan a las monta\u00f1as del Hindu Kush, cerca de la frontera entre Afganist\u00e1n y Pakist\u00e1n. Perfeccionado a lo largo de los siglos, es la fuente definitiva de hach\u00eds como el charas y el pegajoso hach\u00eds afgano negro.<\/p>","protected":false},"featured_media":354,"comment_status":"open","ping_status":"closed","template":"","meta":{"om_disable_all_campaigns":false,"_monsterinsights_skip_tracking":false,"_monsterinsights_sitenote_active":false,"_monsterinsights_sitenote_note":"","_monsterinsights_sitenote_category":0},"product_brand":[],"product_cat":[126,195],"product_tag":[196,197,198],"class_list":{"0":"post-353","1":"product","2":"type-product","3":"status-publish","4":"has-post-thumbnail","6":"product_cat-blumen","7":"product_cat-indica-sorten","8":"product_tag-buy-lemon-cherry-gelato-in-uk","9":"product_tag-buy-skittles-moonrocks-online-in-paris","10":"product_tag-buy-white-cherry-gelato-in-australia","12":"first","13":"instock","14":"shipping-taxable","15":"purchasable","16":"product-type-variable"},"_links":{"self":[{"href":"https:\/\/caliweedonlineshop.com\/es\/wp-json\/wp\/v2\/product\/353","targetHints":{"allow":["GET"]}}],"collection":[{"href":"https:\/\/caliweedonlineshop.com\/es\/wp-json\/wp\/v2\/product"}],"about":[{"href":"https:\/\/caliweedonlineshop.com\/es\/wp-json\/wp\/v2\/types\/product"}],"replies":[{"embeddable":true,"href":"https:\/\/caliweedonlineshop.com\/es\/wp-json\/wp\/v2\/comments?post=353"}],"wp:featuredmedia":[{"embeddable":true,"href":"https:\/\/caliweedonlineshop.com\/es\/wp-json\/wp\/v2\/media\/354"}],"wp:attachment":[{"href":"https:\/\/caliweedonlineshop.com\/es\/wp-json\/wp\/v2\/media?parent=353"}],"wp:term":[{"taxonomy":"product_brand","embeddable":true,"href":"https:\/\/caliweedonlineshop.com\/es\/wp-json\/wp\/v2\/product_brand?post=353"},{"taxonomy":"product_cat","embeddable":true,"href":"https:\/\/caliweedonlineshop.com\/es\/wp-json\/wp\/v2\/product_cat?post=353"},{"taxonomy":"product_tag","embeddable":true,"href":"https:\/\/caliweedonlineshop.com\/es\/wp-json\/wp\/v2\/product_tag?post=353"}],"curies":[{"name":"wp","href":"https:\/\/api.w.org\/{rel}","templated":true}]}}