{"id":359,"date":"2023-01-13T05:23:20","date_gmt":"2023-01-13T05:23:20","guid":{"rendered":"https:\/\/caliweedonlineshop.com\/?post_type=product&#038;p=359"},"modified":"2023-01-13T05:23:20","modified_gmt":"2023-01-13T05:23:20","slug":"black-domina","status":"publish","type":"product","link":"https:\/\/caliweedonlineshop.com\/es\/product\/black-domina\/","title":{"rendered":"Black Domina"},"content":{"rendered":"<h1>Comparar femdom negro en linea.<\/h1>\n<p>Comprar femdom negro en l\u00ednea. ordenar black domina en l\u00ednea Trabajar con cuatro espec\u00edmenes premium de Cannabis Afghanica llev\u00f3 a Sensi Seeds a crear los mejores del mundo <a href=\"https:\/\/caliweedonlineshop.com\/index.php\/product-category\/blumen\/indica-sorten\/\">Indica-Genetik<\/a> para mezclar en un h\u00edbrido recubierto de cristal de floraci\u00f3n r\u00e1pida: Black Domina. Al combinar las propiedades deseables de la <a href=\"https:\/\/www.space.com\/15139-northern-lights-auroras-earth-facts-sdcmp.html\" target=\"_blank\" rel=\"noopener\">Northern Lights<\/a>, <a href=\"https:\/\/www.leafly.com\/strains\/ortega\" target=\"_blank\" rel=\"noopener\">Ortega<\/a>, <a href=\"https:\/\/www.wikileaf.com\/strain\/hash-plant\/\" target=\"_blank\" rel=\"noopener\">Hash Plant<\/a> y Afghani SA, esta variedad es igualmente adecuada para las necesidades de los cultivadores comerciales, los expertos y los cultivadores primerizos. Black Domina ofrece un aroma especiado a piment\u00f3n junto con una abrumadora relajaci\u00f3n y somnolencia, lo que hace que esta cepa sea ideal para uso nocturno. Comprar Cake Mix\/Mintz<\/p>\n<p>\u00a1Esta cepa es incre\u00edble! Es como fumar un antidepresivo. Muy euf\u00f3rico al principio, y el agotamiento todav\u00eda te deja muy tranquilo, no aturdido ni enojado porque ya no est\u00e1s drogado.Comprar Kurupt Moon Rock<\/p>\n<h3>Comparar femdom negro en linea.<\/h3>\n<p>Comprar femdom negro en l\u00ednea. Ordene dominaci\u00f3n femenina negra en l\u00ednea. Los cogollos son grandes, densos y s\u00faper oscuros. Casi todo de color morado oscuro hace que esta variedad sea la que hay que comprar para una variedad locamente rara. Nunca hab\u00eda o\u00eddo hablar de ella hasta que le puse las manos encima. Una mirada, un olor y un golpe trajeron esta variedad a nuestra lista. comprar Strawnana<\/p>\n<p>&nbsp;<\/p>\n<p>Una gran cepa nocturna para aquellos que necesitan dormir un poco. Olv\u00eddate de contar ovejas, fuma y duerme.<\/p>","protected":false},"excerpt":{"rendered":"<p>Trabajando con cuatro espec\u00edmenes de primera de Cannabis Afghanica, Sensi Seeds mezcl\u00f3 la mejor gen\u00e9tica \u00edndica del mundo en un h\u00edbrido de floraci\u00f3n r\u00e1pida y cubierta de cristales.<\/p>\n<p>&nbsp;<\/p>","protected":false},"featured_media":360,"comment_status":"open","ping_status":"closed","template":"","meta":{"om_disable_all_campaigns":false,"_monsterinsights_skip_tracking":false,"_monsterinsights_sitenote_active":false,"_monsterinsights_sitenote_note":"","_monsterinsights_sitenote_category":0},"product_brand":[],"product_cat":[126,195],"product_tag":[],"class_list":{"0":"post-359","1":"product","2":"type-product","3":"status-publish","4":"has-post-thumbnail","6":"product_cat-blumen","7":"product_cat-indica-sorten","9":"first","10":"instock","11":"shipping-taxable","12":"purchasable","13":"product-type-variable"},"_links":{"self":[{"href":"https:\/\/caliweedonlineshop.com\/es\/wp-json\/wp\/v2\/product\/359","targetHints":{"allow":["GET"]}}],"collection":[{"href":"https:\/\/caliweedonlineshop.com\/es\/wp-json\/wp\/v2\/product"}],"about":[{"href":"https:\/\/caliweedonlineshop.com\/es\/wp-json\/wp\/v2\/types\/product"}],"replies":[{"embeddable":true,"href":"https:\/\/caliweedonlineshop.com\/es\/wp-json\/wp\/v2\/comments?post=359"}],"wp:featuredmedia":[{"embeddable":true,"href":"https:\/\/caliweedonlineshop.com\/es\/wp-json\/wp\/v2\/media\/360"}],"wp:attachment":[{"href":"https:\/\/caliweedonlineshop.com\/es\/wp-json\/wp\/v2\/media?parent=359"}],"wp:term":[{"taxonomy":"product_brand","embeddable":true,"href":"https:\/\/caliweedonlineshop.com\/es\/wp-json\/wp\/v2\/product_brand?post=359"},{"taxonomy":"product_cat","embeddable":true,"href":"https:\/\/caliweedonlineshop.com\/es\/wp-json\/wp\/v2\/product_cat?post=359"},{"taxonomy":"product_tag","embeddable":true,"href":"https:\/\/caliweedonlineshop.com\/es\/wp-json\/wp\/v2\/product_tag?post=359"}],"curies":[{"name":"wp","href":"https:\/\/api.w.org\/{rel}","templated":true}]}}