{"id":365,"date":"2023-01-13T05:30:34","date_gmt":"2023-01-13T05:30:34","guid":{"rendered":"https:\/\/caliweedonlineshop.com\/?post_type=product&#038;p=365"},"modified":"2023-01-13T05:33:24","modified_gmt":"2023-01-13T05:33:24","slug":"blackberry-kush","status":"publish","type":"product","link":"https:\/\/caliweedonlineshop.com\/es\/product\/blackberry-kush\/","title":{"rendered":"Blackberry Kush"},"content":{"rendered":"<h1>Comprar Blackberry Kush en l\u00ednea<\/h1>\n<p>Compra Blackberry Kush en l\u00ednea. Ordene Blackberry Kush en l\u00ednea. Este <a href=\"https:\/\/caliweedonlineshop.com\/index.php\/product-category\/blumen\/indica-sorten\/\">Indica-Sorte<\/a> es una mezcla de <a href=\"https:\/\/www.wikileaf.com\/strain\/afghani\/\" target=\"_blank\" rel=\"noopener\">Afghani<\/a> und <a href=\"https:\/\/www.allbud.com\/marijuana-strains\/hybrid\/blackberry\" target=\"_blank\" rel=\"noopener\">Blackberry und<\/a> Tiene hermosos cogollos de color p\u00farpura oscuro con pelos anaranjados. Las plantas florecen en 7-8 semanas y no son particularmente productivas, pero las pepitas densas y duras tienen cristales por todas partes. Godfather Og Blackberry Kush tiende a tener un olor a hach\u00eds, combustible para aviones y un sabor equilibrado con bayas dulces. La Blackberry Kush suele recomendarse para tratar el dolor debido a sus potentes efectos f\u00edsicos. comprar purple punch Esta variedad principalmente \u00edndica es una mezcla de cepas Afghani y Blackberry y tiene hermosos cogollos de color p\u00farpura oscuro con pelos anaranjados. Las plantas florecen en 7-8 semanas y no son particularmente productivas, pero las pepitas densas y duras tienen cristales por todas partes. Blackberry Kush tiende a tener un olor y sabor a hach\u00eds, combustible de avi\u00f3n, equilibrado con bayas dulces. comprar Sour DieselBlackberry Kush se recomienda a menudo para tratar el dolor gracias a sus potentes efectos corporales \u00edndica. para pacientes que padecen una variedad de afecciones, como los beneficios del c\u00e1ncer de CBD, depresi\u00f3n y trastornos como dolor cr\u00f3nico, insomnio, n\u00e1useas, p\u00e9rdida de apetito, ansiedad, ADD\/ADHD, PTSD u otras afecciones m\u00e9dicas. compre Cookies Pre-Rolls<\/p>\n<h2>Comprar Blackberry Kush en l\u00ednea<\/h2>\n<p>Compra Blackberry Kush en l\u00ednea. Ordene Blackberry Kush en l\u00ednea. La variedad Blackberry Kush podr\u00eda ser una variedad h\u00edbrida con una biolog\u00eda un poco controvertida. Comprar Bubblegum Kush Dicho esto, la cepa es mejor conocida por sus efectos suaves y relajantes. Comprar Blackberry Kush en l\u00ednea<\/p>\n<p>Al profundizar en la gen\u00e9tica Blackberry Kush, es f\u00e1cil perderse en un c\u00edrculo de pistas inciertas. Personalmente, me he encontrado con al menos cuatro historias contradictorias sobre la cepa, y puede ser dif\u00edcil averiguar qu\u00e9 explicaci\u00f3n representa sus verdaderos or\u00edgenes.<\/p>\n<p>Seg\u00fan una explicaci\u00f3n, Blackberry Kush es un h\u00edbrido \u00edndica dominante creado a partir de un cruce entre la Blueberry de DJ Short y una raza aut\u00f3ctona Afghan Highland. Compra Blackberry Kush en l\u00ednea.<\/p>","protected":false},"excerpt":{"rendered":"<p>Blackberry Kush online kaufen Blackberry Kush online kaufen. Blackberry Kush online bestellen. Diese Indica-Sorte ist eine Mischung aus Afghani und Blackberry und hat sch\u00f6ne dunkelviolette Knospen mit orangefarbenen Haaren. Die Pflanzen bl\u00fchen nach 7-8 Wochen und sind nicht besonders ertragreich, aber die dichten, harten Nuggets haben durchweg Kristalle. Godfather Og Blackberry Kush neigt dazu, einen [&hellip;]<\/p>","protected":false},"featured_media":366,"comment_status":"open","ping_status":"closed","template":"","meta":{"om_disable_all_campaigns":false,"_monsterinsights_skip_tracking":false,"_monsterinsights_sitenote_active":false,"_monsterinsights_sitenote_note":"","_monsterinsights_sitenote_category":0},"product_brand":[],"product_cat":[126,195],"product_tag":[199,200,201],"class_list":{"0":"post-365","1":"product","2":"type-product","3":"status-publish","4":"has-post-thumbnail","6":"product_cat-blumen","7":"product_cat-indica-sorten","8":"product_tag-alice-brownies-online-kaufen-in-uk","9":"product_tag-biscotti-online-kaufen-in-us","10":"product_tag-zitronenkirsche-online-kaufen-in-australien","12":"first","13":"instock","14":"shipping-taxable","15":"purchasable","16":"product-type-variable"},"_links":{"self":[{"href":"https:\/\/caliweedonlineshop.com\/es\/wp-json\/wp\/v2\/product\/365","targetHints":{"allow":["GET"]}}],"collection":[{"href":"https:\/\/caliweedonlineshop.com\/es\/wp-json\/wp\/v2\/product"}],"about":[{"href":"https:\/\/caliweedonlineshop.com\/es\/wp-json\/wp\/v2\/types\/product"}],"replies":[{"embeddable":true,"href":"https:\/\/caliweedonlineshop.com\/es\/wp-json\/wp\/v2\/comments?post=365"}],"wp:featuredmedia":[{"embeddable":true,"href":"https:\/\/caliweedonlineshop.com\/es\/wp-json\/wp\/v2\/media\/366"}],"wp:attachment":[{"href":"https:\/\/caliweedonlineshop.com\/es\/wp-json\/wp\/v2\/media?parent=365"}],"wp:term":[{"taxonomy":"product_brand","embeddable":true,"href":"https:\/\/caliweedonlineshop.com\/es\/wp-json\/wp\/v2\/product_brand?post=365"},{"taxonomy":"product_cat","embeddable":true,"href":"https:\/\/caliweedonlineshop.com\/es\/wp-json\/wp\/v2\/product_cat?post=365"},{"taxonomy":"product_tag","embeddable":true,"href":"https:\/\/caliweedonlineshop.com\/es\/wp-json\/wp\/v2\/product_tag?post=365"}],"curies":[{"name":"wp","href":"https:\/\/api.w.org\/{rel}","templated":true}]}}