{"id":371,"date":"2023-01-13T05:37:32","date_gmt":"2023-01-13T05:37:32","guid":{"rendered":"https:\/\/caliweedonlineshop.com\/?post_type=product&#038;p=371"},"modified":"2023-01-13T05:38:14","modified_gmt":"2023-01-13T05:38:14","slug":"blaue-mystikerin","status":"publish","type":"product","link":"https:\/\/caliweedonlineshop.com\/es\/product\/blaue-mystikerin\/","title":{"rendered":"Blaue Mystikerin"},"content":{"rendered":"<h2>Comprar Blue Mystic en Conconully<\/h2>\n<p>Comprar Blue Mystic en Conconully. pide Blue Mystic en Conconully. La Blue Mystic es tan misteriosa como sugiere su nombre, con una gen\u00e9tica desconocida que definitivamente contiene algo de Blueberry y posiblemente algo de Skunk o Northern Lights. Estas plantas florecen entre 7 y 9 semanas, con un tono azul claro que resalta el tricoma.comprar Strawnana<\/p>\n<p>los cogollos cubiertos se ven casi grises. Tiene el inconfundible aroma a Blueberry, pero es bastante sutil en comparaci\u00f3n con otras cepas, lo que la convierte en una buena opci\u00f3n para el cultivador o el paciente que necesita discreci\u00f3n.comprar<a href=\"https:\/\/caliweedonlineshop.com\/es\/\"> Sweet Tea Cookies<\/a><\/p>\n<h3>Comprar Blue Mystic en Conconully<\/h3>","protected":false},"excerpt":{"rendered":"<p>La Blue Mystic es tan misteriosa como sugiere su nombre, con una gen\u00e9tica desconocida que definitivamente contiene algo de Blueberry y posiblemente algo de Skunk o Northern Lights.<\/p>","protected":false},"featured_media":372,"comment_status":"open","ping_status":"closed","template":"","meta":{"om_disable_all_campaigns":false,"_monsterinsights_skip_tracking":false,"_monsterinsights_sitenote_active":false,"_monsterinsights_sitenote_note":"","_monsterinsights_sitenote_category":0},"product_brand":[],"product_cat":[126,195],"product_tag":[202,203,204],"class_list":{"0":"post-371","1":"product","2":"type-product","3":"status-publish","4":"has-post-thumbnail","6":"product_cat-blumen","7":"product_cat-indica-sorten","8":"product_tag-alice-brownies-online-kaufen-in-new-york","9":"product_tag-cdb-brownies-online-kaufen-in-texas","10":"product_tag-kirschtorte-online-kaufen-in-los-angeles","12":"first","13":"instock","14":"shipping-taxable","15":"purchasable","16":"product-type-variable"},"_links":{"self":[{"href":"https:\/\/caliweedonlineshop.com\/es\/wp-json\/wp\/v2\/product\/371","targetHints":{"allow":["GET"]}}],"collection":[{"href":"https:\/\/caliweedonlineshop.com\/es\/wp-json\/wp\/v2\/product"}],"about":[{"href":"https:\/\/caliweedonlineshop.com\/es\/wp-json\/wp\/v2\/types\/product"}],"replies":[{"embeddable":true,"href":"https:\/\/caliweedonlineshop.com\/es\/wp-json\/wp\/v2\/comments?post=371"}],"wp:featuredmedia":[{"embeddable":true,"href":"https:\/\/caliweedonlineshop.com\/es\/wp-json\/wp\/v2\/media\/372"}],"wp:attachment":[{"href":"https:\/\/caliweedonlineshop.com\/es\/wp-json\/wp\/v2\/media?parent=371"}],"wp:term":[{"taxonomy":"product_brand","embeddable":true,"href":"https:\/\/caliweedonlineshop.com\/es\/wp-json\/wp\/v2\/product_brand?post=371"},{"taxonomy":"product_cat","embeddable":true,"href":"https:\/\/caliweedonlineshop.com\/es\/wp-json\/wp\/v2\/product_cat?post=371"},{"taxonomy":"product_tag","embeddable":true,"href":"https:\/\/caliweedonlineshop.com\/es\/wp-json\/wp\/v2\/product_tag?post=371"}],"curies":[{"name":"wp","href":"https:\/\/api.w.org\/{rel}","templated":true}]}}