{"id":377,"date":"2023-01-13T05:44:22","date_gmt":"2023-01-13T05:44:22","guid":{"rendered":"https:\/\/caliweedonlineshop.com\/?post_type=product&#038;p=377"},"modified":"2023-01-13T05:44:22","modified_gmt":"2023-01-13T05:44:22","slug":"blue-skittlez","status":"publish","type":"product","link":"https:\/\/caliweedonlineshop.com\/es\/product\/blue-skittlez\/","title":{"rendered":"Blue skittlez"},"content":{"rendered":"<h1>Comprar Blue Skittlez en l\u00ednea<\/h1>\n<p>Compra Blue Skittlez en l\u00ednea. Ordene Blue Skittlez en l\u00ednea. Blue Zkittlez de Dying Breed Seeds es un h\u00edbrido \u00edndica dominante deDiamante azulyZkittlez. este fragante <a href=\"https:\/\/www.leafly.com\/strains\/blue-diamond\" target=\"_blank\" rel=\"noopener\">Blue Diamond<\/a> und <a href=\"https:\/\/www.leafly.com\/strains\/zkittlez\" target=\"_blank\" rel=\"noopener\">Zkittlez<\/a>. este fragante <a href=\"https:\/\/caliweedonlineshop.com\/index.php\/product-category\/blumen\/\">Blume<\/a> ofrece un perfil de terpenos de c\u00edtricos \u00e1cidos, tierra dulce y flores silvestres. El efecto f\u00edsico de esta cepa es suave y moderadamente sedante, estimulando el apetito a la vez que pesa sobre las extremidades. El fuerte efecto f\u00edsico y el estimulante subid\u00f3n mental la convierten en una variedad perfecta para despu\u00e9s del trabajo y un buen complemento para las personas que luchan contra el estr\u00e9s, la ansiedad y el dolor.comprar Snow Man<\/p>","protected":false},"excerpt":{"rendered":"<p>Blue Zkittlez de Dying Breed Seeds es un cruce \u00edndica dominante entre Blue Diamond y Zkittlez. Esta fragante flor ofrece un perfil de terpenos de c\u00edtricos \u00e1cidos, tierra dulce y flores silvestres.<\/p>","protected":false},"featured_media":378,"comment_status":"open","ping_status":"closed","template":"","meta":{"om_disable_all_campaigns":false,"_monsterinsights_skip_tracking":false,"_monsterinsights_sitenote_active":false,"_monsterinsights_sitenote_note":"","_monsterinsights_sitenote_category":0},"product_brand":[],"product_cat":[126,195],"product_tag":[205,206,207],"class_list":{"0":"post-377","1":"product","2":"type-product","3":"status-publish","4":"has-post-thumbnail","6":"product_cat-blumen","7":"product_cat-indica-sorten","8":"product_tag-ak-47-weed-online-kaufen-in-deutschland","9":"product_tag-alice-brownies-online-kaufen-in-australien","10":"product_tag-ball-family-farms-in-den-usa-online-kaufen","12":"first","13":"instock","14":"shipping-taxable","15":"purchasable","16":"product-type-variable"},"_links":{"self":[{"href":"https:\/\/caliweedonlineshop.com\/es\/wp-json\/wp\/v2\/product\/377","targetHints":{"allow":["GET"]}}],"collection":[{"href":"https:\/\/caliweedonlineshop.com\/es\/wp-json\/wp\/v2\/product"}],"about":[{"href":"https:\/\/caliweedonlineshop.com\/es\/wp-json\/wp\/v2\/types\/product"}],"replies":[{"embeddable":true,"href":"https:\/\/caliweedonlineshop.com\/es\/wp-json\/wp\/v2\/comments?post=377"}],"wp:featuredmedia":[{"embeddable":true,"href":"https:\/\/caliweedonlineshop.com\/es\/wp-json\/wp\/v2\/media\/378"}],"wp:attachment":[{"href":"https:\/\/caliweedonlineshop.com\/es\/wp-json\/wp\/v2\/media?parent=377"}],"wp:term":[{"taxonomy":"product_brand","embeddable":true,"href":"https:\/\/caliweedonlineshop.com\/es\/wp-json\/wp\/v2\/product_brand?post=377"},{"taxonomy":"product_cat","embeddable":true,"href":"https:\/\/caliweedonlineshop.com\/es\/wp-json\/wp\/v2\/product_cat?post=377"},{"taxonomy":"product_tag","embeddable":true,"href":"https:\/\/caliweedonlineshop.com\/es\/wp-json\/wp\/v2\/product_tag?post=377"}],"curies":[{"name":"wp","href":"https:\/\/api.w.org\/{rel}","templated":true}]}}