{"id":383,"date":"2023-01-13T05:48:26","date_gmt":"2023-01-13T05:48:26","guid":{"rendered":"https:\/\/caliweedonlineshop.com\/?post_type=product&#038;p=383"},"modified":"2023-01-13T05:49:01","modified_gmt":"2023-01-13T05:49:01","slug":"blueberry-kush","status":"publish","type":"product","link":"https:\/\/caliweedonlineshop.com\/es\/product\/blueberry-kush\/","title":{"rendered":"Blueberry kush"},"content":{"rendered":"<h1>Comprar Blueberry Kush en Bakersfield<\/h1>\n<p>Compra Blueberry Kush en Bakersfield. Pide Blueberry Kush en Bakersfield. La Blueberry Kush es una variedad \u00edndica dominante que induce lentamente una sensaci\u00f3n de pesadez en el cuerpo, lo que ayuda a los usuarios a olvidar el estr\u00e9s y relajarse. Originaria de Oreg\u00f3n, esta variedad es un h\u00edbrido de Blueberry y OG Kush, evidente en su aroma a bayas frescas con notas herbales terrosas. Esta variedad es una de las favoritas para fumar antes de ir a la cama, con un efecto de ensue\u00f1o que te arrullar\u00e1 para dormir con facilidad. comprar Skittles Moonrocks<\/p>\n<p>Blueberry es una variedad de marihuana conocida por su espectacular sabor<br \/>\ny subid\u00f3n euf\u00f3rico. La cepa fue desarrollada por el ic\u00f3nico criador DJ Short.<br \/>\nBlueberry es un h\u00edbrido \u00edndica de (Purple Thai x Highland Thai) y<br \/>\nafgano. Cuando se cr\u00eda correctamente, Blueberry tiene un contenido de THC de alrededor del 19,5 % y producir\u00e1 una<br \/>\nCogollo de calidad y muy denso. El sabor \u00fanico a bayas de Blueberry y su subid\u00f3n relajante<br \/>\nVariedad para conocedores del cannabis en todo el mundo. Consumidores de marihuana medicinal<br \/>\nencuentre Blueberry tanto para aliviar el estr\u00e9s como para el dolor. comprar mimosa<\/p>\n<h2>Comprar Blueberry Kush en Bakersfield<\/h2>\n<p>Compra Blueberry Kush en Bakersfield. Pide Blueberry Kush en Bakersfield. Blueberry es un h\u00edbrido \u00edndica popular y sabroso con una gen\u00e9tica poderosa<br \/>\nColumna vertebral. Es un cruce a tres bandas entre una madre \u00edndica afgana y una sativa.<br \/>\nPadres variantes Thai y Purple Thai. Blueberry se desarroll\u00f3 originalmente en<br \/>\ndesarrollado en la d\u00e9cada de 1970 u 80 por DJ Short, un criador reservado pero prol\u00edfico que<br \/>\nconocido como el \"Willy Wonka de la olla\". El ar\u00e1ndano se caracteriza por un distintivo<br \/>\nolor y sabor a ar\u00e1ndanos frescos que los ha convertido en un favorito perenne. Comprar Mango Haze<br \/>\nEl ar\u00e1ndano es popular en todo el pa\u00eds. Obtuvo las mejores calificaciones en High Times en 2000.<br \/>\nCannabis Cup a la Mejor Indica y Mejor Variedad en General. El ar\u00e1ndano tiene un THC<br \/>\nSalario que est\u00e1 entre el 15% y el 24%.<\/p>\n<p>Los cogollos de esta variedad son peque\u00f1os y densos, como cabr\u00eda esperar de una<br \/>\nSe espera una cepa predominantemente \u00edndica. Las hojas compactas de color verde bosque a menudo est\u00e1n moteadas.<br \/>\nRastros de p\u00farpura y rojo moteado. Estos \u00faltimos colores son causados \u200b\u200bpor un alto<br \/>\nLos niveles de pigmentos, las antocianinas, en la gen\u00e9tica de esta variedad, si<br \/>\nlas plantas est\u00e1n expuestas a temperaturas m\u00e1s fr\u00edas que el promedio durante la temporada de crecimiento<br \/>\nexpuestos durante la temporada de crecimiento, estos pigmentos se activan y producen tonos de colores brillantes. Las hojas<br \/>\nest\u00e1n cubiertos de tricomas casi transparentes que son m\u00e1s dif\u00edciles de ver que eso<br \/>\nlas gl\u00e1ndulas lechosas o de \u00e1mbar que cubren variedades resinosas similares.<br \/>\nSin embargo, los cogollos de Blueberry son muy pegajosos y dif\u00edciles de provocar.<br \/>\nHaga palanca a mano sin usar un molinillo.<\/p>\n<p>El atractivo de esta variedad no se limita solo a sus llamativos colores, si<br \/>\nCuando los cogollos se curan correctamente, inmediatamente desprenden un aroma m\u00e1s fresco<br \/>\nar\u00e1ndanos Este olor dulce y ligeramente \u00e1cido guarda cierta semejanza con el<br \/>\nOlor de la cepa madre Purple Thai. Al abrir los capullos de Blueberry<br \/>\nalgunos aromas m\u00e1s complejos de especias y almizcle que recuerdan al afgano<br \/>\nOrdena. Cuando los cogollos se queman directamente, se puede ver una cierta mofeta. Fumar<br \/>\nes sorprendentemente suave para una \u00edndica y tiene un dulce sabor a ar\u00e1ndanos<br \/>\nSabor a ar\u00e1ndanos al inhalar y exhalar sin funk persistente.<\/p>\n<p>A menudo descrita como una variedad para dejar de golpe, la Blueberry es particularmente potente<br \/>\nincluso para los entusiastas del cannabis experimentados. Los usuarios se convertir\u00e1n r\u00e1pidamente en uno<br \/>\nSensaci\u00f3n de pesadez f\u00edsica que se produce en situaciones que requieren movilidad o<br \/>\nque requieren movilidad o coordinaci\u00f3n. En situaciones relajadas, este sentimiento f\u00edsico puede<br \/>\ntransici\u00f3n hacia una calma terap\u00e9utica que permite a los consumidores buscar una<br \/>\nlargo d\u00eda de trabajo o semana puede relajarse.<\/p>\n<p>La gen\u00e9tica sativa proporciona efectos mentales leves, pero m\u00e1s de la forma<br \/>\nforma de una elevaci\u00f3n euf\u00f3rica en lugar de una pensatividad cerebral; Los fumadores pueden ellos mismos<br \/>\nsentirse hablador o incluso re\u00edrse. En dosis lo suficientemente altas, Blueberry hace que el usuario se sienta pesado<br \/>\nSof\u00e1: no es la variedad ideal para la productividad y es m\u00e1s adecuada para el<br \/>\napto para un consumo nocturno tranquilo. M\u00e9dicamente hablando, Blueberry tiene casi<br \/>\npropiedades estupefacientes.comprar Mintz<\/p>\n<p>Es \u00fatil para personas con condiciones dolorosas, tanto dolor a corto plazo debido a<br \/>\nDolor debido a lesi\u00f3n o esfuerzo f\u00edsico o cr\u00f3nico<br \/>\nda\u00f1o. Tambi\u00e9n puede ayudar a aliviar algunos de los s\u00edntomas preocupantes del estr\u00e9s,<br \/>\nAliviar la ansiedad y el PTSD al inducir una relajaci\u00f3n f\u00edsica lo suficientemente fuerte como para<br \/>\npara calmar una mente enfurecida y ocupada. comprar hierba en l\u00ednea Europa<\/p>","protected":false},"excerpt":{"rendered":"<p>Blueberry Kush es una variedad de dominancia \u00edndica que induce lentamente una sensaci\u00f3n de pesadez en el cuerpo, lo que ayuda al consumidor a olvidar el estr\u00e9s y relajarse. Originaria de Oreg\u00f3n, esta variedad es un h\u00edbrido de Blueberry y OG Kush, evidente en su aroma a bayas frescas con notas herbales terrosas.<\/p>","protected":false},"featured_media":384,"comment_status":"open","ping_status":"closed","template":"","meta":{"om_disable_all_campaigns":false,"_monsterinsights_skip_tracking":false,"_monsterinsights_sitenote_active":false,"_monsterinsights_sitenote_note":"","_monsterinsights_sitenote_category":0},"product_brand":[],"product_cat":[126,195],"product_tag":[209,208,210],"class_list":{"0":"post-383","1":"product","2":"type-product","3":"status-publish","4":"has-post-thumbnail","6":"product_cat-blumen","7":"product_cat-indica-sorten","8":"product_tag-chapo-cookies-in-alaska-kaufen","9":"product_tag-kaufen-banana-kush-online-in-san-francisco","10":"product_tag-kekse-vor-broetchen-kaufen-in-north-dakota","12":"first","13":"instock","14":"shipping-taxable","15":"purchasable","16":"product-type-variable"},"_links":{"self":[{"href":"https:\/\/caliweedonlineshop.com\/es\/wp-json\/wp\/v2\/product\/383","targetHints":{"allow":["GET"]}}],"collection":[{"href":"https:\/\/caliweedonlineshop.com\/es\/wp-json\/wp\/v2\/product"}],"about":[{"href":"https:\/\/caliweedonlineshop.com\/es\/wp-json\/wp\/v2\/types\/product"}],"replies":[{"embeddable":true,"href":"https:\/\/caliweedonlineshop.com\/es\/wp-json\/wp\/v2\/comments?post=383"}],"wp:featuredmedia":[{"embeddable":true,"href":"https:\/\/caliweedonlineshop.com\/es\/wp-json\/wp\/v2\/media\/384"}],"wp:attachment":[{"href":"https:\/\/caliweedonlineshop.com\/es\/wp-json\/wp\/v2\/media?parent=383"}],"wp:term":[{"taxonomy":"product_brand","embeddable":true,"href":"https:\/\/caliweedonlineshop.com\/es\/wp-json\/wp\/v2\/product_brand?post=383"},{"taxonomy":"product_cat","embeddable":true,"href":"https:\/\/caliweedonlineshop.com\/es\/wp-json\/wp\/v2\/product_cat?post=383"},{"taxonomy":"product_tag","embeddable":true,"href":"https:\/\/caliweedonlineshop.com\/es\/wp-json\/wp\/v2\/product_tag?post=383"}],"curies":[{"name":"wp","href":"https:\/\/api.w.org\/{rel}","templated":true}]}}