{"id":389,"date":"2023-01-13T05:53:21","date_gmt":"2023-01-13T05:53:21","guid":{"rendered":"https:\/\/caliweedonlineshop.com\/?post_type=product&#038;p=389"},"modified":"2023-01-13T05:53:21","modified_gmt":"2023-01-13T05:53:21","slug":"bubble-kush","status":"publish","type":"product","link":"https:\/\/caliweedonlineshop.com\/es\/product\/bubble-kush\/","title":{"rendered":"Bubble kush"},"content":{"rendered":"<h1>Comprar Bubba Kush en Carbonado<\/h1>\n<p>Comprar Bubba Kush en Carbonado. Pide Bubba Kush en Carbonado. Bubba Kush es uno <a href=\"https:\/\/caliweedonlineshop.com\/index.php\/product-category\/blumen\/indica-sorten\/\">Indica-Sorte<\/a>, que se ha hecho conocido en los EE. UU. y m\u00e1s all\u00e1 por sus poderosos efectos sedantes. Los sabores de hach\u00eds PeachSweet con sutiles notas de chocolate y caf\u00e9 se manifiestan al exhalar, deleitando el paladar mientras se establece una poderosa relajaci\u00f3n. De la cabeza a los pies, los m\u00fasculos se relajan mientras una euforia de ensue\u00f1o se apodera de la mente, aliviando el estr\u00e9s y levantando el \u00e1nimo. Bubba Kush cuenta con una estructura de cogollos voluminosos y distintivos con tonos que van desde el verde bosque hasta el p\u00farpura p\u00e1lido.<\/p>\n<h2>Comprar Bubba Kush en Carbonado<\/h2>\n<p>Comprar Bubba Kush en Carbonado. pide Bubba Kush en Carbonado. La estatura robusta y la estructura voluminosa de los cogollos de Bubba sugieren ascendencia afgana, pero sus or\u00edgenes gen\u00e9ticos son inciertos. El criador que dio nombre a esta cepa explica que Bubba Kush surgi\u00f3 poco despu\u00e9s de 1996 cuando una OG Kush poliniz\u00f3 una cepa \u00edndica desconocida que se obtuvo en Nueva Orleans. Se dec\u00eda que la planta madre era Northern Lights, pero la \u00edndica gen\u00e9ticamente ambigua se llamaba simplemente \"Bubba\". Desde entonces, la Bubba Kush ha prosperado gracias a sus ra\u00edces californianas. comprar ponche morado<\/p>\n<p>Bubba Kush es una cepa \u00edndica que se ha vuelto popular en los EE. UU. y m\u00e1s all\u00e1 por sus poderosos efectos sedantes. Dulces sabores a hach\u00eds con sutiles notas de chocolate y caf\u00e9 se manifiestan al exhalar, deleitando el paladar mientras se establece una fuerte relajaci\u00f3n. De la cabeza a los pies, los m\u00fasculos se relajan mientras una euforia so\u00f1adora se apodera de la mente, aliviando el estr\u00e9s y forzando estados de \u00e1nimo felices. Bubba Kush cuenta con una estructura de cogollos voluminosos y distintivos con matices que van desde el verde bosque hasta el p\u00farpura p\u00e1lido. Compra Platinum Og<\/p>\n<p>La estatura robusta de la planta y la estructura voluminosa de los cogollos de Bubba sugieren ascendencia afgana, pero sus or\u00edgenes gen\u00e9ticos son inciertos. El criador que dio nombre a esta cepa afirma que Bubba Kush se origin\u00f3 poco despu\u00e9s de 1996 cuando un h\u00edbrido OG Kush poliniz\u00f3 una cepa \u00edndica desconocida obtenida en Nueva Orleans. comprar Pineapple ExpressSe dec\u00eda que la planta madre era Northern Lights, pero la \u00edndica gen\u00e9ticamente ambigua se llamaba simplemente \"Bubba\". Desde entonces, Bubba Kush ha evolucionado a partir de sus ra\u00edces californianas. Comprar hierba en l\u00ednea Europa<\/p>\n<p>&nbsp;<\/p>\n<p>&nbsp;<\/p>\n<p>&nbsp;<\/p>","protected":false},"excerpt":{"rendered":"<p>Bubba Kush es una cepa \u00edndica que se ha vuelto popular en los EE. UU. y m\u00e1s all\u00e1 por sus poderosos efectos sedantes. Dulces sabores a hach\u00eds con sutiles notas de chocolate y caf\u00e9 se manifiestan al exhalar, deleitando el paladar mientras se establece una fuerte relajaci\u00f3n.<\/p>","protected":false},"featured_media":390,"comment_status":"open","ping_status":"closed","template":"","meta":{"om_disable_all_campaigns":false,"_monsterinsights_skip_tracking":false,"_monsterinsights_sitenote_active":false,"_monsterinsights_sitenote_note":"","_monsterinsights_sitenote_category":0},"product_brand":[],"product_cat":[126,195],"product_tag":[202,203,211],"class_list":{"0":"post-389","1":"product","2":"type-product","3":"status-publish","4":"has-post-thumbnail","6":"product_cat-blumen","7":"product_cat-indica-sorten","8":"product_tag-alice-brownies-online-kaufen-in-new-york","9":"product_tag-cdb-brownies-online-kaufen-in-texas","10":"product_tag-kuchenmischung-minntz-online-kaufen-in-colorado","12":"first","13":"instock","14":"shipping-taxable","15":"purchasable","16":"product-type-variable"},"_links":{"self":[{"href":"https:\/\/caliweedonlineshop.com\/es\/wp-json\/wp\/v2\/product\/389","targetHints":{"allow":["GET"]}}],"collection":[{"href":"https:\/\/caliweedonlineshop.com\/es\/wp-json\/wp\/v2\/product"}],"about":[{"href":"https:\/\/caliweedonlineshop.com\/es\/wp-json\/wp\/v2\/types\/product"}],"replies":[{"embeddable":true,"href":"https:\/\/caliweedonlineshop.com\/es\/wp-json\/wp\/v2\/comments?post=389"}],"wp:featuredmedia":[{"embeddable":true,"href":"https:\/\/caliweedonlineshop.com\/es\/wp-json\/wp\/v2\/media\/390"}],"wp:attachment":[{"href":"https:\/\/caliweedonlineshop.com\/es\/wp-json\/wp\/v2\/media?parent=389"}],"wp:term":[{"taxonomy":"product_brand","embeddable":true,"href":"https:\/\/caliweedonlineshop.com\/es\/wp-json\/wp\/v2\/product_brand?post=389"},{"taxonomy":"product_cat","embeddable":true,"href":"https:\/\/caliweedonlineshop.com\/es\/wp-json\/wp\/v2\/product_cat?post=389"},{"taxonomy":"product_tag","embeddable":true,"href":"https:\/\/caliweedonlineshop.com\/es\/wp-json\/wp\/v2\/product_tag?post=389"}],"curies":[{"name":"wp","href":"https:\/\/api.w.org\/{rel}","templated":true}]}}