{"id":395,"date":"2023-01-13T05:57:17","date_gmt":"2023-01-13T05:57:17","guid":{"rendered":"https:\/\/caliweedonlineshop.com\/?post_type=product&#038;p=395"},"modified":"2023-01-13T05:58:19","modified_gmt":"2023-01-13T05:58:19","slug":"bubblegum-kush","status":"publish","type":"product","link":"https:\/\/caliweedonlineshop.com\/es\/product\/bubblegum-kush\/","title":{"rendered":"Bubblegum kush"},"content":{"rendered":"<h1>Compra Bubblegum Kush online.<\/h1>\n<p>Compra Bubblegum Kush online. Ordene Bubblegum Kush en l\u00ednea, una fuerza del 80% <a href=\"https:\/\/caliweedonlineshop.com\/index.php\/product-category\/blumen\/indica-sorten\/\">Indica-Sorte<\/a> de Bulldog Seeds de los Pa\u00edses Bajos, Bubblegum Kush es un cruce entre B<a href=\"https:\/\/www.seriousseeds.com\/cannabis-seeds\/bubble-gum\" target=\"_blank\" rel=\"noopener\">ubble Gum<\/a> y una Kush no especificada. Es una planta f\u00e1cil de cultivar que produce enormes cosechas de cogollos resinosos y escarchados, y es popular tanto entre los cultivadores como entre los productores de hach\u00eds. Bubblegum Kush tiene un olor y sabor agrio, y con niveles de THC en el rango del 18%, esta \u00edndica dejar\u00e1 a los usuarios totalmente relajados y bloqueados en el sof\u00e1.<\/p>\n<h2>Comprar Bubblegum kush online<\/h2>\n<p>Compra Bubblegum kush online. Pide Bubblegum Kush en l\u00ednea. Originaria de Indiana en la d\u00e9cada de 1970, Bubblegum es una mezcla casi 80\/20 de dominancia \u00edndica y sativa. La variedad h\u00edbrida dominante \u00edndica Bubblegum se cre\u00f3 al cruzar Indiana Bubblegum con una variedad de cannabis \u00edndica no identificada. Luego, esta cepa se llev\u00f3 a Amsterdam para ser clonada e hibridada. Llev\u00f3 varios a\u00f1os desarrollar finalmente una variedad estable de Bubblegum con el t\u00edpico olor dulce y el subid\u00f3n euf\u00f3rico. La cepa recibi\u00f3 su nombre por su olor, que recuerda al chicle rosa. Comprar Super Og Cookie Esta variedad de marihuana medicinal se ha ganado r\u00e1pidamente una reputaci\u00f3n por su dulzura. Tiene un suave sabor a chicle tanto en la inhalaci\u00f3n como en la exhalaci\u00f3n. comprar Blissfully Baked BrownieEsta variedad es ganadora de m\u00faltiples premios y se ha clasificado con frecuencia en la High Times Cannabis Cup. La planta es de color verde claro con algunos pelos de color naranja brillante. comprar Snow ManLos cogollos se ven aireados con muchos cristales que parecen nevados. Esta cepa ofrece efectos \u00edndica cl\u00e1sicos de la vieja escuela que duran hasta dos horas. Los pacientes que sufren estr\u00e9s, ansiedad y tensi\u00f3n consiguen buenos resultados con esta cepa. Bubblegum tambi\u00e9n tiene propiedades para mejorar el estado de \u00e1nimo. La planta es de color verde claro con algunos pelos de color naranja brillante. comprar Snow ManLos cogollos se ven aireados con muchos cristales que parecen nevados. Esta cepa ofrece efectos \u00edndica cl\u00e1sicos de la vieja escuela que duran hasta dos horas. Los pacientes que sufren estr\u00e9s, ansiedad y tensi\u00f3n consiguen buenos resultados con esta cepa. Bubblegum tambi\u00e9n tiene propiedades para mejorar el estado de \u00e1nimo. La planta es de color verde claro con algunos pelos de color naranja brillante. comprar Snow ManLos cogollos se ven aireados con muchos cristales que parecen nevados. Esta cepa ofrece efectos \u00edndica cl\u00e1sicos de la vieja escuela que duran hasta dos horas. Los pacientes que sufren estr\u00e9s, ansiedad y tensi\u00f3n consiguen buenos resultados con esta cepa. Bubblegum tambi\u00e9n tiene propiedades para mejorar el estado de \u00e1nimo.<br \/>\nTHC: 15-19%.<br \/>\n80% INDICA \/ 20% SATIVA<\/p>","protected":false},"excerpt":{"rendered":"<p>Una variedad \u00edndica al 80% de Bulldog Seeds de los Pa\u00edses Bajos, Bubblegum Kush es un cruce entre Bubble Gum y un Kush no especificado. Una planta f\u00e1cil de cultivar que produce enormes cosechas de cogollos resinosos y escarchados, es popular tanto entre los cultivadores como entre los productores de hach\u00eds.<\/p>","protected":false},"featured_media":396,"comment_status":"open","ping_status":"closed","template":"","meta":{"om_disable_all_campaigns":false,"_monsterinsights_skip_tracking":false,"_monsterinsights_sitenote_active":false,"_monsterinsights_sitenote_note":"","_monsterinsights_sitenote_category":0},"product_brand":[],"product_cat":[126,195],"product_tag":[212,213,214],"class_list":{"0":"post-395","1":"product","2":"type-product","3":"status-publish","4":"has-post-thumbnail","6":"product_cat-blumen","7":"product_cat-indica-sorten","8":"product_tag-alice-brownies-online-kaufen-in-europa","9":"product_tag-all-american-brownie-online-kaufen-in-italien","10":"product_tag-banana-runtz-online-in-australien-kaufen","12":"first","13":"instock","14":"shipping-taxable","15":"purchasable","16":"product-type-variable"},"_links":{"self":[{"href":"https:\/\/caliweedonlineshop.com\/es\/wp-json\/wp\/v2\/product\/395","targetHints":{"allow":["GET"]}}],"collection":[{"href":"https:\/\/caliweedonlineshop.com\/es\/wp-json\/wp\/v2\/product"}],"about":[{"href":"https:\/\/caliweedonlineshop.com\/es\/wp-json\/wp\/v2\/types\/product"}],"replies":[{"embeddable":true,"href":"https:\/\/caliweedonlineshop.com\/es\/wp-json\/wp\/v2\/comments?post=395"}],"wp:featuredmedia":[{"embeddable":true,"href":"https:\/\/caliweedonlineshop.com\/es\/wp-json\/wp\/v2\/media\/396"}],"wp:attachment":[{"href":"https:\/\/caliweedonlineshop.com\/es\/wp-json\/wp\/v2\/media?parent=395"}],"wp:term":[{"taxonomy":"product_brand","embeddable":true,"href":"https:\/\/caliweedonlineshop.com\/es\/wp-json\/wp\/v2\/product_brand?post=395"},{"taxonomy":"product_cat","embeddable":true,"href":"https:\/\/caliweedonlineshop.com\/es\/wp-json\/wp\/v2\/product_cat?post=395"},{"taxonomy":"product_tag","embeddable":true,"href":"https:\/\/caliweedonlineshop.com\/es\/wp-json\/wp\/v2\/product_tag?post=395"}],"curies":[{"name":"wp","href":"https:\/\/api.w.org\/{rel}","templated":true}]}}