{"id":401,"date":"2023-01-13T06:05:21","date_gmt":"2023-01-13T06:05:21","guid":{"rendered":"https:\/\/caliweedonlineshop.com\/?post_type=product&#038;p=401"},"modified":"2023-01-13T06:05:21","modified_gmt":"2023-01-13T06:05:21","slug":"gods-gift","status":"publish","type":"product","link":"https:\/\/caliweedonlineshop.com\/es\/product\/gods-gift\/","title":{"rendered":"God\u2019s gift"},"content":{"rendered":"<h1>Comprar el regalo de Dios en linea<\/h1>\n<p>Compre el regalo de Dios en l\u00ednea. Ordene el regalo de Dios en l\u00ednea. God's Gift es una variedad que se hizo popular en los dispensarios de California en 2005 y presenta aromas a uvas, c\u00edtricos y hach\u00eds. Sus padres son <a href=\"https:\/\/www.wikileaf.com\/strain\/grand-daddy-purple\/\" target=\"_blank\" rel=\"noopener\">Granddaddy Purple<\/a> und <a href=\"https:\/\/www.leafly.com\/strains\/og-kush\" target=\"_blank\" rel=\"noopener\">OG Kush<\/a>. Independientemente de tu sistema de creencias, esta cepa es un \"regalo\" con sus efectos maravillosos y so\u00f1adores. Su tiempo de floraci\u00f3n suele durar unas 8-9 semanas.<\/p>\n<p>En primer lugar, esta cepa que se ha hecho popular en las farmacias de todo el mundo por sus efectos s\u00faper relajantes, God's Gift contiene sabores a uva, c\u00edtricos y hach\u00eds. comprar dosidos rosas<\/p>\n<p>Sus padres tambi\u00e9n son Granddaddy Purple y OG Kush. Esta cepa tambi\u00e9n es un \"regalo\" sin importar en qu\u00e9 sistema de creencias creas, con altos niveles de THC de 18-22%.<\/p>\n<p>No le importar\u00e1 hundirse en su cama, sof\u00e1 o en un buen trozo de hierba caliente. Comprar Pi\u00f1a Express<\/p>\n<h2>Comprar el regalo de Dios en linea<\/h2>\n<p>Compre el regalo de Dios en l\u00ednea. Ordene el regalo de Dios en l\u00ednea. Asimismo, el Regalo de Dios est\u00e1 aqu\u00ed para relajarte, hacerte feliz y sanar ese molesto estr\u00e9s, dolor e insomnio. Par\u00eds OG<\/p>\n<p>Adem\u00e1s, esta hermosa variedad tambi\u00e9n tiene la capacidad de disipar tus miedos. Una vez m\u00e1s, esta es una variedad especial que merece un lugar permanente en tu lista cuando est\u00e9s luchando contra la ansiedad o el estr\u00e9s. frente al rev\u00e9s regalo de dios<\/p>\n<p>Wirkungen: Entspannt, Gl\u00fccklich, Schl\u00e4frig<\/p>\n<p>Medizinische Wirkungen: Stress, Schmerz, Depression, Schlaflosigkeit<\/p>\n<p>THC: 24%<\/p>\n<h4>Compre la mejor hierba barata en l\u00ednea, comestibles, aceite de cannabis, semillas de cannabis, vapeo, porros preenrollados, concentrados, hach\u00eds y t\u00f3picos en l\u00ednea en proveedores expertos en cannabis con descuento y env\u00edo garantizado. Comprar variedad de marihuana God's Gift Online<\/h4>\n<p>Compre marihuana en l\u00ednea, compre marihuana en l\u00ednea Reino Unido, compre marihuana medicinal en l\u00ednea Australia, compre marihuana<\/p>\n<p>en l\u00ednea Australia, ordene marihuana en l\u00ednea EE. UU., ordene marihuana medicinal en l\u00ednea|compre marihuana en l\u00ednea con<\/p>\n<p>Solicite marihuana en l\u00ednea, solicite marihuana en l\u00ednea, d\u00f3nde comprar marihuana en l\u00ednea, compre marihuana en l\u00ednea en EE. UU., compre marihuana en l\u00ednea en el Reino Unido, compre marihuana en l\u00ednea en Australia, compre la variedad de marihuana God's Gift en l\u00ednea. Comprar marihuana online Europa<\/p>","protected":false},"excerpt":{"rendered":"<p>God's Gift es una variedad que se hizo popular en los dispensarios de California en 2005 y presenta aromas a uvas, c\u00edtricos y hach\u00eds. Sus padres son Granddaddy Purple y OG Kush. Independientemente de tu sistema de creencias, esta variedad es un \"regalo\" con sus efectos maravillosos y so\u00f1adores.<\/p>\n<p>&nbsp;<\/p>","protected":false},"featured_media":407,"comment_status":"open","ping_status":"closed","template":"","meta":{"om_disable_all_campaigns":false,"_monsterinsights_skip_tracking":false,"_monsterinsights_sitenote_active":false,"_monsterinsights_sitenote_note":"","_monsterinsights_sitenote_category":0},"product_brand":[],"product_cat":[126,195],"product_tag":[215,216,217,218],"class_list":{"0":"post-401","1":"product","2":"type-product","3":"status-publish","4":"has-post-thumbnail","6":"product_cat-blumen","7":"product_cat-indica-sorten","8":"product_tag-ak-47-weed-online-kaufen-in-australien","9":"product_tag-ball-family-farms-online-kaufen-in-uk","10":"product_tag-cbd-brownies-in-deutschland-kaufen","11":"product_tag-weisses-kirschgelato-in-den-usa-kaufen","13":"first","14":"instock","15":"shipping-taxable","16":"purchasable","17":"product-type-variable"},"_links":{"self":[{"href":"https:\/\/caliweedonlineshop.com\/es\/wp-json\/wp\/v2\/product\/401","targetHints":{"allow":["GET"]}}],"collection":[{"href":"https:\/\/caliweedonlineshop.com\/es\/wp-json\/wp\/v2\/product"}],"about":[{"href":"https:\/\/caliweedonlineshop.com\/es\/wp-json\/wp\/v2\/types\/product"}],"replies":[{"embeddable":true,"href":"https:\/\/caliweedonlineshop.com\/es\/wp-json\/wp\/v2\/comments?post=401"}],"wp:featuredmedia":[{"embeddable":true,"href":"https:\/\/caliweedonlineshop.com\/es\/wp-json\/wp\/v2\/media\/407"}],"wp:attachment":[{"href":"https:\/\/caliweedonlineshop.com\/es\/wp-json\/wp\/v2\/media?parent=401"}],"wp:term":[{"taxonomy":"product_brand","embeddable":true,"href":"https:\/\/caliweedonlineshop.com\/es\/wp-json\/wp\/v2\/product_brand?post=401"},{"taxonomy":"product_cat","embeddable":true,"href":"https:\/\/caliweedonlineshop.com\/es\/wp-json\/wp\/v2\/product_cat?post=401"},{"taxonomy":"product_tag","embeddable":true,"href":"https:\/\/caliweedonlineshop.com\/es\/wp-json\/wp\/v2\/product_tag?post=401"}],"curies":[{"name":"wp","href":"https:\/\/api.w.org\/{rel}","templated":true}]}}