{"id":408,"date":"2023-01-13T06:09:49","date_gmt":"2023-01-13T06:09:49","guid":{"rendered":"https:\/\/caliweedonlineshop.com\/?post_type=product&#038;p=408"},"modified":"2023-01-13T06:09:49","modified_gmt":"2023-01-13T06:09:49","slug":"godfather-og","status":"publish","type":"product","link":"https:\/\/caliweedonlineshop.com\/es\/product\/godfather-og\/","title":{"rendered":"Godfather Og"},"content":{"rendered":"<h1>Comparar Padrino OG en l\u00ednea<\/h1>\n<p>Comprar Padrino OG online. Ordene El Padrino OG en l\u00ednea. Criada por Green Devil Genetics, Orange Kush es la descendencia de Orange Bud y OG Kush. Relaja el cuerpo y eleva el estado de \u00e1nimo con un aroma c\u00edtrico dulce y picante. Esta cepa es resistente a la mayor\u00eda de plagas y mohos y tiene cogollos largos y densos con muchos pelos anaranjados y cristales de tricomas. comprar obama kush<\/p>\n<p>Godfather OG es una variedad \u00edndica dominante cruzada de OG Kush y Granddaddy Purple y es conocida por promover el sue\u00f1o. Hierba del padrino OG. Estas flores huelen a tierra, a pino y a c\u00edtricos con sutiles matices a uva. Esta cepa es conocida por aliviar el dolor y la tensi\u00f3n mientras deja al usuario con una sensaci\u00f3n de relajaci\u00f3n extrema y con un estado de \u00e1nimo elevado. comprar Melocot\u00f3n<br \/>\nGodfather OG es conocida como las cepas Don of Kush. comprar ponche morado<\/p>\n<p>Junto con nuestra Gorilla Glue, Bruce Banner y Acapulco Gold, nuestra cepa Godfather OG es una de las cepas m\u00e1s potentes disponibles en la actualidad. Comprar aliento de mantequilla de man\u00ed<\/p>\n<h2>Comparar Padrino OG en l\u00ednea<\/h2>\n<p>Comprar Padrino OG online. Ordene El Padrino OG en l\u00ednea. El origen de esta variedad \u00fanica se encuentra en California, donde Godfather OG fue desarrollada por el equipo de California Herbal Remedies, que cruz\u00f3 dos leyendas para crear esta variedad: la OG Kush y la Alpha OG. \u00bfEl resultado? Padrino OG. Una bestia de h\u00edbrido con niveles de THC que pueden llegar al 34% en casos extremos.comprar Raspberry Cheesecake Brownie<\/p>\n<p>\u00bfQuieres cultivar t\u00fa mismo esta bomba de THC? Compra nuestras semillas feminizadas Godfather OG o sigue leyendo y aprende m\u00e1s sobre esta maravillosa dama.<\/p>\n<p>Apodada \"El Don de todos los OG\", esta cepa tiene un nombre que cumplir. Godfather OG es una cepa medicinal popular en el sur de California y, como muchas otras cepas OG, a menudo se recomienda para el insomnio y el dolor debido a sus propiedades \u00edndicas sedantes. The Don es el resultado del cruce de XXX OG y Alpha OG, y tiene un aroma especiado Kushy junto con algunas notas sutiles de uva. El padrino OG es fuerte; Con niveles de THC de hasta el 28 %, esta cepa es una oferta que no puedes rechazar. Godfather OG gan\u00f3 el primer lugar como Mejor Indica en la High Times Cannabis Cup 2013 en Los \u00c1ngeles.comprar Zombie kush<\/p>\n<p>Compre Godfather OG en l\u00ednea de Terra Cannabis hoy y le enviaremos su hierba de forma r\u00e1pida y discreta. No importa d\u00f3nde se encuentre en Canad\u00e1, Terra Cannabis es su fuente de cogollos y productos de marihuana de calidad. Si necesitas ayuda para encontrar la variedad adecuada para ti, cont\u00e1ctanos y estaremos encantados de ayudarte. <a href=\"https:\/\/caliweedonlineshop.com\/es\/\">weed online kaufen Europa<\/a><\/p>","protected":false},"excerpt":{"rendered":"<p>Criada por Green Devil Genetics, Orange Kush es la descendencia de Orange Bud y OG Kush. Relaja el cuerpo y eleva el estado de \u00e1nimo con un aroma c\u00edtrico dulce y \u00e1cido.<\/p>","protected":false},"featured_media":409,"comment_status":"open","ping_status":"closed","template":"","meta":{"om_disable_all_campaigns":false,"_monsterinsights_skip_tracking":false,"_monsterinsights_sitenote_active":false,"_monsterinsights_sitenote_note":"","_monsterinsights_sitenote_category":0},"product_brand":[],"product_cat":[126,195],"product_tag":[199,220,219],"class_list":{"0":"post-408","1":"product","2":"type-product","3":"status-publish","4":"has-post-thumbnail","6":"product_cat-blumen","7":"product_cat-indica-sorten","8":"product_tag-alice-brownies-online-kaufen-in-uk","9":"product_tag-moonroock-in-den-usa-kaufen","10":"product_tag-zitronen-kirsch-gelato-in-deutschland-kaufen","12":"first","13":"instock","14":"shipping-taxable","15":"purchasable","16":"product-type-variable"},"_links":{"self":[{"href":"https:\/\/caliweedonlineshop.com\/es\/wp-json\/wp\/v2\/product\/408","targetHints":{"allow":["GET"]}}],"collection":[{"href":"https:\/\/caliweedonlineshop.com\/es\/wp-json\/wp\/v2\/product"}],"about":[{"href":"https:\/\/caliweedonlineshop.com\/es\/wp-json\/wp\/v2\/types\/product"}],"replies":[{"embeddable":true,"href":"https:\/\/caliweedonlineshop.com\/es\/wp-json\/wp\/v2\/comments?post=408"}],"wp:featuredmedia":[{"embeddable":true,"href":"https:\/\/caliweedonlineshop.com\/es\/wp-json\/wp\/v2\/media\/409"}],"wp:attachment":[{"href":"https:\/\/caliweedonlineshop.com\/es\/wp-json\/wp\/v2\/media?parent=408"}],"wp:term":[{"taxonomy":"product_brand","embeddable":true,"href":"https:\/\/caliweedonlineshop.com\/es\/wp-json\/wp\/v2\/product_brand?post=408"},{"taxonomy":"product_cat","embeddable":true,"href":"https:\/\/caliweedonlineshop.com\/es\/wp-json\/wp\/v2\/product_cat?post=408"},{"taxonomy":"product_tag","embeddable":true,"href":"https:\/\/caliweedonlineshop.com\/es\/wp-json\/wp\/v2\/product_tag?post=408"}],"curies":[{"name":"wp","href":"https:\/\/api.w.org\/{rel}","templated":true}]}}