{"id":426,"date":"2023-01-13T06:26:10","date_gmt":"2023-01-13T06:26:10","guid":{"rendered":"https:\/\/caliweedonlineshop.com\/?post_type=product&#038;p=426"},"modified":"2023-01-13T06:26:10","modified_gmt":"2023-01-13T06:26:10","slug":"hindu-kush","status":"publish","type":"product","link":"https:\/\/caliweedonlineshop.com\/es\/product\/hindu-kush\/","title":{"rendered":"Hindu kush"},"content":{"rendered":"<h1>Comprar Hindu Kush en San Jos\u00e9<\/h1>\n<p>Compra Hindu Kush en San Jos\u00e9. Pide Hindu Kush en San Jos\u00e9. Esta cepa mayormente \u00edndica es una mezcla de cepas Afghani y Blackberry y tiene hermosos cogollos de color p\u00farpura oscuro con pelos anaranjados. Las plantas florecen en 7-8 semanas y no son particularmente productivas, pero las pepitas densas y duras tienen cristales por todas partes. Blackberry Kush tiende a tener un olor a hach\u00eds y un sabor equilibrado con bayas dulces. La Blackberry Kush suele recomendarse para tratar el dolor debido a sus potentes efectos f\u00edsicos. comprar pastel de cereza<\/p>\n<h2>Comprar Hindu Kush en San Jos\u00e9<\/h2>\n<p>Hindu Kush es un firme favorito entre los consumidores de marihuana de todo el mundo, tan popular que esta variedad incluso aparece en el juego Hempire. El Hind\u00fa Kush. Esta incre\u00edble planta de hach\u00eds est\u00e1 cubierta de tricomas. Hindu Kush es una \u00edndica pura que produce un cl\u00e1sico efecto de cuerpo pesado, aliviando el dolor y aliviando la tensi\u00f3n muscular. Comprar Cake Mix\/Mintz<\/p>\n<p>Resultados probados en el laboratorio:<br \/>\nTHC: 22%<\/p>\n<p>CBD: 0,1%<\/p>\n<p>Hindu Kush es una cepa \u00edndica pura originaria de la cadena monta\u00f1osa Hindu Kush, que se extiende 500 millas entre Pakist\u00e1n y Afganist\u00e1n. El contenido de THC de esta potente \u00edndica fluct\u00faa entre el 14% y el 20%. Hindu Kush se ha convertido en una planta resistente y resinosa para sobrevivir en las duras monta\u00f1as hind\u00faes. Esto la hace f\u00e1cil de cultivar y una gran variedad para la producci\u00f3n de hach\u00eds. Hindu Kush tiene un aroma dulce y terroso y es excelente para aliviar el dolor y el insomnio. Hindu Kush a la venta en l\u00ednea.comprar BROWNIE DE MENTA CON INFUSI\u00d3N DE CANNABIS<\/p>\n<p>El duro clima de su tierra natal ha llevado a esta cepa a desarrollar una gruesa capa protectora de tricomas cristalinos apreciados por los productores de hach\u00eds de todo el mundo. Con un sutil aroma a s\u00e1ndalo dulce y terroso, Hindu Kush induce una profunda sensaci\u00f3n de calma que ayuda a aliviar a quienes experimentan dolor, n\u00e1useas y trastornos relacionados con el estr\u00e9s.<\/p>\n<p>Compra Hindu Kush Online, un verdadero favorito entre los usuarios de marihuana de todo el mundo, tan popular que esta cepa incluso aparece en el juego Hempire. Compra XXX OgEsta incre\u00edble planta de hach\u00eds est\u00e1 cubierta de tricomas. Hindu Kush es una \u00edndica pura que ofrece un cl\u00e1sico efecto de cuerpo pesado mientras apaga el dolor y alivia la tensi\u00f3n muscular.<\/p>","protected":false},"excerpt":{"rendered":"<p>Esta cepa predominantemente \u00edndica es una mezcla de cepas Afghani y Blackberry y tiene hermosos cogollos de color p\u00farpura oscuro con pelos anaranjados. Las plantas florecen en 7-8 semanas y no son particularmente productivas, pero los cogollos densos y duros tienen cristales por todas partes.<\/p>","protected":false},"featured_media":428,"comment_status":"open","ping_status":"closed","template":"","meta":{"om_disable_all_campaigns":false,"_monsterinsights_skip_tracking":false,"_monsterinsights_sitenote_active":false,"_monsterinsights_sitenote_note":"","_monsterinsights_sitenote_category":0},"product_brand":[],"product_cat":[126,195],"product_tag":[225,226,224],"class_list":{"0":"post-426","1":"product","2":"type-product","3":"status-publish","4":"has-post-thumbnail","6":"product_cat-blumen","7":"product_cat-indica-sorten","8":"product_tag-kaufen-sie-kekse-vor-rollen-in-rhode-island","9":"product_tag-kaufen-sie-mitglied-berry-in-michigan","10":"product_tag-kekse-und-broetchen-in-north-dakota-kaufen","12":"first","13":"instock","14":"shipping-taxable","15":"purchasable","16":"product-type-variable"},"_links":{"self":[{"href":"https:\/\/caliweedonlineshop.com\/es\/wp-json\/wp\/v2\/product\/426","targetHints":{"allow":["GET"]}}],"collection":[{"href":"https:\/\/caliweedonlineshop.com\/es\/wp-json\/wp\/v2\/product"}],"about":[{"href":"https:\/\/caliweedonlineshop.com\/es\/wp-json\/wp\/v2\/types\/product"}],"replies":[{"embeddable":true,"href":"https:\/\/caliweedonlineshop.com\/es\/wp-json\/wp\/v2\/comments?post=426"}],"wp:featuredmedia":[{"embeddable":true,"href":"https:\/\/caliweedonlineshop.com\/es\/wp-json\/wp\/v2\/media\/428"}],"wp:attachment":[{"href":"https:\/\/caliweedonlineshop.com\/es\/wp-json\/wp\/v2\/media?parent=426"}],"wp:term":[{"taxonomy":"product_brand","embeddable":true,"href":"https:\/\/caliweedonlineshop.com\/es\/wp-json\/wp\/v2\/product_brand?post=426"},{"taxonomy":"product_cat","embeddable":true,"href":"https:\/\/caliweedonlineshop.com\/es\/wp-json\/wp\/v2\/product_cat?post=426"},{"taxonomy":"product_tag","embeddable":true,"href":"https:\/\/caliweedonlineshop.com\/es\/wp-json\/wp\/v2\/product_tag?post=426"}],"curies":[{"name":"wp","href":"https:\/\/api.w.org\/{rel}","templated":true}]}}