{"id":433,"date":"2023-01-13T06:32:08","date_gmt":"2023-01-13T06:32:08","guid":{"rendered":"https:\/\/caliweedonlineshop.com\/?post_type=product&#038;p=433"},"modified":"2023-01-13T06:32:08","modified_gmt":"2023-01-13T06:32:08","slug":"kosher-kush","status":"publish","type":"product","link":"https:\/\/caliweedonlineshop.com\/es\/product\/kosher-kush\/","title":{"rendered":"Kosher kush"},"content":{"rendered":"<h1>Comprar Kosher Kush online<\/h1>\n<p>Compra Kusher Kush online. Ordene Kosher Kush en l\u00ednea. Presentada en 2003 por Ken Estes, Granddaddy Purple (o GDP) es un famoso h\u00edbrido \u00edndica de Purple Urkle y Big Bud. Este alimento b\u00e1sico de California hereda un complejo aroma a uva y bayas de su padre Purple Urkle, mientras que Big Bud transmite su estructura de cogollos compactos y de gran tama\u00f1o. Los cogollos de GDP florecen en profundos tonos p\u00farpura, un fondo que contrasta con la capa de resina cristalina blanca como la nieve. comprar helado de cereza blanca<\/p>\n<p>Sus potentes efectos se pueden sentir tanto en la mente como en el cuerpo, brindando una fusi\u00f3n de euforia cerebral y relajaci\u00f3n f\u00edsica. Si bien su mente puede estar flotando en un subid\u00f3n de ensue\u00f1o, es m\u00e1s probable que su cuerpo permanezca fijo en un lugar durante la duraci\u00f3n de los efectos del PIB. Granddaddy Purple generalmente se saca del estante para los usuarios que buscan combatir el dolor, el estr\u00e9s, el insomnio, la falta de apetito y los espasmos musculares. GDP bendice a los cultivadores con rendimientos masivos, listos para cosechar despu\u00e9s de un per\u00edodo de floraci\u00f3n de interior de 60 d\u00edas, directamente del cielo a tus pulmones. comprar viuda blanca<\/p>\n<h2>Comprar Kosher Kush online<\/h2>\n<p>Compra Kosher Kush en l\u00ednea. ordenar kosher kush en l\u00ednea La mayor\u00eda de las cepas van de semilla a planta y luego a las tiendas, pero \u00bfcu\u00e1ntas son bendecidas por un rabino? Solo una, y esa es Kosher Kush, la \u00edndica din\u00e1mica de tus sue\u00f1os.<\/p>\n<p>Ganadora de las Hightime Cannabis Cups en 2010, 2011 y 2012, KK se ha ganado una buena parte de la fama.<\/p>\n<p>Si bien es conocida por sus bendiciones, eso no es todo por lo que es conocida. La Kosher Kush, antes conocida como Jew Gold por muchos fumetas de la vieja escuela, es un cami\u00f3n lleno de una cepa \u00edndica que se desarroll\u00f3 por primera vez en el sur de California. Creada por un legendario equipo jas\u00eddico de criadores artesanales, esta \u00edndica ha ganado notoriedad por su origen desconocido, sus potentes efectos y su sabroso perfil de terpenos. La Kosher Kush ha captado la atenci\u00f3n de todo el mundo y se ha ganado su reputaci\u00f3n, ganando la High Times Cannabis Cup consecutiva a la Mejor Indica en 2010 y 2011. Seg\u00fan los informes, los niveles de THC de White Rhino en estas pepitas de oro han alcanzado hasta el 29%, con promedios de Kosher Kush m\u00e1s cercanos al 19-23%. lo que la convierte en una \u00edndica muy impresionante y una excelente opci\u00f3n para aquellos que buscan un subid\u00f3n m\u00e1s duradero. El perfil de terpenos \u00fanico de Kosher Kush est\u00e1 determinado por las concentraciones de limoneno, beta-mirceno y beta-cariofileno, que le dan a Kosher Kush sus notas base amaderadas, vegetales y picantes con matices c\u00edtricos y dulces a\u00f1adidos. <a href=\"https:\/\/caliweedonlineshop.com\/es\/\">weed online kaufen Europa<\/a><\/p>","protected":false},"excerpt":{"rendered":"<p>Presentada en 2003 por Ken Estes, Granddaddy Purple (o GDP) es un famoso h\u00edbrido \u00edndica de Purple Urkle y Big Bud. Este alimento b\u00e1sico de California hereda un complejo aroma a uva y bayas de su padre Purple Urkle, mientras que Big Bud transmite su estructura de cogollos compactos y de gran tama\u00f1o.<\/p>","protected":false},"featured_media":434,"comment_status":"open","ping_status":"closed","template":"","meta":{"om_disable_all_campaigns":false,"_monsterinsights_skip_tracking":false,"_monsterinsights_sitenote_active":false,"_monsterinsights_sitenote_note":"","_monsterinsights_sitenote_category":0},"product_brand":[],"product_cat":[126,195],"product_tag":[227,228,229],"class_list":{"0":"post-433","1":"product","2":"type-product","3":"status-publish","4":"has-post-thumbnail","6":"product_cat-blumen","7":"product_cat-indica-sorten","8":"product_tag-biscotti-online-kaufen-in-deutschland","9":"product_tag-blaue-traeume-online-kaufen-usa","10":"product_tag-hawaiian-haze-online-kaufen-in-australien","12":"first","13":"instock","14":"shipping-taxable","15":"purchasable","16":"product-type-variable"},"_links":{"self":[{"href":"https:\/\/caliweedonlineshop.com\/es\/wp-json\/wp\/v2\/product\/433","targetHints":{"allow":["GET"]}}],"collection":[{"href":"https:\/\/caliweedonlineshop.com\/es\/wp-json\/wp\/v2\/product"}],"about":[{"href":"https:\/\/caliweedonlineshop.com\/es\/wp-json\/wp\/v2\/types\/product"}],"replies":[{"embeddable":true,"href":"https:\/\/caliweedonlineshop.com\/es\/wp-json\/wp\/v2\/comments?post=433"}],"wp:featuredmedia":[{"embeddable":true,"href":"https:\/\/caliweedonlineshop.com\/es\/wp-json\/wp\/v2\/media\/434"}],"wp:attachment":[{"href":"https:\/\/caliweedonlineshop.com\/es\/wp-json\/wp\/v2\/media?parent=433"}],"wp:term":[{"taxonomy":"product_brand","embeddable":true,"href":"https:\/\/caliweedonlineshop.com\/es\/wp-json\/wp\/v2\/product_brand?post=433"},{"taxonomy":"product_cat","embeddable":true,"href":"https:\/\/caliweedonlineshop.com\/es\/wp-json\/wp\/v2\/product_cat?post=433"},{"taxonomy":"product_tag","embeddable":true,"href":"https:\/\/caliweedonlineshop.com\/es\/wp-json\/wp\/v2\/product_tag?post=433"}],"curies":[{"name":"wp","href":"https:\/\/api.w.org\/{rel}","templated":true}]}}