{"id":445,"date":"2023-01-13T06:40:29","date_gmt":"2023-01-13T06:40:29","guid":{"rendered":"https:\/\/caliweedonlineshop.com\/?post_type=product&#038;p=445"},"modified":"2023-01-13T06:42:28","modified_gmt":"2023-01-13T06:42:28","slug":"northern-light","status":"publish","type":"product","link":"https:\/\/caliweedonlineshop.com\/es\/product\/northern-light\/","title":{"rendered":"Northern light"},"content":{"rendered":"<h1>Compara auroras boreales en Creston<\/h1>\n<p>Compra Northern Lights en Creston. Pide Northern Lights en Creston. Northern Lights es una de las cepas m\u00e1s famosas de todos los tiempos, una<a href=\"https:\/\/caliweedonlineshop.com\/index.php\/product-category\/blumen\/indica-sorten\/\"> reine Indica<\/a>valorada por sus cogollos resinosos, r\u00e1pida floraci\u00f3n y resiliencia durante el crecimiento. Northern Lights es descendiente de nativos <a href=\"https:\/\/caliweedonlineshop.com\/index.php\/product\/afghan-kush\/\">afghanischer<\/a> und <a href=\"https:\/\/www.leafly.com\/strains\/thai\" target=\"_blank\" rel=\"noopener\">thail\u00e4ndischer Landrassen<\/a> y ha producido h\u00edbridos famosos como Shiva Skunk y Super Silver Haze. Se rumorea que Northern Lights germin\u00f3 por primera vez cerca de Seattle, Washington, pero fue propagada desde Holanda despu\u00e9s de 1985 por lo que ahora es Sensi Seeds.<\/p>\n<p>Los aromas picantes y especiados emanan de los cogollos recubiertos de cristales, que a veces revelan tonos p\u00farpura. Los efectos psicoactivos de Northern Lights se asientan en todo el cuerpo, relajando los m\u00fasculos y calmando la mente en una euforia de ensue\u00f1o. La inercia placentera permite a los pacientes aliviar el dolor y el insomnio, mientras que su suave satisfacci\u00f3n disipa la depresi\u00f3n y el estr\u00e9s. Comprar GRN CBD Vanilla Custard CBD Vape Cartridge Circulan en el mercado algunos fenotipos diferentes de Northern Lights, pero Sensi Seeds recomienda un tiempo general de floraci\u00f3n en interiores de 45-50 d\u00edas. Comprar Moonrocks online Comprar galletas Frosties<\/p>\n<h2>Compara auroras boreales en Creston<\/h2>\n<p>Compra Northern Lights en Creston. Pide Northern Lights en Creston. La Northern Lights, anteriormente conocida como CI #5 F1, es una variedad de dominancia \u00edndica galardonada. Bien recibida por cultivadores, pacientes medicinales y usuarios recreativos, esta variedad es quiz\u00e1s una de las variedades \u00edndica m\u00e1s populares de todos los tiempos. La variedad est\u00e1 disponible en farmacias de toda la costa oeste y Colorado.comprar Girl Scout Cookies<\/p>\n<p>Northern Lights es conocida por muchos como una cepa para dejar de fumar de dos pasos que pone el cuerpo en un modo perezoso maravillosamente adormecedor. La necesidad de sentarse en el sof\u00e1 y responder a la llamada para comer puede ser abrumadora para los usuarios sin experiencia, incluso en dosis m\u00e1s bajas.<\/p>\n<p>Este subid\u00f3n f\u00edsico va acompa\u00f1ado de una agradable sensaci\u00f3n de bienestar y felicidad. Algunos usuarios experimentados tambi\u00e9n reportan una mayor creatividad y enfoque. comprar Garrison-Lane<\/p>\n<p>Los efectos negativos promedio permanecen: boca y ojos secos, mareos, paranoia y ansiedad en dosis m\u00e1s altas.<\/p>\n<p>Como la mayor\u00eda de sus ancestros y descendientes de base \u00edndica, Northern Lights es muy recomendable para uso nocturno y para el insomnio. comprar Grape Jelly Es una de las cepas \u00edndica m\u00e1s puras que existen (95 % \u00edndica, 5 % sativa) que es muy calmante. potencia del maletero. Tambi\u00e9n se elige a menudo para reducir los efectos del estr\u00e9s y la ansiedad. Muchos tambi\u00e9n la eligen por el poderoso subid\u00f3n f\u00edsico que debilita sus cadenas de dolor cr\u00f3nico. Y el fuerte efecto estimulante del apetito se utiliza para ayudar a las personas que sufren trastornos alimentarios como la anorexia.<\/p>\n<p>El linaje exacto y la historia de la Northern Light est\u00e1n envueltos en un misterio, pero se cree que es un h\u00edbrido de dos cepas b\u00e1sicas de landrace: la tailandesa y la afgana. Sabemos que la cepa se perfeccion\u00f3 en Holanda y solo lleg\u00f3 a Estados Unidos en los \u00faltimos a\u00f1os.<\/p>","protected":false},"excerpt":{"rendered":"<p>Northern Lights es una de las variedades m\u00e1s famosas de todos los tiempos, una \u00edndica pura valorada por sus cogollos resinosos, floraci\u00f3n r\u00e1pida y resistencia durante el crecimiento.<\/p>","protected":false},"featured_media":446,"comment_status":"open","ping_status":"closed","template":"","meta":{"om_disable_all_campaigns":false,"_monsterinsights_skip_tracking":false,"_monsterinsights_sitenote_active":false,"_monsterinsights_sitenote_note":"","_monsterinsights_sitenote_category":0},"product_brand":[],"product_cat":[16],"product_tag":[232,233,234],"class_list":{"0":"post-445","1":"product","2":"type-product","3":"status-publish","4":"has-post-thumbnail","6":"product_cat-uncategorized","7":"product_tag-ak-47-weed-online-kaufen-in-los-angeles","8":"product_tag-chapo-kekse-in-alaska-kaufen","9":"product_tag-og-kekse-in-portland-kaufen","11":"first","12":"instock","13":"shipping-taxable","14":"purchasable","15":"product-type-variable"},"_links":{"self":[{"href":"https:\/\/caliweedonlineshop.com\/es\/wp-json\/wp\/v2\/product\/445","targetHints":{"allow":["GET"]}}],"collection":[{"href":"https:\/\/caliweedonlineshop.com\/es\/wp-json\/wp\/v2\/product"}],"about":[{"href":"https:\/\/caliweedonlineshop.com\/es\/wp-json\/wp\/v2\/types\/product"}],"replies":[{"embeddable":true,"href":"https:\/\/caliweedonlineshop.com\/es\/wp-json\/wp\/v2\/comments?post=445"}],"wp:featuredmedia":[{"embeddable":true,"href":"https:\/\/caliweedonlineshop.com\/es\/wp-json\/wp\/v2\/media\/446"}],"wp:attachment":[{"href":"https:\/\/caliweedonlineshop.com\/es\/wp-json\/wp\/v2\/media?parent=445"}],"wp:term":[{"taxonomy":"product_brand","embeddable":true,"href":"https:\/\/caliweedonlineshop.com\/es\/wp-json\/wp\/v2\/product_brand?post=445"},{"taxonomy":"product_cat","embeddable":true,"href":"https:\/\/caliweedonlineshop.com\/es\/wp-json\/wp\/v2\/product_cat?post=445"},{"taxonomy":"product_tag","embeddable":true,"href":"https:\/\/caliweedonlineshop.com\/es\/wp-json\/wp\/v2\/product_tag?post=445"}],"curies":[{"name":"wp","href":"https:\/\/api.w.org\/{rel}","templated":true}]}}