{"id":458,"date":"2023-01-13T06:53:40","date_gmt":"2023-01-13T06:53:40","guid":{"rendered":"https:\/\/caliweedonlineshop.com\/?post_type=product&#038;p=458"},"modified":"2023-01-13T06:53:40","modified_gmt":"2023-01-13T06:53:40","slug":"og-kush","status":"publish","type":"product","link":"https:\/\/caliweedonlineshop.com\/es\/product\/og-kush\/","title":{"rendered":"OG kush"},"content":{"rendered":"<h1>Compra OG Kush en Coulee Dam<\/h1>\n<p>Compra OG Kush en Coulee Dam. Pide OG Kush en Coulee Dam. OG Kush se cri\u00f3 por primera vez en Florida a principios de los 90 como una variedad del norte de California con una <a href=\"https:\/\/caliweedonlineshop.com\/index.php\/product\/hindu-kush\/\">Hindu Kush<\/a> Se cruz\u00f3 la planta de Amsterdam. El resultado fue un h\u00edbrido con un perfil de terpenos \u00fanico que exhibe un aroma complejo con notas de combustible, skunk y especias.comprar Banana Runtz<\/p>\n<p>OG Kush, la columna vertebral gen\u00e9tica de las variedades de cannabis de la Costa Oeste, lleg\u00f3 a Los \u00c1ngeles en 1996<\/p>\n<p>cuando Matt \"Bubba\" Berger la llev\u00f3 (junto con \"The Bubba\", que luego se convirti\u00f3 en la famosa Bubba Kush) de Florida al legendario criador Josh D. Desde entonces, OG Kush se ha convertido en un alimento b\u00e1sico en todo el mundo, generando numerosas cepas famosas como GSC y Headband. Hay muchos fenotipos diferentes de OG Kush, incluidos Tahoe OG, SFV OG y Ghost OG.compre Blissfully Baked Brownie<\/p>\n<p>OG Kush es una variedad legendaria con profundas ra\u00edces en la cultura cann\u00e1bica. Fue criada en Florida a principios de los 90 como un cruce entre una cepa desconocida del norte de California y la Hindu Kush. El OG Kush con el que estamos familiarizados hoy en d\u00eda fue creado por el estimado criador Matt \"Bubba\" Berger cuando cruz\u00f3 el Forum Cut de OG Kush con su The Bubba. La concentraci\u00f3n de THC de la OG Kush oscila entre el 20 % y el 25 %, lo que la convierte en una cepa h\u00edbrida bastante potente. El perfil de terpenos distintivo de OG Kush se caracteriza por sus tonos terrosos de gas o combustible, skunk y especias. comprar Berry Pie<\/p>\n<h2>Compra OG Kush en Coulee Dam<\/h2>\n<p>Compra OG Kush en Coulee Dam. pide OG Kush en Coulee Dam. OG Kush es una de las variedades de cannabis m\u00e1s populares que existen. OG Kush. Esta sensaci\u00f3n de la d\u00e9cada de 1990 tambi\u00e9n es la base de muchos h\u00edbridos modernos. Con un contenido de THC de hasta el 24 %, no es de extra\u00f1ar que esta variedad se haya vuelto tan famosa.comprar Banana Pound Cake<br \/>\nEsta variedad te dejar\u00e1 con una sensaci\u00f3n de euforia y energ\u00eda. Es excelente para tratar estados de depresi\u00f3n, estr\u00e9s y dolor cr\u00f3nico. comprar Ball Family Farms<\/p>\n<h4>Resultados probados en el laboratorio:<\/h4>\n<p>THC: 24%<\/p>\n<p>CBD: 0,1%<\/p>\n<h3>Experiencia OG Kush<\/h3>\n<p>OG Kush es una de las variedades m\u00e1s populares que existen. Sin embargo, su gen\u00e9tica es todo un misterio. Se cree que proviene de un saco de semillas en Florida y luego fue cultivada en California por la gente detr\u00e1s de Imperial Genetics. Se cree que es una mezcla de Chemdawg e Hindu Kush. Comprar Pl\u00e1tano Lato<\/p>\n<p>Esta variedad es un h\u00edbrido \u00edndica dominante con un aroma y una estructura de cogollos similares a los de Kush. Aunque existe cierto debate, se cree que \"OG\" significa Ocean Grown, un homenaje a la herencia californiana de esta variedad. A pesar de sus or\u00edgenes misteriosos y el manto de la tradici\u00f3n cann\u00e1bica, la popularidad de la OG Kush no ha hecho m\u00e1s que crecer. Tanto los cultivadores como los consumidores no pueden quitarle las manos de encima a esta variedad.comprar Blueberry<\/p>\n<p>La OG Kush es conocida por sus efectos placenteros y euf\u00f3ricos. Muchas personas que sufren de cambios de humor o estr\u00e9s cr\u00f3nico adoran esta cepa por la felicidad que induce. Este estimulante efecto de coloc\u00f3n va acompa\u00f1ado de un caracter\u00edstico subid\u00f3n \u00edndica. Si bien su estado de \u00e1nimo puede ser ligero y alegre, es probable que su cuerpo est\u00e9 pegado al sof\u00e1. comprar Blue skittlez<\/p>\n<p>Los fumadores recreativos tambi\u00e9n tienen motivos para amar a la OG Kush. Sus efectos calmantes son justo lo que necesitas cuando llegas a casa y quieres dominar tu videojuego favorito o disfrutar de una cena relajante con amigos y familiares. Sin embargo, los nuevos usuarios pueden encontrar estos h\u00edbridos demasiado sedantes. Sus niveles de THC pueden alcanzar hasta el 24%, lo que hace que esta flor sea bastante potente.<\/p>\n<p>Cuando se cura adecuadamente, esta variedad tiene un olor a humedad que ser\u00e1 familiar para los fan\u00e1ticos de otras variedades Kush. Este olor se vuelve a\u00fan m\u00e1s intenso a medida que se abren los cogollos, y se unen notas de c\u00edtricos y pino. El humo picante tiende a hacer toser a los consumidores de marihuana, mientras que es probable que el aroma permanezca en el aire mucho despu\u00e9s de que la hierba se haya ido.<\/p>\n<p>Los tricomas de los cogollos son tan densos que esta variedad casi parece nieve. Ten un molinillo cerca si quieres moler esta variedad, ya que es una hierba pegajosa. Comprar Bubblegum Kush<\/p>\n<h3>Beneficios medicinales de OG Kush<\/h3>\n<p>Esta variedad ofrece los efectos relajantes de una \u00edndica con altos niveles de THC. Esta combinaci\u00f3n ganadora convierte a la OG Kush en una cepa medicinal popular.<\/p>\n<p>Los pacientes de marihuana medicinal que sufren de dolor, n\u00e1useas y migra\u00f1as encontrar\u00e1n alivio con esta cepa.<\/p>\n<p>Adem\u00e1s, a las personas con ADD\/ADHD les suele gustar esta cepa.<\/p>\n<p>Algunos incluso afirman que esta cepa puede ayudar con la enfermedad de Alzheimer. <a href=\"https:\/\/caliweedonlineshop.com\/es\/\">weed online kaufen Europa<\/a><\/p>","protected":false},"excerpt":{"rendered":"<p>Kaufen Sie OG Kush in Coulee Dam Kaufen Sie OG Kush in Coulee Dam. Bestellen Sie OG Kush in Coulee Dam. OG Kush wurde erstmals in den fr\u00fchen 90er Jahren in Florida gez\u00fcchtet, als eine Sorte aus Nordkalifornien mit einer Hindu Kush Pflanze aus Amsterdam gekreuzt wurde. Das Ergebnis war eine Hybride mit einem einzigartigen [&hellip;]<\/p>","protected":false},"featured_media":459,"comment_status":"open","ping_status":"closed","template":"","meta":{"om_disable_all_campaigns":false,"_monsterinsights_skip_tracking":false,"_monsterinsights_sitenote_active":false,"_monsterinsights_sitenote_note":"","_monsterinsights_sitenote_category":0},"product_brand":[],"product_cat":[195,126],"product_tag":[],"class_list":{"0":"post-458","1":"product","2":"type-product","3":"status-publish","4":"has-post-thumbnail","6":"product_cat-indica-sorten","7":"product_cat-blumen","9":"first","10":"instock","11":"shipping-taxable","12":"purchasable","13":"product-type-variable"},"_links":{"self":[{"href":"https:\/\/caliweedonlineshop.com\/es\/wp-json\/wp\/v2\/product\/458","targetHints":{"allow":["GET"]}}],"collection":[{"href":"https:\/\/caliweedonlineshop.com\/es\/wp-json\/wp\/v2\/product"}],"about":[{"href":"https:\/\/caliweedonlineshop.com\/es\/wp-json\/wp\/v2\/types\/product"}],"replies":[{"embeddable":true,"href":"https:\/\/caliweedonlineshop.com\/es\/wp-json\/wp\/v2\/comments?post=458"}],"wp:featuredmedia":[{"embeddable":true,"href":"https:\/\/caliweedonlineshop.com\/es\/wp-json\/wp\/v2\/media\/459"}],"wp:attachment":[{"href":"https:\/\/caliweedonlineshop.com\/es\/wp-json\/wp\/v2\/media?parent=458"}],"wp:term":[{"taxonomy":"product_brand","embeddable":true,"href":"https:\/\/caliweedonlineshop.com\/es\/wp-json\/wp\/v2\/product_brand?post=458"},{"taxonomy":"product_cat","embeddable":true,"href":"https:\/\/caliweedonlineshop.com\/es\/wp-json\/wp\/v2\/product_cat?post=458"},{"taxonomy":"product_tag","embeddable":true,"href":"https:\/\/caliweedonlineshop.com\/es\/wp-json\/wp\/v2\/product_tag?post=458"}],"curies":[{"name":"wp","href":"https:\/\/api.w.org\/{rel}","templated":true}]}}