{"id":464,"date":"2023-01-13T06:56:46","date_gmt":"2023-01-13T06:56:46","guid":{"rendered":"https:\/\/caliweedonlineshop.com\/?post_type=product&#038;p=464"},"modified":"2023-01-13T06:56:46","modified_gmt":"2023-01-13T06:56:46","slug":"orange-kush","status":"publish","type":"product","link":"https:\/\/caliweedonlineshop.com\/es\/product\/orange-kush\/","title":{"rendered":"orange kush"},"content":{"rendered":"<h1>Comprar Orange Kush<\/h1>\n<p>Compra Orange Kush online. Ordene Orange Kush en l\u00ednea. Criada por Green Devil Genetics, Orange Kush es la descendencia de Orange Bud y OG Kush. Relaja el cuerpo y eleva el estado de \u00e1nimo con un sabor c\u00edtrico dulce y picante. Esta variedad es resistente a la mayor\u00eda de plagas y mohos y tiene cogollos largos y densos con muchos pelos anaranjados y cristales de tricomas. comprar ponche morado<\/p>\n<p>Los genes sativa de OG Kush y los genes \u00edndica de Orange Bud se combinaron para crear Orange Kush. El sabor es \u00e1cido y c\u00edtrico, mientras que el olor presenta notas fuertes y dulces de naranja. comprar Peanut butter BreathLos cogollos tienen hojas de color verde lima y pelos de color naranja brillante, acorde con el nombre. Se sabe que los niveles de THC superan el 22 %, lo que convierte a esta cepa en una de las m\u00e1s potentes del mercado, sea legal o no. El contenido de CBD, por otro lado, es muy bajo, menos del medio por ciento, demasiado bajo para recomendar Orange Kush como un buen tratamiento para los trastornos convulsivos y otros problemas que pueden aliviarse con CBD. El efecto de esta variedad indica sin duda su tendencia \u00edndica: fuerte euforia, profunda relajaci\u00f3n f\u00edsica, sentimientos de felicidad, Somnolencia y un fuerte caso de antojos. Eso por s\u00ed solo la convierte en una gran herramienta para tratar un trastorno alimentario o de antojo, pero Orange Kush tambi\u00e9n es una excelente opci\u00f3n para pacientes que sufren de ansiedad, depresi\u00f3n, TDAH, inflamaci\u00f3n, migra\u00f1as, espasmos musculares y dolor. Las cualidades negativas incluyen ojos secos y boca seca. Esta variedad es m\u00e1s popular en Arizona y el noroeste del Pac\u00edfico. Comprar Pi\u00f1a Express Esta variedad es m\u00e1s popular en Arizona y el noroeste del Pac\u00edfico. Comprar Pi\u00f1a Express Esta variedad es m\u00e1s popular en Arizona y el noroeste del Pac\u00edfico. Comprar Pi\u00f1a Express<\/p>\n<h2>Comprar Orange Kush online<\/h2>\n<p>Compra Orange Kush online. Ordene Orange Kush en l\u00ednea. Los efectos de esta cepa son indicativos de su afiliaci\u00f3n \u00edndica: fuerte euforia, profunda relajaci\u00f3n f\u00edsica, sentimientos de felicidad, somnolencia y una fuerte necesidad de comer. Eso por s\u00ed solo hace que esta variedad sea una gran herramienta para tratar cualquier trastorno alimentario o de ansias, pero Orange Kush tambi\u00e9n es una excelente opci\u00f3n para pacientes que sufren de ansiedad, depresi\u00f3n, TDAH, inflamaci\u00f3n, migra\u00f1as, espasmos musculares y dolor. Las cualidades negativas incluyen ojos secos y boca seca. Comprar Pl\u00e1tano Lato<br \/>\nCriada por Green Devil Genetics, Orange Kush es la descendencia de Orange Bud y OG Kush. Relaja el cuerpo y eleva el estado de \u00e1nimo con un aroma c\u00edtrico dulce y picante. Esta cepa es resistente a la mayor\u00eda de plagas y mohos y tiene cogollos largos y densos con muchos pelos anaranjados y cristales de tricomas. Esta cepa h\u00edbrida de marihuana sativa dominante fue dise\u00f1ada para ser un cultivador fuerte y resistente. Las plantas Organic Kush se derivan de los padres OG Kush y SAGE y, como muchas sativas, tienen un tiempo de floraci\u00f3n un poco m\u00e1s largo de 10-11 semanas.comprar Lpsc X Km 24 Estas plantas tienen muchas ramas con hojas de color verde oscuro pero sus cogollos son de color verde claro y huelen a pino reci\u00e9n cortado.<\/p>","protected":false},"excerpt":{"rendered":"<p>Criada por Green Devil Genetics, Orange Kush es la descendencia de Orange Bud y OG Kush. Relaja el cuerpo y eleva el estado de \u00e1nimo con un aroma c\u00edtrico dulce y \u00e1cido.<\/p>\n<p>&nbsp;<\/p>","protected":false},"featured_media":465,"comment_status":"open","ping_status":"closed","template":"","meta":{"om_disable_all_campaigns":false,"_monsterinsights_skip_tracking":false,"_monsterinsights_sitenote_active":false,"_monsterinsights_sitenote_note":"","_monsterinsights_sitenote_category":0},"product_brand":[],"product_cat":[126,195],"product_tag":[199,214,239],"class_list":{"0":"post-464","1":"product","2":"type-product","3":"status-publish","4":"has-post-thumbnail","6":"product_cat-blumen","7":"product_cat-indica-sorten","8":"product_tag-alice-brownies-online-kaufen-in-uk","9":"product_tag-banana-runtz-online-in-australien-kaufen","10":"product_tag-zitronen-kirsch-gelato-in-grossbritannien-kaufen","12":"first","13":"instock","14":"shipping-taxable","15":"purchasable","16":"product-type-variable"},"_links":{"self":[{"href":"https:\/\/caliweedonlineshop.com\/es\/wp-json\/wp\/v2\/product\/464","targetHints":{"allow":["GET"]}}],"collection":[{"href":"https:\/\/caliweedonlineshop.com\/es\/wp-json\/wp\/v2\/product"}],"about":[{"href":"https:\/\/caliweedonlineshop.com\/es\/wp-json\/wp\/v2\/types\/product"}],"replies":[{"embeddable":true,"href":"https:\/\/caliweedonlineshop.com\/es\/wp-json\/wp\/v2\/comments?post=464"}],"wp:featuredmedia":[{"embeddable":true,"href":"https:\/\/caliweedonlineshop.com\/es\/wp-json\/wp\/v2\/media\/465"}],"wp:attachment":[{"href":"https:\/\/caliweedonlineshop.com\/es\/wp-json\/wp\/v2\/media?parent=464"}],"wp:term":[{"taxonomy":"product_brand","embeddable":true,"href":"https:\/\/caliweedonlineshop.com\/es\/wp-json\/wp\/v2\/product_brand?post=464"},{"taxonomy":"product_cat","embeddable":true,"href":"https:\/\/caliweedonlineshop.com\/es\/wp-json\/wp\/v2\/product_cat?post=464"},{"taxonomy":"product_tag","embeddable":true,"href":"https:\/\/caliweedonlineshop.com\/es\/wp-json\/wp\/v2\/product_tag?post=464"}],"curies":[{"name":"wp","href":"https:\/\/api.w.org\/{rel}","templated":true}]}}