{"id":470,"date":"2023-01-13T07:00:39","date_gmt":"2023-01-13T07:00:39","guid":{"rendered":"https:\/\/caliweedonlineshop.com\/?post_type=product&#038;p=470"},"modified":"2023-01-13T07:00:39","modified_gmt":"2023-01-13T07:00:39","slug":"paris-og","status":"publish","type":"product","link":"https:\/\/caliweedonlineshop.com\/es\/product\/paris-og\/","title":{"rendered":"Paris og"},"content":{"rendered":"<h1>Comprar Paris OG kush online<\/h1>\n<p>Compra Paris OG kush online. Ordene Paris OG kush en l\u00ednea. Par\u00eds OG es uno <a href=\"https:\/\/caliweedonlineshop.com\/index.php\/product-category\/blumen\/indica-sorten\/\">indicadominierte Sorte<\/a> con un efecto calmante que favorece el descanso y la relajaci\u00f3n. Se rumorea que Paris OG es de Headband y <a href=\"https:\/\/www.leafly.com\/strains\/lemon-og\" target=\"_blank\" rel=\"noopener\">Lemon OG<\/a> que juntos transmiten una dulce mezcla de aromas afrutados y c\u00edtricos. Con victorias en m\u00faltiples competencias, incluido el primer lugar en la Cannabis Cup de Michigan High Times 2014, Paris OG sin duda se ha asegurado una reputaci\u00f3n duradera en el mundo del cannabis. comprar Alice Brownie<\/p>","protected":false},"excerpt":{"rendered":"<p>Paris OG es una variedad de dominancia \u00edndica con un efecto calmante que favorece el descanso y la relajaci\u00f3n. Se rumorea que Paris OG desciende de Headband y Lemon OG, que juntos transmiten una dulce mezcla de sabores c\u00edtricos afrutados.<\/p>\n<p>&nbsp;<\/p>","protected":false},"featured_media":471,"comment_status":"open","ping_status":"closed","template":"","meta":{"om_disable_all_campaigns":false,"_monsterinsights_skip_tracking":false,"_monsterinsights_sitenote_active":false,"_monsterinsights_sitenote_note":"","_monsterinsights_sitenote_category":0},"product_brand":[],"product_cat":[126,195],"product_tag":[216,240,219],"class_list":{"0":"post-470","1":"product","2":"type-product","3":"status-publish","4":"has-post-thumbnail","6":"product_cat-blumen","7":"product_cat-indica-sorten","8":"product_tag-ball-family-farms-online-kaufen-in-uk","9":"product_tag-ball-family-farms-online-kaufen-in-usa","10":"product_tag-zitronen-kirsch-gelato-in-deutschland-kaufen","12":"first","13":"instock","14":"shipping-taxable","15":"purchasable","16":"product-type-variable"},"_links":{"self":[{"href":"https:\/\/caliweedonlineshop.com\/es\/wp-json\/wp\/v2\/product\/470","targetHints":{"allow":["GET"]}}],"collection":[{"href":"https:\/\/caliweedonlineshop.com\/es\/wp-json\/wp\/v2\/product"}],"about":[{"href":"https:\/\/caliweedonlineshop.com\/es\/wp-json\/wp\/v2\/types\/product"}],"replies":[{"embeddable":true,"href":"https:\/\/caliweedonlineshop.com\/es\/wp-json\/wp\/v2\/comments?post=470"}],"wp:featuredmedia":[{"embeddable":true,"href":"https:\/\/caliweedonlineshop.com\/es\/wp-json\/wp\/v2\/media\/471"}],"wp:attachment":[{"href":"https:\/\/caliweedonlineshop.com\/es\/wp-json\/wp\/v2\/media?parent=470"}],"wp:term":[{"taxonomy":"product_brand","embeddable":true,"href":"https:\/\/caliweedonlineshop.com\/es\/wp-json\/wp\/v2\/product_brand?post=470"},{"taxonomy":"product_cat","embeddable":true,"href":"https:\/\/caliweedonlineshop.com\/es\/wp-json\/wp\/v2\/product_cat?post=470"},{"taxonomy":"product_tag","embeddable":true,"href":"https:\/\/caliweedonlineshop.com\/es\/wp-json\/wp\/v2\/product_tag?post=470"}],"curies":[{"name":"wp","href":"https:\/\/api.w.org\/{rel}","templated":true}]}}