{"id":482,"date":"2023-01-14T12:09:05","date_gmt":"2023-01-14T12:09:05","guid":{"rendered":"https:\/\/caliweedonlineshop.com\/?post_type=product&#038;p=482"},"modified":"2023-01-14T12:09:05","modified_gmt":"2023-01-14T12:09:05","slug":"pineapple-kush","status":"publish","type":"product","link":"https:\/\/caliweedonlineshop.com\/es\/product\/pineapple-kush\/","title":{"rendered":"Pineapple kush"},"content":{"rendered":"<h1>Comprar Pineapple Kush en Aberdeen.<\/h1>\n<p>Comprar Pineapple Kush en Aberdeen. Ordene Pineapple Kush en l\u00ednea. Pineapple Kush es una variedad de cannabis que tiene un aroma a pi\u00f1a con toques de caramelo y mantequilla. El sabor se describe como un sutil sabor a pi\u00f1a dulce con un trasfondo de menta. Se desconoce el criador de esta cepa, pero las cepas progenitoras son Pineapple y Master Kush. Los cogollos son de color marr\u00f3n\/verde y est\u00e1n cubiertos de cristales de color \u00e1mbar. comprar Paris ogEl subid\u00f3n generalmente se describe como cerebral con una sensaci\u00f3n de cuerpo ligero.comprar Pluto Cookies<\/p>\n<p>Purple Punch es la fusi\u00f3n dulce y relajante de dos cl\u00e1sicos de dominancia \u00edndica. El cruce de Larry OG con Granddaddy Purple dio como resultado la Purple Punch, incre\u00edblemente cargada de tricomas, que huele a caramelo de uva, muffins de ar\u00e1ndanos y tarta de Kool-Aid. La potencia de esta variedad le da al consumidor un doble golpe en la cabeza y el cuerpo, primero aterrizando entre los ojos y luego acomod\u00e1ndose en las extremidades. La Purple Punch es una variedad de postre deliciosa que es mejor para la cena. Sus efectos pueden ayudar a controlar las n\u00e1useas, el estr\u00e9s, los dolores corporales leves y el insomnio. Comprar Ponche Morado<\/p>\n<h2>Comprar Pineapple Kush en Aberdeen<\/h2>\n<p>Kaufen Sie Pineapple Kush in Aberdeen. bestellen Sie Pineapple Kush in Aberdeen. Indica-dominanter Hybrid &#8211; 80% Indica \/ 20% Sativa<br \/>\nTHC: 18% &#8211; 20%, CBD: 1%<br \/>\nLa Purple Punch es un raro h\u00edbrido \u00edndica dominante (80 % \u00edndica\/20 % sativa) creado al cruzar la cl\u00e1sica Larry OG con la deliciosamente potente Grand Daddy Purps. Con un doble golpe de efectos euf\u00f3ricos y un nivel de THC promedio s\u00faper alto de 18-20%, sentir\u00e1s el subid\u00f3n de Purple Punch casi de inmediato. comprar Purple Og kush. Sentir\u00e1s una oleada de euforia seguida de una embriagadora elevaci\u00f3n que te transportar\u00e1 a un estado de pura felicidad. A medida que su mente sube m\u00e1s y m\u00e1s, su cuerpo comienza a entrar en un estado de relajaci\u00f3n que es muy calmante y embriagador, lo que a menudo conduce a un sue\u00f1o prolongado y tranquilo. Combinados con los altos niveles de THC, estos efectos hacen que Purple Punch sea perfecto para contrarrestar los efectos del insomnio. combatir el estr\u00e9s cr\u00f3nico, las n\u00e1useas, el dolor cr\u00f3nico y la depresi\u00f3n. compre Grape ApeEste cogollo tiene pepitas esponjosas de gran tama\u00f1o de color verde ne\u00f3n brillante con escasos pelos de color rojo anaranjado y una capa de diminutos tricomas de cristal \u00e1mbar escarchados. El sabor es muy dulce con un sabor a vainilla y ar\u00e1ndanos que tiene toques de caramelo de uva ligeramente agrio. compre Grape ApeEste cogollo tiene pepitas esponjosas de gran tama\u00f1o de color verde ne\u00f3n brillante con escasos pelos de color rojo anaranjado y una capa de diminutos tricomas de cristal \u00e1mbar escarchados. El sabor es muy dulce con un sabor a vainilla y ar\u00e1ndanos que tiene toques de caramelo de uva ligeramente agrio. compre hierba en l\u00ednea en Europa compre Grape ApeEste cogollo tiene pepitas esponjosas de gran tama\u00f1o de color verde ne\u00f3n brillante con escasos pelos de color rojo anaranjado y una capa de diminutos tricomas de cristal \u00e1mbar escarchados. El sabor es muy dulce con un sabor a vainilla y ar\u00e1ndanos que tiene toques de caramelo de uva ligeramente agrio.<\/p>\n<p>&nbsp;<\/p>","protected":false},"excerpt":{"rendered":"<p>Pineapple Kush es una variedad de cannabis que tiene un aroma a pi\u00f1a con toques de caramelo y mantequilla. El sabor se describe como un sutil sabor a pi\u00f1a dulce con un trasfondo de menta. Si bien se desconoce el criador de esta cepa, sus cepas progenitoras son Pineapple y Master Kush.<\/p>","protected":false},"featured_media":483,"comment_status":"open","ping_status":"closed","template":"","meta":{"om_disable_all_campaigns":false,"_monsterinsights_skip_tracking":false,"_monsterinsights_sitenote_active":false,"_monsterinsights_sitenote_note":"","_monsterinsights_sitenote_category":0},"product_brand":[],"product_cat":[126,195],"product_tag":[],"class_list":{"0":"post-482","1":"product","2":"type-product","3":"status-publish","4":"has-post-thumbnail","6":"product_cat-blumen","7":"product_cat-indica-sorten","9":"first","10":"instock","11":"shipping-taxable","12":"purchasable","13":"product-type-variable"},"_links":{"self":[{"href":"https:\/\/caliweedonlineshop.com\/es\/wp-json\/wp\/v2\/product\/482","targetHints":{"allow":["GET"]}}],"collection":[{"href":"https:\/\/caliweedonlineshop.com\/es\/wp-json\/wp\/v2\/product"}],"about":[{"href":"https:\/\/caliweedonlineshop.com\/es\/wp-json\/wp\/v2\/types\/product"}],"replies":[{"embeddable":true,"href":"https:\/\/caliweedonlineshop.com\/es\/wp-json\/wp\/v2\/comments?post=482"}],"wp:featuredmedia":[{"embeddable":true,"href":"https:\/\/caliweedonlineshop.com\/es\/wp-json\/wp\/v2\/media\/483"}],"wp:attachment":[{"href":"https:\/\/caliweedonlineshop.com\/es\/wp-json\/wp\/v2\/media?parent=482"}],"wp:term":[{"taxonomy":"product_brand","embeddable":true,"href":"https:\/\/caliweedonlineshop.com\/es\/wp-json\/wp\/v2\/product_brand?post=482"},{"taxonomy":"product_cat","embeddable":true,"href":"https:\/\/caliweedonlineshop.com\/es\/wp-json\/wp\/v2\/product_cat?post=482"},{"taxonomy":"product_tag","embeddable":true,"href":"https:\/\/caliweedonlineshop.com\/es\/wp-json\/wp\/v2\/product_tag?post=482"}],"curies":[{"name":"wp","href":"https:\/\/api.w.org\/{rel}","templated":true}]}}