{"id":488,"date":"2023-01-14T12:13:39","date_gmt":"2023-01-14T12:13:39","guid":{"rendered":"https:\/\/caliweedonlineshop.com\/?post_type=product&#038;p=488"},"modified":"2023-03-18T00:39:03","modified_gmt":"2023-03-18T00:39:03","slug":"platinum-og","status":"publish","type":"product","link":"https:\/\/caliweedonlineshop.com\/es\/product\/platinum-og\/","title":{"rendered":"Platinum Og"},"content":{"rendered":"<h1>Comprar Platinum OG en Amira<\/h1>\n<p>Comprar Platinum OG en Amira. Ordene Platin OG en Amira. Platinum OG es tan valioso como el metal que le da nombre. Este <a href=\"https:\/\/caliweedonlineshop.com\/index.php\/product-category\/blumen\/indica-sorten\/\">Indica-dominante<\/a> Hybrid afirma ser una de las cepas \"m\u00e1s pesadas\" que existen. <a href=\"https:\/\/www.leafly.com\/strains\/platinum-og?__cf_chl_tk=4slfV0DQZTCDtbK270ptJZ47UjFQqa_Gxn0j7bcT0ro-1673698407-0-gaNycGzND70\" target=\"_blank\" rel=\"noopener\">Platinum OG<\/a> Se dice que desciende de tres cepas: Master Kush, OG Kush y un tercer padre desconocido. comprar <a href=\"https:\/\/caliweedonlineshop.com\/index.php\/product\/obama-kush\/\">Obama kush<\/a>. Las flores son de color verde lima y rechonchas, con vistosas. comprar naranja kush<\/p>\n<p>pelos anaranjados y una capa de platino gracias a los numerosos cristales de THC. Un inicio breve y embriagador se transforma en una fuerte sedaci\u00f3n f\u00edsica adecuada para el uso nocturno y para aliviar el dolor, el estr\u00e9s o la ansiedad, lo que convierte a esta valiosa cepa en una sanadora robusta. compre Godfather Og<\/p>\n<p>Los efectos de Platinum OG son inicialmente bastante intensos, edificantes y calmantes para la mente, pero se estabilizan r\u00e1pidamente y, a menudo, tienen un efecto sedante en los usuarios y deben usarse con precauci\u00f3n. Por ello, es un excelente tratamiento nocturno para la depresi\u00f3n, el estr\u00e9s y la ansiedad. El subid\u00f3n corporal similar a un narc\u00f3tico tambi\u00e9n puede tratar el dolor cr\u00f3nico, los espasmos musculares y el insomnio. Tambi\u00e9n puede ayudar a aliviar las migra\u00f1as y los efectos de otros trastornos del estado de \u00e1nimo. compre Pineapple Express<\/p>\n<p>Experiencia Platinum OG<br \/>\nSin embargo, dada su potencia, se recomienda precauci\u00f3n, o un c\u00f3modo sof\u00e1 puede convertirse en una sensaci\u00f3n de mareo y agobio.<\/p>\n<h3>Comprar Platinum OG en Amira<\/h3>\n<p>Comprar Platinum OG en Amira. Ordene platino OG en Amira. Si los conocedores deciden probar esta variedad, no deber\u00edan tener mucho m\u00e1s planeado para el resto del d\u00eda. Definitivamente es una hierba nocturna que abruma al usuario con bastante rapidez. Despu\u00e9s de un breve juego previo mental, se vuelve intensamente calmante. comprar pi\u00f1a kush<\/p>\n<p>Los usuarios describen una sensaci\u00f3n de calidez l\u00edquida y pura tranquilidad, con una desaparici\u00f3n total del estr\u00e9s y el dolor. Una mentalidad sativa persiste por debajo, pero no es el efecto principal.<\/p>\n<p>Los amantes del consumo alternativo estar\u00e1n encantados de saber que este cannabis est\u00e1 ampliamente disponible en forma de pluma y vape.<\/p>","protected":false},"excerpt":{"rendered":"<p>Platinum OG es tan valioso como el metal que le da nombre. Este h\u00edbrido \u00edndica dominante se mantiene como una de las cepas \"m\u00e1s pesadas\" que existen. Se afirma que Platinum OG desciende de tres cepas: Master Kush, OG Kush y un tercer padre desconocido. Las flores son de color verde lima y regordetas, con distintivo<\/p>","protected":false},"featured_media":489,"comment_status":"open","ping_status":"closed","template":"","meta":{"om_disable_all_campaigns":false,"_monsterinsights_skip_tracking":false,"_monsterinsights_sitenote_active":false,"_monsterinsights_sitenote_note":"","_monsterinsights_sitenote_category":0},"product_brand":[],"product_cat":[126,195],"product_tag":[],"class_list":{"0":"post-488","1":"product","2":"type-product","3":"status-publish","4":"has-post-thumbnail","6":"product_cat-blumen","7":"product_cat-indica-sorten","9":"first","10":"instock","11":"shipping-taxable","12":"purchasable","13":"product-type-variable"},"_links":{"self":[{"href":"https:\/\/caliweedonlineshop.com\/es\/wp-json\/wp\/v2\/product\/488","targetHints":{"allow":["GET"]}}],"collection":[{"href":"https:\/\/caliweedonlineshop.com\/es\/wp-json\/wp\/v2\/product"}],"about":[{"href":"https:\/\/caliweedonlineshop.com\/es\/wp-json\/wp\/v2\/types\/product"}],"replies":[{"embeddable":true,"href":"https:\/\/caliweedonlineshop.com\/es\/wp-json\/wp\/v2\/comments?post=488"}],"wp:featuredmedia":[{"embeddable":true,"href":"https:\/\/caliweedonlineshop.com\/es\/wp-json\/wp\/v2\/media\/489"}],"wp:attachment":[{"href":"https:\/\/caliweedonlineshop.com\/es\/wp-json\/wp\/v2\/media?parent=488"}],"wp:term":[{"taxonomy":"product_brand","embeddable":true,"href":"https:\/\/caliweedonlineshop.com\/es\/wp-json\/wp\/v2\/product_brand?post=488"},{"taxonomy":"product_cat","embeddable":true,"href":"https:\/\/caliweedonlineshop.com\/es\/wp-json\/wp\/v2\/product_cat?post=488"},{"taxonomy":"product_tag","embeddable":true,"href":"https:\/\/caliweedonlineshop.com\/es\/wp-json\/wp\/v2\/product_tag?post=488"}],"curies":[{"name":"wp","href":"https:\/\/api.w.org\/{rel}","templated":true}]}}