{"id":494,"date":"2023-01-14T12:15:57","date_gmt":"2023-01-14T12:15:57","guid":{"rendered":"https:\/\/caliweedonlineshop.com\/?post_type=product&#038;p=494"},"modified":"2023-01-14T12:16:25","modified_gmt":"2023-01-14T12:16:25","slug":"purple-og-kush","status":"publish","type":"product","link":"https:\/\/caliweedonlineshop.com\/es\/product\/purple-og-kush\/","title":{"rendered":"Purple Og kush"},"content":{"rendered":"<h2>Comprar Purple Kush online<\/h2>\n<p>Compra Purple Kush en l\u00ednea. Ordene Purple Kush en l\u00ednea. Purple Kush es una variedad \u00edndica pura que se origin\u00f3 a partir del cruce de Hindu Kush y Purple Afghani en el \u00e1rea de Oakland en California. Su aroma es sutil y terroso con matices dulces t\u00edpicos de las cepas Kush. Una euforia dichosa y duradera envuelve la mente mientras que la relajaci\u00f3n f\u00edsica libera al cuerpo de dolores y molestias, insomnio y estr\u00e9s. Con un crecimiento m\u00e1s ancho que alto, Purple Kush est\u00e1 lista para cosechar despu\u00e9s de un per\u00edodo de floraci\u00f3n de 8 semanas.Comprar Pluto Cookies<\/p>","protected":false},"excerpt":{"rendered":"<p>Purple Kush es una variedad \u00edndica pura que se origin\u00f3 en el \u00e1rea de Oakland de California al cruzar Hindu Kush y Purple Afghani.<\/p>","protected":false},"featured_media":495,"comment_status":"open","ping_status":"closed","template":"","meta":{"om_disable_all_campaigns":false,"_monsterinsights_skip_tracking":false,"_monsterinsights_sitenote_active":false,"_monsterinsights_sitenote_note":"","_monsterinsights_sitenote_category":0},"product_brand":[],"product_cat":[126,195],"product_tag":[],"class_list":{"0":"post-494","1":"product","2":"type-product","3":"status-publish","4":"has-post-thumbnail","6":"product_cat-blumen","7":"product_cat-indica-sorten","9":"first","10":"instock","11":"shipping-taxable","12":"purchasable","13":"product-type-variable"},"_links":{"self":[{"href":"https:\/\/caliweedonlineshop.com\/es\/wp-json\/wp\/v2\/product\/494","targetHints":{"allow":["GET"]}}],"collection":[{"href":"https:\/\/caliweedonlineshop.com\/es\/wp-json\/wp\/v2\/product"}],"about":[{"href":"https:\/\/caliweedonlineshop.com\/es\/wp-json\/wp\/v2\/types\/product"}],"replies":[{"embeddable":true,"href":"https:\/\/caliweedonlineshop.com\/es\/wp-json\/wp\/v2\/comments?post=494"}],"wp:featuredmedia":[{"embeddable":true,"href":"https:\/\/caliweedonlineshop.com\/es\/wp-json\/wp\/v2\/media\/495"}],"wp:attachment":[{"href":"https:\/\/caliweedonlineshop.com\/es\/wp-json\/wp\/v2\/media?parent=494"}],"wp:term":[{"taxonomy":"product_brand","embeddable":true,"href":"https:\/\/caliweedonlineshop.com\/es\/wp-json\/wp\/v2\/product_brand?post=494"},{"taxonomy":"product_cat","embeddable":true,"href":"https:\/\/caliweedonlineshop.com\/es\/wp-json\/wp\/v2\/product_cat?post=494"},{"taxonomy":"product_tag","embeddable":true,"href":"https:\/\/caliweedonlineshop.com\/es\/wp-json\/wp\/v2\/product_tag?post=494"}],"curies":[{"name":"wp","href":"https:\/\/api.w.org\/{rel}","templated":true}]}}