{"id":500,"date":"2023-01-14T12:22:22","date_gmt":"2023-01-14T12:22:22","guid":{"rendered":"https:\/\/caliweedonlineshop.com\/?post_type=product&#038;p=500"},"modified":"2023-01-14T12:22:22","modified_gmt":"2023-01-14T12:22:22","slug":"purple-punch","status":"publish","type":"product","link":"https:\/\/caliweedonlineshop.com\/es\/product\/purple-punch\/","title":{"rendered":"Purple Punch"},"content":{"rendered":"<h1>Purple Punch kaufen en l\u00ednea<\/h1>\n<p>Comprar Purple Punch en l\u00ednea. Ordene Purple Punch en l\u00ednea. Purple Punch es la uni\u00f3n dulce y relajante de dos <a href=\"https:\/\/caliweedonlineshop.com\/index.php\/product-category\/blumen\/indica-sorten\/\">Indica<\/a>-cl\u00e1sicos dominantes. al cruzar <a href=\"https:\/\/www.leafly.com\/strains\/larry-og\" target=\"_blank\" rel=\"noopener\">Larry OG<\/a> mit <a href=\"https:\/\/weedseedsexpress.com\/de\/samen\/granddaddy-purple-feminisiert\" target=\"_blank\" rel=\"noopener\">Granddaddy Purple<\/a> naci\u00f3 el Purple Punch incre\u00edblemente rico en tricomas, con olor a caramelo de uva, muffins de ar\u00e1ndanos y Kool-Aid agrio. La potencia de esta variedad le da al consumidor un doble golpe en la cabeza y el cuerpo, primero aterrizando entre los ojos y luego acomod\u00e1ndose en las extremidades. La Purple Punch es una variedad de postre deliciosa que es mejor para la cena. Sus efectos pueden ayudar a controlar las n\u00e1useas, el estr\u00e9s, los dolores corporales leves y el insomnio.<\/p>\n<h2>Purple Punch kaufen en l\u00ednea<\/h2>\n<p>Comprar Purple Punch en l\u00ednea. Ordene Purple Punch en l\u00ednea. Purple Punch es la fusi\u00f3n dulce y relajante de dos cl\u00e1sicos de dominancia \u00edndica. El cruce de Larry OG con Granddaddy Purple dio como resultado la Purple Punch, sorprendentemente rica en tricomas, que huele a caramelo de uva, muffins de ar\u00e1ndanos y Kool-Aid agrio. La potencia de esta variedad le da al consumidor un doble golpe en la cabeza y el cuerpo, primero aterrizando entre los ojos y luego acomod\u00e1ndose en las extremidades. La Purple Punch es una variedad de postre deliciosa que es mejor para la cena. Sus efectos pueden ayudar a controlar las n\u00e1useas, el estr\u00e9s, los dolores corporales leves y el insomnio. 80% \u00cdndica \/ 20% Sativa<br \/>\nTHC: 18% &#8211; 20%, CBD: 1%<br \/>\nLa Purple Punch es un raro h\u00edbrido \u00edndica dominante (80 % \u00edndica\/20 % sativa) creado al cruzar la cl\u00e1sica Larry OG con la deliciosamente potente Grand Daddy Purps. Con un doble golpe de efectos euf\u00f3ricos y un nivel de THC promedio s\u00faper alto de 18-20%, sentir\u00e1s el subid\u00f3n de Purple Punch casi de inmediato. Sentir\u00e1s una oleada de euforia seguida de una embriagadora elevaci\u00f3n que te transportar\u00e1 a un estado de pura felicidad. A medida que su mente sube m\u00e1s y m\u00e1s, su cuerpo comienza a entrar en un estado de relajaci\u00f3n que es muy calmante y embriagador, lo que a menudo conduce a un sue\u00f1o prolongado y tranquilo. Combinados con los altos niveles de THC, estos efectos hacen que Purple Punch sea perfecto para contrarrestar los efectos del insomnio, el estr\u00e9s cr\u00f3nico, las n\u00e1useas, combatir el dolor cr\u00f3nico y la depresi\u00f3n. Comprar GRN CBD Vanilla Custard CBD Vape CartridgeEste cogollo tiene pepitas esponjosas de gran tama\u00f1o de color verde ne\u00f3n brillante con escasos pelos de color rojo anaranjado y una capa de diminutos tricomas de cristal \u00e1mbar escarchados. Romper cada pepita peque\u00f1a libera aromas terrosos de ar\u00e1ndanos y uvas, respaldados por un trasfondo de hierbas dulces. El sabor es muy dulce con un sabor a vainilla y ar\u00e1ndanos que tiene toques de caramelo de uva ligeramente agrio. Romper cada pepita peque\u00f1a libera aromas terrosos de ar\u00e1ndanos y uvas, respaldados por un trasfondo de hierbas dulces. El sabor es muy dulce con un sabor a vainilla y ar\u00e1ndanos que tiene toques de caramelo de uva ligeramente agrio. Romper cada pepita peque\u00f1a libera aromas terrosos de ar\u00e1ndanos y uvas, respaldados por un trasfondo de hierbas dulces. El sabor es muy dulce con un sabor a vainilla y ar\u00e1ndanos que tiene toques de caramelo de uva ligeramente agrio.<a href=\"https:\/\/caliweedonlineshop.com\/es\/\">buy weed online Europe<\/a><\/p>","protected":false},"excerpt":{"rendered":"<p>Purple Punch es la fusi\u00f3n dulce y relajante de dos cl\u00e1sicos de dominancia \u00edndica. El cruce de Larry OG con Granddaddy Purple dio lugar a la Purple Punch, sorprendentemente cargada de tricomas, que huele a caramelo de uva, muffins de ar\u00e1ndanos y tarta de Kool-Aid.<\/p>","protected":false},"featured_media":501,"comment_status":"open","ping_status":"closed","template":"","meta":{"om_disable_all_campaigns":false,"_monsterinsights_skip_tracking":false,"_monsterinsights_sitenote_active":false,"_monsterinsights_sitenote_note":"","_monsterinsights_sitenote_category":0},"product_brand":[],"product_cat":[126,195],"product_tag":[205,241,242],"class_list":{"0":"post-500","1":"product","2":"type-product","3":"status-publish","4":"has-post-thumbnail","6":"product_cat-blumen","7":"product_cat-indica-sorten","8":"product_tag-ak-47-weed-online-kaufen-in-deutschland","9":"product_tag-banana-runtz-online-kaufen-in-deutschland","10":"product_tag-gelato-online-kaufen-in-usa","12":"first","13":"instock","14":"shipping-taxable","15":"purchasable","16":"product-type-variable"},"_links":{"self":[{"href":"https:\/\/caliweedonlineshop.com\/es\/wp-json\/wp\/v2\/product\/500","targetHints":{"allow":["GET"]}}],"collection":[{"href":"https:\/\/caliweedonlineshop.com\/es\/wp-json\/wp\/v2\/product"}],"about":[{"href":"https:\/\/caliweedonlineshop.com\/es\/wp-json\/wp\/v2\/types\/product"}],"replies":[{"embeddable":true,"href":"https:\/\/caliweedonlineshop.com\/es\/wp-json\/wp\/v2\/comments?post=500"}],"wp:featuredmedia":[{"embeddable":true,"href":"https:\/\/caliweedonlineshop.com\/es\/wp-json\/wp\/v2\/media\/501"}],"wp:attachment":[{"href":"https:\/\/caliweedonlineshop.com\/es\/wp-json\/wp\/v2\/media?parent=500"}],"wp:term":[{"taxonomy":"product_brand","embeddable":true,"href":"https:\/\/caliweedonlineshop.com\/es\/wp-json\/wp\/v2\/product_brand?post=500"},{"taxonomy":"product_cat","embeddable":true,"href":"https:\/\/caliweedonlineshop.com\/es\/wp-json\/wp\/v2\/product_cat?post=500"},{"taxonomy":"product_tag","embeddable":true,"href":"https:\/\/caliweedonlineshop.com\/es\/wp-json\/wp\/v2\/product_tag?post=500"}],"curies":[{"name":"wp","href":"https:\/\/api.w.org\/{rel}","templated":true}]}}