{"id":506,"date":"2023-01-14T12:25:25","date_gmt":"2023-01-14T12:25:25","guid":{"rendered":"https:\/\/caliweedonlineshop.com\/?post_type=product&#038;p=506"},"modified":"2023-01-16T06:48:50","modified_gmt":"2023-01-16T06:48:50","slug":"sherbinskis","status":"publish","type":"product","link":"https:\/\/caliweedonlineshop.com\/es\/product\/sherbinskis\/","title":{"rendered":"sherbinskis"},"content":{"rendered":"<h1>Sherbinskis en Colorado kaufen<\/h1>\n<p>Compre Sherbinskis en Colorado. Un h\u00edbrido de Sunset Sherbert (Girl Scout Cookies y Pink Panties) y Thin Mint Cookies (y OG Kush), esta cepa de dominancia \u00edndica ofrece un humo espeso, rico y pesado. Es como sumergirse en un taz\u00f3n grande de helado. Con un toque de dulzura en primer plano y embriagadores tonos tierra al final, Bacio tiene una sensaci\u00f3n en boca gorda y con cuerpo con un efecto de hormigueo latente. Con niveles de THC m\u00e1s altos que otras cepas de Gelato, esta variedad es ideal para fumadores con mayor tolerancia y es excelente para tomar un sorbo a altas horas de la noche o para desterrar la tristeza durante el d\u00eda. Big Mex Magic Mushroom en l\u00ednea EE. UU.<\/p>\n<p>Sherbinskis fue fundada en San Francisco por Mario Guzm\u00e1n, quien se hizo un nombre como criador de cannabis experimentado. Ayud\u00f3 a desarrollar cepas con gen\u00e9ticas de renombre mundial. A Guzm\u00e1n se le atribuye la invenci\u00f3n de Sunset Sherbert y la l\u00ednea de sabores Gelato: Bacio, Acai Berry, Mochi y Gello. Compre Sherbinskis en Colorado. Comprar Cake Mix\/Mintz<\/p>\n<p>Aparte del cannabis, Sherbinskis tambi\u00e9n ha iniciado colaboraciones en moda y hip-hop. Hoy, Sherbinskis ofrece una tienda f\u00edsica, mercader\u00eda, perolls de c\u00e1\u00f1amo y productos de cannabis premium, espec\u00edficamente cartuchos de flores y vape.<\/p>\n<p>El ic\u00f3nico envase naranja. La hierba a\u00fan m\u00e1s ic\u00f3nica incluida en este paquete. Sherbinskis es una de esas raras marcas OG que ha vivido con cogollos premium durante d\u00e9cadas. Fundada por Mario Guzm\u00e1n en su garaje de San Francisco, Sherbinskis es la marca legendaria detr\u00e1s de cepas como Sunset Sherbert, Pink Panties y la familia Gelato: Bacio, Acai berry, Mochi y Gello buy. Roca lunar de Kurupt<\/p>\n<h2>Sherbinskis en Colorado kaufen<\/h2>\n<p>Compre Sherbinskis en Colorado. TL; DR: Sherbinskis ha aparecido en m\u00e1s de 200 canciones de hip hop. \u00bfQu\u00e9 m\u00e1s necesitas saber?<\/p>\n<p>SHERBINSKIS es un favorito de culto fundado en el Distrito Sunset de San Francisco por el Sr. Sherbinski, un catador de cannabis y curador de gen\u00e9ticas de renombre mundial: Pink Panties, Sunset Sherbert y la l\u00ednea Gelato: Bacio, Mochi, Acai Berry y Gello. Comprar tabletas de diazepam 10 mg en l\u00ednea<\/p>\n<p>SHERBINSKIS tiene ra\u00edces en San Francisco, California y es conocido por su respeto inquebrantable por la alquimia vegetal y la cultura que la rodea. Nuestras diversas cepas y cultivares tienen seguidores devotos de expertos y entusiastas de todo el mundo, donde el valor de la calidad absoluta y la experiencia es primordial. Compre Sherbinskis en Colorado. Comprar Strawnana<\/p>\n<p>Aprovechando este resurgimiento global, SHERBINSKIS se ha expandido por todo California y ha seleccionado dispensarios en todo el pa\u00eds para ofrecer una l\u00ednea de productos de cannabis originales que incluyen flores, pre-rollos, cartuchos de vape, extractos y accesorios. Brownie maravillosamente horneado<\/p>\n<p>Celebrado por nuestras mam\u00e1s, pap\u00e1s, amigos y familiares, as\u00ed como por nuestros artistas y animadores favoritos, desde John Mayer hasta Migos, SHERBINSKIS se enorgullece de ser ruidoso y crecer para compartir. Comprar marihuana en l\u00ednea.<\/p>","protected":false},"excerpt":{"rendered":"<p>Esta variedad con indica dominante es un cruce entre Sunset Sherbert (Girl Scout Cookies y Pink Panties) y Thin Mint Cookies (F1 y OG Kush) y ofrece un humo denso, rico y pesado.<\/p>","protected":false},"featured_media":507,"comment_status":"open","ping_status":"closed","template":"","meta":{"om_disable_all_campaigns":false,"_monsterinsights_skip_tracking":false,"_monsterinsights_sitenote_active":false,"_monsterinsights_sitenote_note":"","_monsterinsights_sitenote_category":0},"product_brand":[],"product_cat":[195,126,351],"product_tag":[],"class_list":{"0":"post-506","1":"product","2":"type-product","3":"status-publish","4":"has-post-thumbnail","6":"product_cat-indica-sorten","7":"product_cat-blumen","8":"product_cat-marken-cannabis","10":"first","11":"instock","12":"shipping-taxable","13":"purchasable","14":"product-type-variable"},"_links":{"self":[{"href":"https:\/\/caliweedonlineshop.com\/es\/wp-json\/wp\/v2\/product\/506","targetHints":{"allow":["GET"]}}],"collection":[{"href":"https:\/\/caliweedonlineshop.com\/es\/wp-json\/wp\/v2\/product"}],"about":[{"href":"https:\/\/caliweedonlineshop.com\/es\/wp-json\/wp\/v2\/types\/product"}],"replies":[{"embeddable":true,"href":"https:\/\/caliweedonlineshop.com\/es\/wp-json\/wp\/v2\/comments?post=506"}],"wp:featuredmedia":[{"embeddable":true,"href":"https:\/\/caliweedonlineshop.com\/es\/wp-json\/wp\/v2\/media\/507"}],"wp:attachment":[{"href":"https:\/\/caliweedonlineshop.com\/es\/wp-json\/wp\/v2\/media?parent=506"}],"wp:term":[{"taxonomy":"product_brand","embeddable":true,"href":"https:\/\/caliweedonlineshop.com\/es\/wp-json\/wp\/v2\/product_brand?post=506"},{"taxonomy":"product_cat","embeddable":true,"href":"https:\/\/caliweedonlineshop.com\/es\/wp-json\/wp\/v2\/product_cat?post=506"},{"taxonomy":"product_tag","embeddable":true,"href":"https:\/\/caliweedonlineshop.com\/es\/wp-json\/wp\/v2\/product_tag?post=506"}],"curies":[{"name":"wp","href":"https:\/\/api.w.org\/{rel}","templated":true}]}}