{"id":512,"date":"2023-01-14T12:29:25","date_gmt":"2023-01-14T12:29:25","guid":{"rendered":"https:\/\/caliweedonlineshop.com\/?post_type=product&#038;p=512"},"modified":"2023-01-14T12:29:25","modified_gmt":"2023-01-14T12:29:25","slug":"super-shunk","status":"publish","type":"product","link":"https:\/\/caliweedonlineshop.com\/es\/product\/super-shunk\/","title":{"rendered":"Super shunk"},"content":{"rendered":"<h1>Comprar Super Shunk en l\u00ednea<\/h1>\n<p>Comprar Super Shunk en l\u00ednea. Ordene Super Shunk en l\u00ednea. Super Skunk es una variedad predominantemente \u00edndica que obtiene sus robustos cogollos de su variedad madre, Skunk #1. Al retrocruzar la legendaria Skunk con la gen\u00e9tica Afghani, Sensi Seeds cre\u00f3 una variedad con cogollos densos y gruesos conocida por ser extremadamente picante y sorprendentemente dulce en sabor. Esta cepa produce un efecto fuerte y relajante en el cuerpo y es una excelente respuesta al aumento del estr\u00e9s y a los dolores y molestias f\u00edsicas.comprar <a href=\"https:\/\/caliweedonlineshop.com\/index.php\/product\/super-sour-diesel\/\">Sour Diesel<\/a><\/p>","protected":false},"excerpt":{"rendered":"<p>Super Skunk es una variedad predominantemente \u00edndica que obtiene sus robustos cogollos de su variedad madre, Skunk #1. Al retrocruzar la legendaria Skunk con la gen\u00e9tica Afghani, Sensi Seeds cre\u00f3 una variedad con cogollos densos y gruesos conocida por ser extremadamente picante y sorprendentemente dulce en sabor.<\/p>","protected":false},"featured_media":513,"comment_status":"open","ping_status":"closed","template":"","meta":{"om_disable_all_campaigns":false,"_monsterinsights_skip_tracking":false,"_monsterinsights_sitenote_active":false,"_monsterinsights_sitenote_note":"","_monsterinsights_sitenote_category":0},"product_brand":[],"product_cat":[126,195],"product_tag":[199,241,243],"class_list":{"0":"post-512","1":"product","2":"type-product","3":"status-publish","4":"has-post-thumbnail","6":"product_cat-blumen","7":"product_cat-indica-sorten","8":"product_tag-alice-brownies-online-kaufen-in-uk","9":"product_tag-banana-runtz-online-kaufen-in-deutschland","10":"product_tag-blaue-traeume-online-kaufen-in-italien","12":"first","13":"instock","14":"shipping-taxable","15":"purchasable","16":"product-type-variable"},"_links":{"self":[{"href":"https:\/\/caliweedonlineshop.com\/es\/wp-json\/wp\/v2\/product\/512","targetHints":{"allow":["GET"]}}],"collection":[{"href":"https:\/\/caliweedonlineshop.com\/es\/wp-json\/wp\/v2\/product"}],"about":[{"href":"https:\/\/caliweedonlineshop.com\/es\/wp-json\/wp\/v2\/types\/product"}],"replies":[{"embeddable":true,"href":"https:\/\/caliweedonlineshop.com\/es\/wp-json\/wp\/v2\/comments?post=512"}],"wp:featuredmedia":[{"embeddable":true,"href":"https:\/\/caliweedonlineshop.com\/es\/wp-json\/wp\/v2\/media\/513"}],"wp:attachment":[{"href":"https:\/\/caliweedonlineshop.com\/es\/wp-json\/wp\/v2\/media?parent=512"}],"wp:term":[{"taxonomy":"product_brand","embeddable":true,"href":"https:\/\/caliweedonlineshop.com\/es\/wp-json\/wp\/v2\/product_brand?post=512"},{"taxonomy":"product_cat","embeddable":true,"href":"https:\/\/caliweedonlineshop.com\/es\/wp-json\/wp\/v2\/product_cat?post=512"},{"taxonomy":"product_tag","embeddable":true,"href":"https:\/\/caliweedonlineshop.com\/es\/wp-json\/wp\/v2\/product_tag?post=512"}],"curies":[{"name":"wp","href":"https:\/\/api.w.org\/{rel}","templated":true}]}}