{"id":518,"date":"2023-01-14T12:37:55","date_gmt":"2023-01-14T12:37:55","guid":{"rendered":"https:\/\/caliweedonlineshop.com\/?post_type=product&#038;p=518"},"modified":"2023-01-14T12:37:55","modified_gmt":"2023-01-14T12:37:55","slug":"white-rhino","status":"publish","type":"product","link":"https:\/\/caliweedonlineshop.com\/es\/product\/white-rhino\/","title":{"rendered":"White Rhino"},"content":{"rendered":"<h1>Comprar rinoceronte blanco en l\u00ednea.<\/h1>\n<p>White Rhino p\u00e1gina en l\u00ednea. rinoceronte blanco en l\u00ednea bestellen. <a href=\"https:\/\/caliweedonlineshop.com\/index.php\/product\/granddaddy-purple\/\">Granddaddy Purple<\/a> (o GDP) fue presentado por Ken Estes en 2003 y es un famoso h\u00edbrido \u00edndica de Purple Urkle y Big Bud. Este alimento b\u00e1sico de California hereda un complejo aroma a uva y bayas de su padre Purple Urkle, mientras que Big Bud transmite su estructura de cogollos compactos y de gran tama\u00f1o. Los cogollos de GDP, que florecen en tonos morados intensos, proporcionan un fondo que contrasta con la capa de resina cristalina blanca como la nieve.<\/p>\n<p>Sus potentes efectos se pueden sentir tanto en la mente como en el cuerpo, brindando una fusi\u00f3n de euforia cerebral y relajaci\u00f3n f\u00edsica. Si bien su mente puede estar flotando en un frenes\u00ed de ensue\u00f1o, es m\u00e1s probable que su cuerpo se quede fijo en un lugar durante la duraci\u00f3n de los efectos del PIB. Granddaddy Purple generalmente se saca del estante para los usuarios que buscan combatir el dolor, el estr\u00e9s, el insomnio, la falta de apetito y los espasmos musculares. GDP bendice a los cultivadores con rendimientos masivos, listos para cosechar despu\u00e9s de un per\u00edodo de floraci\u00f3n de 60 d\u00edas en interiores.comprar Paris OG<\/p>\n<p>White Rhino es un cruce entre White Widow y una cepa \u00edndica norteamericana desconocida, lo que da como resultado una planta tupida y vigorosa. Los cogollos producen un subid\u00f3n fuerte y embriagador. La ascendencia de la planta proviene de Afganist\u00e1n, Brasil e India. White Rhino es una de las mejores variedades de marihuana para uso medicinal por su alto contenido en THC.comprar Purple Og kush<\/p>\n<p>La White Rhino es una cepa \u00edndica potente y se reconoce f\u00e1cilmente por sus hojas cortas a tupidas, de color verde claro a oscuro. Las pepitas tienen un tono que puede describirse mejor como blanco plateado y es conocida por su potencia, que viene con un subid\u00f3n fuerte y r\u00e1pido que se debe principalmente a los altos niveles de THC, que oscilan entre el 14 y el 20 %. Con un trasfondo de White Widow y una planta sativa norteamericana, tambi\u00e9n es conocida por su fuerte aroma, que es una mezcla de un olor terroso, amargo y especiado.<\/p>\n<h2>White Rhino p\u00e1gina en l\u00ednea<\/h2>\n<p>Comprar Rinoceronte Blanco online. Ordene el rinoceronte blanco en l\u00ednea. Es bastante com\u00fan experimentar sentimientos de pereza, felicidad y euforia despu\u00e9s de fumar esta variedad, por lo que se usa principalmente en el mundo m\u00e9dico para tratar el estr\u00e9s, el dolor y el insomnio. El principal efecto negativo de esta cepa es la sequedad de boca, aunque tambi\u00e9n existe la posibilidad de sequedad en los ojos. Esta variedad tambi\u00e9n es conocida por ser particularmente resistente y capaz de cultivarse en climas extremos.<a href=\"https:\/\/caliweedonlineshop.com\/es\/\">buy weed online Europe<\/a><\/p>","protected":false},"excerpt":{"rendered":"<p>Presentada en 2003 por Ken Estes, Granddaddy Purple (o GDP) es un famoso h\u00edbrido \u00edndica de Purple Urkle y Big Bud. Este alimento b\u00e1sico de California hereda un complejo aroma a uva y bayas de su padre Purple Urkle, mientras que Big Bud transmite su estructura de cogollos compactos y de gran tama\u00f1o.<\/p>","protected":false},"featured_media":519,"comment_status":"open","ping_status":"closed","template":"","meta":{"om_disable_all_campaigns":false,"_monsterinsights_skip_tracking":false,"_monsterinsights_sitenote_active":false,"_monsterinsights_sitenote_note":"","_monsterinsights_sitenote_category":0},"product_brand":[],"product_cat":[126,195],"product_tag":[],"class_list":{"0":"post-518","1":"product","2":"type-product","3":"status-publish","4":"has-post-thumbnail","6":"product_cat-blumen","7":"product_cat-indica-sorten","9":"first","10":"instock","11":"shipping-taxable","12":"purchasable","13":"product-type-variable"},"_links":{"self":[{"href":"https:\/\/caliweedonlineshop.com\/es\/wp-json\/wp\/v2\/product\/518","targetHints":{"allow":["GET"]}}],"collection":[{"href":"https:\/\/caliweedonlineshop.com\/es\/wp-json\/wp\/v2\/product"}],"about":[{"href":"https:\/\/caliweedonlineshop.com\/es\/wp-json\/wp\/v2\/types\/product"}],"replies":[{"embeddable":true,"href":"https:\/\/caliweedonlineshop.com\/es\/wp-json\/wp\/v2\/comments?post=518"}],"wp:featuredmedia":[{"embeddable":true,"href":"https:\/\/caliweedonlineshop.com\/es\/wp-json\/wp\/v2\/media\/519"}],"wp:attachment":[{"href":"https:\/\/caliweedonlineshop.com\/es\/wp-json\/wp\/v2\/media?parent=518"}],"wp:term":[{"taxonomy":"product_brand","embeddable":true,"href":"https:\/\/caliweedonlineshop.com\/es\/wp-json\/wp\/v2\/product_brand?post=518"},{"taxonomy":"product_cat","embeddable":true,"href":"https:\/\/caliweedonlineshop.com\/es\/wp-json\/wp\/v2\/product_cat?post=518"},{"taxonomy":"product_tag","embeddable":true,"href":"https:\/\/caliweedonlineshop.com\/es\/wp-json\/wp\/v2\/product_tag?post=518"}],"curies":[{"name":"wp","href":"https:\/\/api.w.org\/{rel}","templated":true}]}}