{"id":525,"date":"2023-01-14T12:42:47","date_gmt":"2023-01-14T12:42:47","guid":{"rendered":"https:\/\/caliweedonlineshop.com\/?post_type=product&#038;p=525"},"modified":"2023-01-14T12:44:07","modified_gmt":"2023-01-14T12:44:07","slug":"xxx-og","status":"publish","type":"product","link":"https:\/\/caliweedonlineshop.com\/es\/product\/xxx-og\/","title":{"rendered":"XXX Og"},"content":{"rendered":"<h1>Comprar XXX OG en l\u00ednea<\/h1>\n<p>Comprar XXX OG en l\u00ednea. Ordene xxx OG en l\u00ednea. Descendiente de las cepas parentales OG Kush y XXX, XXX OG es una \u00edndica que obtuvo el primer lugar en la Copa de Cannabis de Los \u00c1ngeles 2014. Sus cogollos voluminosos y c\u00f3nicos brillan con una gruesa capa blanca de tricomas goteantes y exudan notas terrosas, a pino y alimonadas que se combinan para crear un aroma jugoso. En peque\u00f1as dosis, XXX OG induce efectos moderadamente sedantes que permiten cierta claridad mental y energ\u00eda f\u00edsica. compre Lemon Zkittle Si aumenta la dosis, la lucha contra el letargo y el bloqueo del sof\u00e1 se vuelve in\u00fatil. Esto convierte a la XXX OG en un excelente remedio para el insomnio, e incluso los casos graves de n\u00e1useas y dolor cr\u00f3nico pueden beneficiarse de los potentes efectos de esta variedad.<\/p>","protected":false},"excerpt":{"rendered":"<p>Derivada de las cepas parentales OG Kush y XXX, es una \u00edndica que obtuvo el primer lugar en la Copa de Cannabis de Los \u00c1ngeles 2014. Sus cogollos voluminosos y c\u00f3nicos brillan con una gruesa capa blanca de tricomas goteantes y exudan notas terrosas, a pino y alimonadas que se combinan para crear un aroma jugoso.<\/p>\n<p>&nbsp;<\/p>","protected":false},"featured_media":526,"comment_status":"open","ping_status":"closed","template":"","meta":{"om_disable_all_campaigns":false,"_monsterinsights_skip_tracking":false,"_monsterinsights_sitenote_active":false,"_monsterinsights_sitenote_note":"","_monsterinsights_sitenote_category":0},"product_brand":[],"product_cat":[126,195],"product_tag":[199,214,244],"class_list":{"0":"post-525","1":"product","2":"type-product","3":"status-publish","4":"has-post-thumbnail","6":"product_cat-blumen","7":"product_cat-indica-sorten","8":"product_tag-alice-brownies-online-kaufen-in-uk","9":"product_tag-banana-runtz-online-in-australien-kaufen","10":"product_tag-kuchenmischung-minntz-online-in-den-usa-kaufen","12":"first","13":"instock","14":"shipping-taxable","15":"purchasable","16":"product-type-variable"},"_links":{"self":[{"href":"https:\/\/caliweedonlineshop.com\/es\/wp-json\/wp\/v2\/product\/525","targetHints":{"allow":["GET"]}}],"collection":[{"href":"https:\/\/caliweedonlineshop.com\/es\/wp-json\/wp\/v2\/product"}],"about":[{"href":"https:\/\/caliweedonlineshop.com\/es\/wp-json\/wp\/v2\/types\/product"}],"replies":[{"embeddable":true,"href":"https:\/\/caliweedonlineshop.com\/es\/wp-json\/wp\/v2\/comments?post=525"}],"wp:featuredmedia":[{"embeddable":true,"href":"https:\/\/caliweedonlineshop.com\/es\/wp-json\/wp\/v2\/media\/526"}],"wp:attachment":[{"href":"https:\/\/caliweedonlineshop.com\/es\/wp-json\/wp\/v2\/media?parent=525"}],"wp:term":[{"taxonomy":"product_brand","embeddable":true,"href":"https:\/\/caliweedonlineshop.com\/es\/wp-json\/wp\/v2\/product_brand?post=525"},{"taxonomy":"product_cat","embeddable":true,"href":"https:\/\/caliweedonlineshop.com\/es\/wp-json\/wp\/v2\/product_cat?post=525"},{"taxonomy":"product_tag","embeddable":true,"href":"https:\/\/caliweedonlineshop.com\/es\/wp-json\/wp\/v2\/product_tag?post=525"}],"curies":[{"name":"wp","href":"https:\/\/api.w.org\/{rel}","templated":true}]}}