{"id":531,"date":"2023-01-14T12:49:13","date_gmt":"2023-01-14T12:49:13","guid":{"rendered":"https:\/\/caliweedonlineshop.com\/?post_type=product&#038;p=531"},"modified":"2023-01-14T12:49:13","modified_gmt":"2023-01-14T12:49:13","slug":"zombie-kush","status":"publish","type":"product","link":"https:\/\/caliweedonlineshop.com\/es\/product\/zombie-kush\/","title":{"rendered":"Zombie kush"},"content":{"rendered":"<h1>Comprar Zombie Kush online<\/h1>\n<p>Compra Zombie Kush online. Pide zombie kush en l\u00ednea. Zombie Kush de Ripper Seeds desciende de dos gen\u00e9ticas Kush diferentes, lo que da como resultado tonos p\u00farpuras en su follaje cargado de tricomas. Zombie Kush se cre\u00f3 cruzando Sideral (Lavender Kush x Amnesia) con Bubba Kush. El linaje gen\u00e9tico \u00fanico y el complejo perfil de terpenos de Zombie Kush le valieron el primer premio en la Napoli Secret Cup 2017 al mejor extracto y el primer premio para Indica en la Copa UCLA 2016. Tiene un efecto fuerte y agradable con un tiempo de floraci\u00f3n interior r\u00e1pido de 55-60 d\u00edas.<\/p>\n<p>&nbsp;<\/p>","protected":false},"excerpt":{"rendered":"<p>Zombie Kush de Ripper Seeds proviene de dos gen\u00e9ticas Kush diferentes, lo que da como resultado tonos morados en el follaje rico en tricomas.<\/p>\n<p>&nbsp;<\/p>","protected":false},"featured_media":532,"comment_status":"open","ping_status":"closed","template":"","meta":{"om_disable_all_campaigns":false,"_monsterinsights_skip_tracking":false,"_monsterinsights_sitenote_active":false,"_monsterinsights_sitenote_note":"","_monsterinsights_sitenote_category":0},"product_brand":[],"product_cat":[126,195],"product_tag":[],"class_list":{"0":"post-531","1":"product","2":"type-product","3":"status-publish","4":"has-post-thumbnail","6":"product_cat-blumen","7":"product_cat-indica-sorten","9":"first","10":"instock","11":"shipping-taxable","12":"purchasable","13":"product-type-variable"},"_links":{"self":[{"href":"https:\/\/caliweedonlineshop.com\/es\/wp-json\/wp\/v2\/product\/531","targetHints":{"allow":["GET"]}}],"collection":[{"href":"https:\/\/caliweedonlineshop.com\/es\/wp-json\/wp\/v2\/product"}],"about":[{"href":"https:\/\/caliweedonlineshop.com\/es\/wp-json\/wp\/v2\/types\/product"}],"replies":[{"embeddable":true,"href":"https:\/\/caliweedonlineshop.com\/es\/wp-json\/wp\/v2\/comments?post=531"}],"wp:featuredmedia":[{"embeddable":true,"href":"https:\/\/caliweedonlineshop.com\/es\/wp-json\/wp\/v2\/media\/532"}],"wp:attachment":[{"href":"https:\/\/caliweedonlineshop.com\/es\/wp-json\/wp\/v2\/media?parent=531"}],"wp:term":[{"taxonomy":"product_brand","embeddable":true,"href":"https:\/\/caliweedonlineshop.com\/es\/wp-json\/wp\/v2\/product_brand?post=531"},{"taxonomy":"product_cat","embeddable":true,"href":"https:\/\/caliweedonlineshop.com\/es\/wp-json\/wp\/v2\/product_cat?post=531"},{"taxonomy":"product_tag","embeddable":true,"href":"https:\/\/caliweedonlineshop.com\/es\/wp-json\/wp\/v2\/product_tag?post=531"}],"curies":[{"name":"wp","href":"https:\/\/api.w.org\/{rel}","templated":true}]}}