{"id":537,"date":"2023-01-14T13:11:23","date_gmt":"2023-01-14T13:11:23","guid":{"rendered":"https:\/\/caliweedonlineshop.com\/?post_type=product&#038;p=537"},"modified":"2023-01-14T13:13:50","modified_gmt":"2023-01-14T13:13:50","slug":"ak-47","status":"publish","type":"product","link":"https:\/\/caliweedonlineshop.com\/es\/product\/ak-47\/","title":{"rendered":"AK-47"},"content":{"rendered":"<h1>Comprar hierba AK 47 online<\/h1>\n<p>Compra hierba AK47 en l\u00ednea. No deje que el nombre intenso lo enga\u00f1e: AK-47 lo dejar\u00e1 relajado y apacible. Esta cepa de dominancia sativa es una mezcla de cepas colombianas, mexicanas, tailandesas y afganas que produce una mezcla compleja de sabores y efectos. AK-47 puede producir un subid\u00f3n cerebral constante y duradero que te mantendr\u00e1 mentalmente alerta<\/p>\n<p>y participando en actividades creativas o sociales. Si bien su aroma es agrio y terroso, sus notas dulces y florales realmente se destacan en el paladar.<\/p>\n<p>&nbsp;<\/p>","protected":false},"excerpt":{"rendered":"<p>AK-47 tiene un tiempo de floraci\u00f3n corto para una sativa y produce cogollos compactos, no demasiado frondosos, que brillan con una capa de cristales de resina. \u00a1Las semillas feminizadas AK-47 (BC) son imprescindibles! Termin\u00f3 r\u00e1pidamente como Lowryder con un rendimiento mucho mayor.<\/p>\n<p>&nbsp;<\/p>","protected":false},"featured_media":538,"comment_status":"open","ping_status":"closed","template":"","meta":{"om_disable_all_campaigns":false,"_monsterinsights_skip_tracking":false,"_monsterinsights_sitenote_active":false,"_monsterinsights_sitenote_note":"","_monsterinsights_sitenote_category":0},"product_brand":[],"product_cat":[126,245],"product_tag":[246,215,205,232,247],"class_list":{"0":"post-537","1":"product","2":"type-product","3":"status-publish","4":"has-post-thumbnail","6":"product_cat-blumen","7":"product_cat-hybrid-sorten","8":"product_tag-ak-47-unkraut-online-kaufen-in-europa","9":"product_tag-ak-47-weed-online-kaufen-in-australien","10":"product_tag-ak-47-weed-online-kaufen-in-deutschland","11":"product_tag-ak-47-weed-online-kaufen-in-los-angeles","12":"product_tag-ak-47-weed-online-kaufen-in-mexiko","14":"first","15":"instock","16":"shipping-taxable","17":"purchasable","18":"product-type-variable"},"_links":{"self":[{"href":"https:\/\/caliweedonlineshop.com\/es\/wp-json\/wp\/v2\/product\/537","targetHints":{"allow":["GET"]}}],"collection":[{"href":"https:\/\/caliweedonlineshop.com\/es\/wp-json\/wp\/v2\/product"}],"about":[{"href":"https:\/\/caliweedonlineshop.com\/es\/wp-json\/wp\/v2\/types\/product"}],"replies":[{"embeddable":true,"href":"https:\/\/caliweedonlineshop.com\/es\/wp-json\/wp\/v2\/comments?post=537"}],"wp:featuredmedia":[{"embeddable":true,"href":"https:\/\/caliweedonlineshop.com\/es\/wp-json\/wp\/v2\/media\/538"}],"wp:attachment":[{"href":"https:\/\/caliweedonlineshop.com\/es\/wp-json\/wp\/v2\/media?parent=537"}],"wp:term":[{"taxonomy":"product_brand","embeddable":true,"href":"https:\/\/caliweedonlineshop.com\/es\/wp-json\/wp\/v2\/product_brand?post=537"},{"taxonomy":"product_cat","embeddable":true,"href":"https:\/\/caliweedonlineshop.com\/es\/wp-json\/wp\/v2\/product_cat?post=537"},{"taxonomy":"product_tag","embeddable":true,"href":"https:\/\/caliweedonlineshop.com\/es\/wp-json\/wp\/v2\/product_tag?post=537"}],"curies":[{"name":"wp","href":"https:\/\/api.w.org\/{rel}","templated":true}]}}