{"id":543,"date":"2023-01-14T13:24:50","date_gmt":"2023-01-14T13:24:50","guid":{"rendered":"https:\/\/caliweedonlineshop.com\/?post_type=product&#038;p=543"},"modified":"2023-01-14T13:26:12","modified_gmt":"2023-01-14T13:26:12","slug":"banana-kush","status":"publish","type":"product","link":"https:\/\/caliweedonlineshop.com\/es\/product\/banana-kush\/","title":{"rendered":"Banana kush"},"content":{"rendered":"<h1>Comprar Banana Kush online<\/h1>\n<p>Compra Banana Kush online. Esta legendaria cepa de la Costa Oeste cruza <a href=\"https:\/\/www.leafly.com\/strains\/ghost-og\" target=\"_blank\" rel=\"noopener\">Ghost OG<\/a> und <a href=\"https:\/\/www.wikileaf.com\/strain\/skunk-haze\/\" target=\"_blank\" rel=\"noopener\">Skunk Haze<\/a>para crear un h\u00edbrido \u00edndica dominante que huele y sabe como un bushel de pl\u00e1tanos frescos. Banana Kush tiende a producir un subid\u00f3n suave junto con una sensaci\u00f3n relajada de euforia.<\/p>\n<p>Banana Kush es una excelente opci\u00f3n cuando se lucha contra el estr\u00e9s o la depresi\u00f3n. Tambi\u00e9n estimula la creatividad y puede ayudarte a mantenerte hablador en entornos sociales.<\/p>\n<p>Banana Kush es una variedad con una s\u00f3lida reputaci\u00f3n. Pl\u00e1tano Kush. Esta cepa de la Costa Oeste es conocida por su sabor a pl\u00e1tano y una gran mezcla de euforia y somnolencia. Moderadamente dif\u00edcil de cultivar, de bajo rendimiento, es hija de Ghost OG y Skunk Haze.<\/p>\n<h5>Resultados de las pruebas de laboratorio:<\/h5>\n<p>THC: 25%.<\/p>\n<p>CBD: 0,7%<\/p>\n<h2>Comprar Banana Kush online<\/h2>\n<h4>Experiencia Banana Kush<\/h4>\n<p>Si bien es esencialmente \u00edndica, la Banana Kush tambi\u00e9n tiene algunos de los efectos de una sativa. Produce un subid\u00f3n f\u00edsico muy fuerte y es ideal para los insomnes, ya que tiene mucho sue\u00f1o. Sus efectos inductores del sue\u00f1o son tan fuertes que la mayor\u00eda de los consumidores de marihuana reservan esta cepa para la hora de acostarse, incluso los entusiastas del cannabis experimentados tendr\u00e1n dificultades para mantener los ojos bien abiertos para esta variedad. Comprar hierba online en Europa<\/p>\n<p>Antes de quedarse dormidos, los consumidores de marihuana experimentan un agradable subid\u00f3n euf\u00f3rico y un verdadero subid\u00f3n an\u00edmico que disipa el estr\u00e9s del d\u00eda. Algunos usuarios notan ojos secos, boca seca y un poco de paranoia cuando consumen grandes cantidades. Esto es especialmente importante a tener en cuenta si eres nuevo en la marihuana. <a href=\"https:\/\/caliweedonlineshop.com\/index.php\/product\/paris-og\/\">Paris OG<\/a><\/p>\n<p>Antes de quedarse dormidos, los consumidores de marihuana experimentan un agradable subid\u00f3n euf\u00f3rico y un verdadero subid\u00f3n an\u00edmico que disipa el estr\u00e9s del d\u00eda. Algunos usuarios notan ojos secos, boca seca y un poco de paranoia cuando consumen grandes cantidades. Esto es especialmente importante a tener en cuenta si eres nuevo en la marihuana.<\/p>\n<p>De acuerdo con los olores y sabores seductores, esta variedad tiene un atractivo agradable en el estante. Con hojas de colores brillantes y pistilos de color melocot\u00f3n cubiertos con una buena dosis de tricomas blancos, Lemon Zkittle es una hierba bonita que seguramente har\u00e1 que los entusiastas del cannabis regresen por m\u00e1s. S\u00faper Galleta Og<\/p>\n<h3>Beneficios medicinales de Banana Kush<\/h3>\n<p>De toda la familia OG Kush, esta cepa es una de las m\u00e1s suaves, lo que la hace popular entre los pacientes de marihuana medicinal que son nuevos en el consumo de cannabis o que quiz\u00e1s no fuman con tanta frecuencia. Bizcocho De Pl\u00e1tano<\/p>\n<p>Como ya se mencion\u00f3, esta variedad es excelente para las personas que sufren de insomnio gracias a sus fuertes efectos sedantes.<\/p>\n<p>Los consumidores de marihuana que luchan contra los s\u00edntomas de la depresi\u00f3n disfrutar\u00e1n de la sensaci\u00f3n euf\u00f3rica y estimulante que ofrece esta variedad.<\/p>\n<p>El fuerte efecto \u00edndica la convierte en una gran variedad para tratar el dolor cr\u00f3nico.<\/p>","protected":false},"excerpt":{"rendered":"<p>Banana Kush online kaufen Banana Kush online kaufen. Diese legend\u00e4re Sorte von der Westk\u00fcste kreuzt Ghost OG und Skunk Haze, um einen indicadominierten Hybriden zu schaffen, der wie ein Scheffel frischer Bananen riecht und schmeckt. Banana Kush neigt dazu, neben einem entspannten Gef\u00fchl der Euphorie einen sanften Rausch zu erzeugen. Banana Kush ist eine gute [&hellip;]<\/p>","protected":false},"featured_media":544,"comment_status":"open","ping_status":"closed","template":"","meta":{"om_disable_all_campaigns":false,"_monsterinsights_skip_tracking":false,"_monsterinsights_sitenote_active":false,"_monsterinsights_sitenote_note":"","_monsterinsights_sitenote_category":0},"product_brand":[],"product_cat":[126,245],"product_tag":[],"class_list":{"0":"post-543","1":"product","2":"type-product","3":"status-publish","4":"has-post-thumbnail","6":"product_cat-blumen","7":"product_cat-hybrid-sorten","9":"first","10":"instock","11":"shipping-taxable","12":"purchasable","13":"product-type-variable"},"_links":{"self":[{"href":"https:\/\/caliweedonlineshop.com\/es\/wp-json\/wp\/v2\/product\/543","targetHints":{"allow":["GET"]}}],"collection":[{"href":"https:\/\/caliweedonlineshop.com\/es\/wp-json\/wp\/v2\/product"}],"about":[{"href":"https:\/\/caliweedonlineshop.com\/es\/wp-json\/wp\/v2\/types\/product"}],"replies":[{"embeddable":true,"href":"https:\/\/caliweedonlineshop.com\/es\/wp-json\/wp\/v2\/comments?post=543"}],"wp:featuredmedia":[{"embeddable":true,"href":"https:\/\/caliweedonlineshop.com\/es\/wp-json\/wp\/v2\/media\/544"}],"wp:attachment":[{"href":"https:\/\/caliweedonlineshop.com\/es\/wp-json\/wp\/v2\/media?parent=543"}],"wp:term":[{"taxonomy":"product_brand","embeddable":true,"href":"https:\/\/caliweedonlineshop.com\/es\/wp-json\/wp\/v2\/product_brand?post=543"},{"taxonomy":"product_cat","embeddable":true,"href":"https:\/\/caliweedonlineshop.com\/es\/wp-json\/wp\/v2\/product_cat?post=543"},{"taxonomy":"product_tag","embeddable":true,"href":"https:\/\/caliweedonlineshop.com\/es\/wp-json\/wp\/v2\/product_tag?post=543"}],"curies":[{"name":"wp","href":"https:\/\/api.w.org\/{rel}","templated":true}]}}