{"id":549,"date":"2023-01-14T13:33:35","date_gmt":"2023-01-14T13:33:35","guid":{"rendered":"https:\/\/caliweedonlineshop.com\/?post_type=product&#038;p=549"},"modified":"2023-01-16T06:47:58","modified_gmt":"2023-01-16T06:47:58","slug":"banana-runtz","status":"publish","type":"product","link":"https:\/\/caliweedonlineshop.com\/es\/product\/banana-runtz\/","title":{"rendered":"Banana runtz"},"content":{"rendered":"<h1>Comprar Banana Runtz Strain en l\u00ednea en Suecia<\/h1>\n<p>Compre Banana Runtz Strain en l\u00ednea en Suecia. La cepa White Runtz es b\u00e1sicamente una runtz recubierta de THC con el mismo sabor dulce. Los cogollos son densos y completamente cubiertos de tricomas. La White Runtz es una hierba morada cubierta de tricomas blancos. El nombre de esta variedad la describe muy bien. Comprar Banana Runtz en l\u00ednea. Comprar Sharklato Runtz en Buenos Aires<\/p>\n<p>Runtz es una marca de marihuana emergente con sede en LOS \u00c1NGELES, CALIFORNIA, que fue descubierta por el rapero de hip hop \"Yunglb_litt\" que est\u00e1 llevando la industria de la marihuana del siglo 21 a otro nivel. La marca ha existido desde 2017 en ascenso, pero tuvo un auge. a principios de 2019 cuando a la marca se le ocurri\u00f3 la estrategia de lanzar los diferentes sabores de la marca, lo hicieron de la mano del co-fundador lanzando diferentes colaboraciones con diferentes raperos como Moneybagg Yo, Playboi Carti, Young thugs YSL Gang, Nav, etc. , donde la fama del rapero sirve como una importante arma comercial para aumentar no solo la popularidad de la marca sino tambi\u00e9n las ventas. Buy Banana Runtz Online es una variedad de cannabis h\u00edbrida de California que muchos describir\u00edan como un caramelo, con un perfil de terpenos y una gama extremadamente diversa de genotipos que pueden tener un efecto dram\u00e1tico en ti. Por lo tanto, es muy dif\u00edcil saber si Banana Runtz es un h\u00edbrido \u00edndica o una sativa, ya que los diferentes genotipos tienden en diferentes direcciones. Esto tambi\u00e9n se relaciona con los niveles de THC y CBD medidos en funci\u00f3n del crecimiento. Comprar Hongos M\u00e1gicos Cubanos online.<\/p>\n<h2>Comprar Banana Runtz Strain en l\u00ednea en Suecia<\/h2>\n<p>Runtz es una variedad ampliamente difundida, grande en cultura y publicidad detr\u00e1s del empaque de productos de cannabis entre los fumadores de cannabis. Adem\u00e1s de la apariencia del cogollo, los productores de esta variedad han llamado a la variedad Banana Runtz en funci\u00f3n de su dulzura azucarada, perfil arom\u00e1tico y gustativo. . Una vez que est\u00e9 completamente seco y tratado, los consumidores deber\u00edan poder ver colores m\u00e1s all\u00e1 del verde. Los cogollos fuertes y compactos de Runtz tambi\u00e9n muestran una vibrante gama de colores, desde azules y morados hasta verdes oscuros y naranjas brillantes. Si bien la variedad Banana Runtz es extremadamente dif\u00edcil de conseguir, te facilitamos el proceso. Vendemos la mejor variedad de Banana Runtz disponible en el mercado. <a href=\"https:\/\/caliweedonlineshop.com\/es\/\">wo man Gras online kaufen kann<\/a><\/p>\n<p>Compre Banana Runtz Strain en l\u00ednea en Suecia. La mayor\u00eda de los comentarios sobre Runtz describen la cepa como euf\u00f3rica y calmante, lo cual es caracter\u00edstico de la mayor\u00eda de los h\u00edbridos, independientemente de si son \u00edndica o sativa dominantes. Muchos notan que esta cepa es \u00fatil para controlar el estr\u00e9s, la ansiedad y el dolor cr\u00f3nico. Puedes esperar que tus preocupaciones y problemas desaparezcan bajo el abrumador manto de relajaci\u00f3n que es Banana Runtz despu\u00e9s de haberla encendido y dado la primera calada. No solo te sentir\u00e1s incre\u00edble, sino que tambi\u00e9n obtendr\u00e1s el delicioso regusto a caramelo del humo en tu boca. Probablemente te sentir\u00e1s satisfecho y euf\u00f3rico, pero no lo suficiente como para salir del edificio. Despu\u00e9s de una sesi\u00f3n de banana runtz, encuentra un lugar c\u00f3modo para estirar las piernas y relajarte mientras tu estr\u00e9s f\u00edsico desaparece y tu mente se expande. Para otros, eso significa encender la televisi\u00f3n y ver un programa. Por lo general, te colocas despu\u00e9s de fumar marihuana, as\u00ed que es hora de colocarte. Compre Banana Runtz Strain en l\u00ednea en Suecia.<\/p>","protected":false},"excerpt":{"rendered":"<p>La variedad White Runtz es b\u00e1sicamente Runtz con THC y el mismo sabor dulce. Los cogollos son densos y completamente cubiertos de tricomas.<\/p>\n<p>&nbsp;<\/p>","protected":false},"featured_media":550,"comment_status":"open","ping_status":"closed","template":"","meta":{"om_disable_all_campaigns":false,"_monsterinsights_skip_tracking":false,"_monsterinsights_sitenote_active":false,"_monsterinsights_sitenote_note":"","_monsterinsights_sitenote_category":0},"product_brand":[],"product_cat":[245,126,351],"product_tag":[202,253,254,248,249,250,255,257,256,251,252,235],"class_list":{"0":"post-549","1":"product","2":"type-product","3":"status-publish","4":"has-post-thumbnail","6":"product_cat-hybrid-sorten","7":"product_cat-blumen","8":"product_cat-marken-cannabis","9":"product_tag-alice-brownies-online-kaufen-in-new-york","10":"product_tag-banana-runtz-in-new-hampshire-kaufen","11":"product_tag-banana-runtz-in-vermont-kaufen","12":"product_tag-banana-runtz-kaufen","13":"product_tag-banana-runtz-kaufen-in","14":"product_tag-banana-runtz-kaufen-in-alaska","15":"product_tag-banana-runtz-online-kaufen","16":"product_tag-cdb-brownies-online-in-texas-kaufen","17":"product_tag-kaufen-banana-runtz-online-in-texas","18":"product_tag-kaufen-sie-banana-runtz-in-arkansas","19":"product_tag-kaufen-sie-banana-runtz-in-massachusetts","20":"product_tag-kirschtorte-online-kaufen-in-arklohaham","22":"first","23":"instock","24":"shipping-taxable","25":"purchasable","26":"product-type-variable"},"_links":{"self":[{"href":"https:\/\/caliweedonlineshop.com\/es\/wp-json\/wp\/v2\/product\/549","targetHints":{"allow":["GET"]}}],"collection":[{"href":"https:\/\/caliweedonlineshop.com\/es\/wp-json\/wp\/v2\/product"}],"about":[{"href":"https:\/\/caliweedonlineshop.com\/es\/wp-json\/wp\/v2\/types\/product"}],"replies":[{"embeddable":true,"href":"https:\/\/caliweedonlineshop.com\/es\/wp-json\/wp\/v2\/comments?post=549"}],"wp:featuredmedia":[{"embeddable":true,"href":"https:\/\/caliweedonlineshop.com\/es\/wp-json\/wp\/v2\/media\/550"}],"wp:attachment":[{"href":"https:\/\/caliweedonlineshop.com\/es\/wp-json\/wp\/v2\/media?parent=549"}],"wp:term":[{"taxonomy":"product_brand","embeddable":true,"href":"https:\/\/caliweedonlineshop.com\/es\/wp-json\/wp\/v2\/product_brand?post=549"},{"taxonomy":"product_cat","embeddable":true,"href":"https:\/\/caliweedonlineshop.com\/es\/wp-json\/wp\/v2\/product_cat?post=549"},{"taxonomy":"product_tag","embeddable":true,"href":"https:\/\/caliweedonlineshop.com\/es\/wp-json\/wp\/v2\/product_tag?post=549"}],"curies":[{"name":"wp","href":"https:\/\/api.w.org\/{rel}","templated":true}]}}