{"id":555,"date":"2023-01-14T13:42:28","date_gmt":"2023-01-14T13:42:28","guid":{"rendered":"https:\/\/caliweedonlineshop.com\/?post_type=product&#038;p=555"},"modified":"2023-01-16T06:47:32","modified_gmt":"2023-01-16T06:47:32","slug":"biscotti","status":"publish","type":"product","link":"https:\/\/caliweedonlineshop.com\/es\/product\/biscotti\/","title":{"rendered":"biscotti"},"content":{"rendered":"<h1>Comprar biscotti online en Europa<\/h1>\n<p>Compre galletas en l\u00ednea en Europa. Biscotti es una rara cepa h\u00edbrida con indica dominante (80% indica\/20% sativa) creada por un delicioso cruce entre las cepas cl\u00e1sicas Gelato #25 X Girl Scout Cookies X South Florida OG. Si buscas una \u00edndica cl\u00e1sica con un sabor incre\u00edblemente delicioso, no busques m\u00e1s. Biscotti ofrece todo lo que deseas y m\u00e1s en t\u00e9rminos de efectos y sabor en cada deliciosa calada, todo con un nivel promedio de THC s\u00faper alto del 25%. El subid\u00f3n de Biscotti se inicia con una r\u00e1faga de efectos cerebrales que transportan tu mente a un estado puro y distante de felicidad desenfocada. A medida que su mente se asiente, un subid\u00f3n f\u00edsico relajante inundar\u00e1 su cuerpo, lo que le permitir\u00e1 Si\u00e9ntate y rel\u00e1jate sin preocuparte por el mundo. Este subid\u00f3n se convierte r\u00e1pidamente en risita y coloc\u00f3n. Big Mex Magic Mushroom en l\u00ednea EE. UU.<\/p>\n<p>Compre galletas en l\u00ednea en Europa. Biscotti Strain Genetics Ordene en l\u00ednea. Esta variedad fue desarrollada por Cookies Fam. Afirman ser los pioneros de muchas de estas cepas extraordinariamente potentes, y es dif\u00edcil no estar de acuerdo. Biscotti es un cruce entre; comprar rocas lunares<\/p>\n<p>Gelato #25<br \/>\nPfadfinderinnen-Kekse<br \/>\nGorilla Glue #4<br \/>\nSi bien es dif\u00edcil decir si esto es completamente exacto, ya que algunas personas dicen que es Gelato x South Florida OG, definitivamente es uno de esos combos. La Gelato es una variedad Frankenstein por derecho propio, y la Gorilla Glue #4 y la Girl Scout Cookies son dos de las variedades cachondas m\u00e1s famosas del mundo. Biscotti es una cepa definitiva con posiblemente uno de los mejores perfiles de sabor de la industria. D\u00f3nde comprar marihuana online en los Pa\u00edses Bajos.<\/p>\n<h2>Comprar biscotti online en Europa<\/h2>\n<p>Ese es el verdadero truco. Desafortunadamente, dado que las semillas no est\u00e1n disponibles en l\u00ednea y la variedad es generalmente muy rara, el precio es muy alto. En Amsterdam, probablemente tendr\u00e1s que pagar al menos $40 por gramo. Ser\u00e1 un poco m\u00e1s barato en Am\u00e9rica del Norte, pero a\u00fan no es barato, por mucho. Un gramo cuesta al menos $25 en una farmacia en California. Pero por su fuerza, probablemente valga la pena. Comprar marihuana online en Polonia<\/p>\n<p>BISCOTTI SABOR VARIEDAD DE HIERBAS<\/p>\n<p>Fruchtig<br \/>\nNussig<br \/>\nW\u00fcrzig<br \/>\nZuckrig<br \/>\nS\u00fc\u00df<br \/>\nBiscotti es definitivamente una cepa que querr\u00e1s experimentar en un vaporizador Flower. Si bien tambi\u00e9n es una de esas cepas que sabe muy bien sin importar c\u00f3mo la fumes, definitivamente vale la pena sacar tu vaporizador de flores de confianza para esta variedad. Es f\u00e1cilmente una de las cepas con mejor sabor en el mercado en este momento, y quemarla afecta m\u00ednimamente el sabor. Cuando usa un vaporizador, no se produce combusti\u00f3n y el elegante perfil de sabor de Biscotti permanece intacto. Si mueles la hierba primero, sabr\u00e1 a\u00fan mejor en tu vaporizador.<\/p>","protected":false},"excerpt":{"rendered":"<p>La gen\u00e9tica Cookies tiene sus ra\u00edces en muchas de las mejores cepas del mercado. Muchas cepas tienen su gen\u00e9tica y es posible que ni siquiera las conozcas. Por lo tanto, tenga en cuenta que la variedad de hierba Biscotti es un cruce cl\u00e1sico de Cookies de una variedad OG del sur: Gelato #25 cruzada con South Florida OG.<\/p>\n<p>&nbsp;<\/p>","protected":false},"featured_media":556,"comment_status":"open","ping_status":"closed","template":"","meta":{"om_disable_all_campaigns":false,"_monsterinsights_skip_tracking":false,"_monsterinsights_sitenote_active":false,"_monsterinsights_sitenote_note":"","_monsterinsights_sitenote_category":0},"product_brand":[],"product_cat":[126,245,351],"product_tag":[],"class_list":{"0":"post-555","1":"product","2":"type-product","3":"status-publish","4":"has-post-thumbnail","6":"product_cat-blumen","7":"product_cat-hybrid-sorten","8":"product_cat-marken-cannabis","10":"first","11":"instock","12":"shipping-taxable","13":"purchasable","14":"product-type-variable"},"_links":{"self":[{"href":"https:\/\/caliweedonlineshop.com\/es\/wp-json\/wp\/v2\/product\/555","targetHints":{"allow":["GET"]}}],"collection":[{"href":"https:\/\/caliweedonlineshop.com\/es\/wp-json\/wp\/v2\/product"}],"about":[{"href":"https:\/\/caliweedonlineshop.com\/es\/wp-json\/wp\/v2\/types\/product"}],"replies":[{"embeddable":true,"href":"https:\/\/caliweedonlineshop.com\/es\/wp-json\/wp\/v2\/comments?post=555"}],"wp:featuredmedia":[{"embeddable":true,"href":"https:\/\/caliweedonlineshop.com\/es\/wp-json\/wp\/v2\/media\/556"}],"wp:attachment":[{"href":"https:\/\/caliweedonlineshop.com\/es\/wp-json\/wp\/v2\/media?parent=555"}],"wp:term":[{"taxonomy":"product_brand","embeddable":true,"href":"https:\/\/caliweedonlineshop.com\/es\/wp-json\/wp\/v2\/product_brand?post=555"},{"taxonomy":"product_cat","embeddable":true,"href":"https:\/\/caliweedonlineshop.com\/es\/wp-json\/wp\/v2\/product_cat?post=555"},{"taxonomy":"product_tag","embeddable":true,"href":"https:\/\/caliweedonlineshop.com\/es\/wp-json\/wp\/v2\/product_tag?post=555"}],"curies":[{"name":"wp","href":"https:\/\/api.w.org\/{rel}","templated":true}]}}