{"id":561,"date":"2023-01-14T16:31:58","date_gmt":"2023-01-14T16:31:58","guid":{"rendered":"https:\/\/caliweedonlineshop.com\/?post_type=product&#038;p=561"},"modified":"2023-01-14T16:31:59","modified_gmt":"2023-01-14T16:31:59","slug":"blue-dream","status":"publish","type":"product","link":"https:\/\/caliweedonlineshop.com\/es\/product\/blue-dream\/","title":{"rendered":"Blue Dream"},"content":{"rendered":"<h1>Comprar Sue\u00f1os Azules onlineComparar Sue\u00f1os Azules en l\u00ednea<\/h1>\n<p>Comprar Sue\u00f1os Azules en l\u00ednea. Un h\u00edbrido sativa dominante de California, Blue Dream ha alcanzado un estatus legendario entre las cepas de la Costa Oeste. Blue Dream es un cruce entre Blueberry y Haze que logra un equilibrio entre la relajaci\u00f3n f\u00edsica y una suave estimulaci\u00f3n cerebral. Tanto los usuarios novatos como los experimentados disfrutar\u00e1n de los suaves efectos de Blue Dream, que inducir\u00e1n suavemente una euforia tranquila.<\/p>\n<p>Con un aroma a bayas dulces que recuerda a su planta madre, Blueberry, Blue Dream alivia r\u00e1pidamente los s\u00edntomas sin ser demasiado sedante. Esto convierte a Blue Dream en un popular medicamento diario para pacientes que tratan el dolor, la depresi\u00f3n, las n\u00e1useas y otras afecciones que requieren una variedad rica en THC.<\/p>\n<p>El tipo<\/p>\n<p>Blue Dream es una variedad h\u00edbrida de dominancia sativa originaria de California, hogar de maravillosos fenotipos y del propio Estado Dorado. Esta cepa h\u00edbrida impecable ha cimentado su reputaci\u00f3n como una de las mejores cepas de la Costa Oeste y se encuentra en la cima de la jerarqu\u00eda del cannabis a pesar de ser una cepa o fenotipo \"beb\u00e9\", nacido solo en el siglo XXI moderno. perfila celebridades y ha sido destacada por raperos como Juicy J, quien incluso nombr\u00f3 una canci\u00f3n en honor a la variedad, Snoop Dogg y el popular artista y defensor del cannabis Willie Nelson, quien la elogi\u00f3 por sus elogios embriagadores, aunque productivos y en\u00e9rgicos.<\/p>\n<h2>Comprar Sue\u00f1os Azules onlineComparar Sue\u00f1os Azules en l\u00ednea<\/h2>\n<p>Efectos<\/p>\n<p>Blue Dream es un cruce entre Blueberry y Haze. Si bien sus cepas parentales tienen fenotipos contrastantes, la Blue Dream combina a la perfecci\u00f3n el subid\u00f3n corporal calmante y relajante de las cepas \u00edndica con la naturaleza cerebral, euf\u00f3rica y edificante de su antecesora sativa, lo que la convierte en una gran cepa completa. Incluso como cepa h\u00edbrida de dominancia sativa, tiene un gran impacto, con una notable concentraci\u00f3n promedio de THC del 20%. Este alto nivel de THC debe tomarse como precauci\u00f3n, ya que el subid\u00f3n de esta cepa es muy fuerte y r\u00e1pido. Al fumar, los usuarios notar\u00e1n de inmediato que los efectos de Blue Dream son diferentes a los de otras cepas. Con una extra\u00f1a armon\u00eda entre la sensaci\u00f3n de un sedante subid\u00f3n de cuerpo completo y una motivaci\u00f3n, estado de \u00e1nimo euf\u00f3rico y cerebral, no sorprende que Blue Dream sea una de las cepas m\u00e1s populares disponibles en la actualidad. comprar hierba en l\u00ednea Europa Adem\u00e1s de sus usos recreativos, este h\u00edbrido tambi\u00e9n tiene muchos beneficios terap\u00e9uticos. Blue Dream es eficaz en el tratamiento de dolores de cabeza, ansiedad, depresi\u00f3n, estr\u00e9s y dolores menores.<br \/>\nApariencia y aroma<\/p>\n<p>Blue Dream es una hermosa cepa h\u00edbrida con un gran atractivo. Incluso para ser una variedad h\u00edbrida sativa dominante, tiene cogollos de tama\u00f1o mediano con hojas de color verde brillante y una cantidad m\u00ednima de tricomas o pelos de color naranja. Esta es una planta f\u00e1cil de cultivar que casi siempre produce cogollos densos, muy densos, cubiertos de una buena capa de tricomas de THC. Blue Dream brinda m\u00e1s que solo una hermosa apariencia f\u00edsica y atractivo para la bolsa, ya que estos cogollos de ensue\u00f1o combinan deliciosos sabores de ar\u00e1ndanos dulces y una suave esencia terrosa de az\u00facar o vainilla.<\/p>","protected":false},"excerpt":{"rendered":"<p>Un h\u00edbrido de dominancia sativa originario de California, Blue Dream ha alcanzado un estatus legendario entre las cepas de la Costa Oeste. Blue Dream es un cruce entre Blueberry y Haze que logra un equilibrio entre la relajaci\u00f3n f\u00edsica y una suave estimulaci\u00f3n cerebral.<\/p>\n<p>&nbsp;<\/p>","protected":false},"featured_media":562,"comment_status":"open","ping_status":"closed","template":"","meta":{"om_disable_all_campaigns":false,"_monsterinsights_skip_tracking":false,"_monsterinsights_sitenote_active":false,"_monsterinsights_sitenote_note":"","_monsterinsights_sitenote_category":0},"product_brand":[],"product_cat":[245,126],"product_tag":[],"class_list":{"0":"post-561","1":"product","2":"type-product","3":"status-publish","4":"has-post-thumbnail","6":"product_cat-hybrid-sorten","7":"product_cat-blumen","9":"first","10":"instock","11":"shipping-taxable","12":"purchasable","13":"product-type-variable"},"_links":{"self":[{"href":"https:\/\/caliweedonlineshop.com\/es\/wp-json\/wp\/v2\/product\/561","targetHints":{"allow":["GET"]}}],"collection":[{"href":"https:\/\/caliweedonlineshop.com\/es\/wp-json\/wp\/v2\/product"}],"about":[{"href":"https:\/\/caliweedonlineshop.com\/es\/wp-json\/wp\/v2\/types\/product"}],"replies":[{"embeddable":true,"href":"https:\/\/caliweedonlineshop.com\/es\/wp-json\/wp\/v2\/comments?post=561"}],"wp:featuredmedia":[{"embeddable":true,"href":"https:\/\/caliweedonlineshop.com\/es\/wp-json\/wp\/v2\/media\/562"}],"wp:attachment":[{"href":"https:\/\/caliweedonlineshop.com\/es\/wp-json\/wp\/v2\/media?parent=561"}],"wp:term":[{"taxonomy":"product_brand","embeddable":true,"href":"https:\/\/caliweedonlineshop.com\/es\/wp-json\/wp\/v2\/product_brand?post=561"},{"taxonomy":"product_cat","embeddable":true,"href":"https:\/\/caliweedonlineshop.com\/es\/wp-json\/wp\/v2\/product_cat?post=561"},{"taxonomy":"product_tag","embeddable":true,"href":"https:\/\/caliweedonlineshop.com\/es\/wp-json\/wp\/v2\/product_tag?post=561"}],"curies":[{"name":"wp","href":"https:\/\/api.w.org\/{rel}","templated":true}]}}