{"id":567,"date":"2023-01-14T16:37:17","date_gmt":"2023-01-14T16:37:17","guid":{"rendered":"https:\/\/caliweedonlineshop.com\/?post_type=product&#038;p=567"},"modified":"2023-01-16T06:47:21","modified_gmt":"2023-01-16T06:47:21","slug":"blueberry","status":"publish","type":"product","link":"https:\/\/caliweedonlineshop.com\/es\/product\/blueberry\/","title":{"rendered":"Blueberry"},"content":{"rendered":"<h1>Compre la variedad de marihuana Blueberry en l\u00ednea en Alemania<\/h1>\n<p>Compre la cepa de marihuana Blueberry en l\u00ednea en Alemania. Blueberry es una \u00edndica popular y sabrosa.<a href=\"https:\/\/caliweedonlineshop.com\/index.php\/product-category\/blumen\/hybrid-sorten\/\">Hybrid<\/a> con una fuerte base gen\u00e9tica. Es un cruce a tres bandas entre un padre Indica Afghani y los padres variantes Sativa Thai y Purple Thai. Blueberry fue desarrollado originalmente en la d\u00e9cada de 1970 u 80 por DJ Short, un criador reservado pero prol\u00edfico apodado el \"Willy Wonka of the Pot\". Blueberry presenta un olor y sabor distintivos a ar\u00e1ndanos frescos que la han convertido en una de las favoritas de todos los tiempos. El ar\u00e1ndano es popular en todo el pa\u00eds. Recibi\u00f3 las m\u00e1ximas calificaciones por Mejor Indica y Mejor variedad en general en la High Times Cannabis Cup de 2000. Blueberry tiene un contenido de THC entre el 15% y el 24%. La Blueberry es una variedad de los a\u00f1os 70 que sigue siendo muy popular. Esta hermosa \u00edndica tiene una calma, Efecto relajante y euf\u00f3rico. Es una variedad galardonada creada por primera vez por el legendario DJ Short. Ar\u00e1ndano.<br \/>\nBlueberry es una variedad de marihuana \u00edndica cl\u00e1sica creada por el legendario <a href=\"https:\/\/twitter.com\/djshort?ref_src=twsrc%5Egoogle%7Ctwcamp%5Eserp%7Ctwgr%5Eauthor\" target=\"_blank\" rel=\"noopener\">DJ Short<\/a> fue criado Compre la cepa de marihuana Blueberry en l\u00ednea en Alemania.<\/p>","protected":false},"excerpt":{"rendered":"<p>Los ar\u00e1ndanos se pueden cultivar tanto en interiores como en exteriores, pero el cultivo en exteriores requiere condiciones restrictivas como humedad moderada y temperaturas diurnas constantes entre 72 y 80 grados Fahrenheit.<\/p>\n<p>&nbsp;<\/p>","protected":false},"featured_media":568,"comment_status":"open","ping_status":"closed","template":"","meta":{"om_disable_all_campaigns":false,"_monsterinsights_skip_tracking":false,"_monsterinsights_sitenote_active":false,"_monsterinsights_sitenote_note":"","_monsterinsights_sitenote_category":0},"product_brand":[],"product_cat":[126,245,351],"product_tag":[],"class_list":{"0":"post-567","1":"product","2":"type-product","3":"status-publish","4":"has-post-thumbnail","6":"product_cat-blumen","7":"product_cat-hybrid-sorten","8":"product_cat-marken-cannabis","10":"first","11":"instock","12":"shipping-taxable","13":"purchasable","14":"product-type-variable"},"_links":{"self":[{"href":"https:\/\/caliweedonlineshop.com\/es\/wp-json\/wp\/v2\/product\/567","targetHints":{"allow":["GET"]}}],"collection":[{"href":"https:\/\/caliweedonlineshop.com\/es\/wp-json\/wp\/v2\/product"}],"about":[{"href":"https:\/\/caliweedonlineshop.com\/es\/wp-json\/wp\/v2\/types\/product"}],"replies":[{"embeddable":true,"href":"https:\/\/caliweedonlineshop.com\/es\/wp-json\/wp\/v2\/comments?post=567"}],"wp:featuredmedia":[{"embeddable":true,"href":"https:\/\/caliweedonlineshop.com\/es\/wp-json\/wp\/v2\/media\/568"}],"wp:attachment":[{"href":"https:\/\/caliweedonlineshop.com\/es\/wp-json\/wp\/v2\/media?parent=567"}],"wp:term":[{"taxonomy":"product_brand","embeddable":true,"href":"https:\/\/caliweedonlineshop.com\/es\/wp-json\/wp\/v2\/product_brand?post=567"},{"taxonomy":"product_cat","embeddable":true,"href":"https:\/\/caliweedonlineshop.com\/es\/wp-json\/wp\/v2\/product_cat?post=567"},{"taxonomy":"product_tag","embeddable":true,"href":"https:\/\/caliweedonlineshop.com\/es\/wp-json\/wp\/v2\/product_tag?post=567"}],"curies":[{"name":"wp","href":"https:\/\/api.w.org\/{rel}","templated":true}]}}