{"id":573,"date":"2023-01-14T16:42:40","date_gmt":"2023-01-14T16:42:40","guid":{"rendered":"https:\/\/caliweedonlineshop.com\/?post_type=product&#038;p=573"},"modified":"2023-01-16T06:47:09","modified_gmt":"2023-01-16T06:47:09","slug":"cherry","status":"publish","type":"product","link":"https:\/\/caliweedonlineshop.com\/es\/product\/cherry\/","title":{"rendered":"cherry"},"content":{"rendered":"<h1>Comparar Cherry Meringue Strain en l\u00ednea e Islandia<\/h1>\n<p>Compre Cherry Meringue Strain Online en Islandia. Cherry OG es un h\u00edbrido aut\u00f3ctono con un efecto equilibrado y un sabor terroso y afrutado. Esta variedad nos llega de Emerald Triangle Seeds, los productores que tambi\u00e9n son responsables de Emerald Jack. Es un cruce entre una sativa tailandesa y una \u00edndica afgana que se retrocruz\u00f3 con su madre tailandesa original y luego se cruz\u00f3 de nuevo con el h\u00edbrido c\u00edtrico Lost Coast OG. Una excelente opci\u00f3n para la productividad de todo el d\u00eda o la introspecci\u00f3n fluida, Cherry OG tiene una potencia que se ha medido entre 10% y 23% de THC. La Cherry OG cuenta con cogollos impresionantemente grandes que se unen en una estructura densa t\u00edpica de las \u00edndicas. Estas flores de gran tama\u00f1o tienen una forma casi c\u00f3nica, son anchas en la base y claramente c\u00f3nicas al final. Las hojas densamente agrupadas son de un tono verde oliva terroso y est\u00e1n intercaladas con pistilos peludos de color \u00f3xido. Finalmente, los tricomas blancos transl\u00facidos cubren los cogollos, haci\u00e9ndolos muy pegajosos y dif\u00edciles de moler a menos que uses un molinillo de calidad. Comprar Pink Runtz en Arabia Saudita<\/p>\n<p>Comprar Cherry Meringue Strain en l\u00ednea en Islandia. Cuando se curan adecuadamente, los cogollos de la Cherry OG exudan notas ligeramente florales de cerezas. Una mirada m\u00e1s atenta tambi\u00e9n revela un aroma astringente que recuerda a la gasolina, heredado de la Chemdawg en la gen\u00e9tica de la cepa madre Lost Coast OG. Tambi\u00e9n hay un sabor agrio ligeramente c\u00edtrico que acecha debajo. La trituraci\u00f3n de estos cogollos resinosos habla de la herencia afgana de Cherry OG, con olores a hach\u00eds, a incienso, casi abrumadores con toques de bayas. Cuando se quema, este cogollo arde con un humo suave y f\u00e1cil que sabe a cereza sutil y ar\u00e1ndanos, con algunos vapores diesel agregados al exhalar.<\/p>\n<h2>Comparar Cherry Meringue Strain en l\u00ednea e Islandia<\/h2>\n<p>La Cherry OG ofrece lo que puede describirse como un subid\u00f3n progresivo que crece constantemente hasta que el fumador no puede evitar sucumbir a sus efectos. Junto con un empuj\u00f3n en la parte frontal de la cabeza, los usuarios pueden notar el comienzo de una asociaci\u00f3n de pensamientos r\u00e1pidos. Ese hormigueo en la cabeza es bueno para concentrarse en tareas tan complicadas como ordenar su bandeja de entrada o tan mundanas como la limpieza de primavera. En el entorno adecuado, la energ\u00eda mental tambi\u00e9n puede ser muy sociable, fomentando la camarader\u00eda y estimulando la conversaci\u00f3n. A diferencia de algunos h\u00edbridos, en los que el lado \u00edndica de la cepa emerge en una segunda fase m\u00e1s pronunciada, la Cherry OG parece ofrecer un subid\u00f3n consistentemente equilibrado, con una sensaci\u00f3n de relajaci\u00f3n siempre presente. El bloqueo del sof\u00e1 no se informa com\u00fanmente y la claridad es duradera. Cuando te sientes activo y al aire libre, la cepa puede preparar el escenario para un largo paseo por la naturaleza; en circunstancias m\u00e1s relajadas, puedes desconectar y disfrutar de un buen \u00e1lbum o pel\u00edcula. La versatilidad de la Cherry OG la hace apta para uso diurno o nocturno; sin embargo, los fumadores deben abstenerse de disfrutar de esta cepa justo antes de acostarse, ya que sus elaborados efectos pueden mantenerlos alerta e hiperactivos.<\/p>\n<p>Los efectos de gran alcance de Cherry OG tambi\u00e9n pueden ser beneficiosos para los pacientes de cannabis medicinal. Puede tener un efecto analg\u00e9sico efectivo para el dolor leve y temporal o cr\u00f3nico causado por condiciones como la artritis o la fibromialgia. Su energ\u00eda positiva sostenida tambi\u00e9n puede combatir los s\u00edntomas de estr\u00e9s y depresi\u00f3n de leves a moderados, lo que ayuda a los usuarios a pasar su tiempo de manera m\u00e1s consciente. En algunos casos, la cabeza clara de la cepa puede ser beneficiosa para pacientes con trastornos por d\u00e9ficit de atenci\u00f3n. Finalmente, se sabe que Cherry OG induce ataques de hambre, lo que lo convierte en un buen suplemento para aquellos que han perdido el apetito debido a una enfermedad grave o medicamentos. aunque muy equilibrado El subid\u00f3n cerebral de Cherry OG puede desorientar a algunas personas, y no se recomienda para usuarios que tienden a entrar en p\u00e1nico o tienen poca tolerancia al THC. Afortunadamente, Emerald Triangle tiene semillas de cultivo casero Cherry OG disponibles para la venta en l\u00ednea. Se puede cultivar en interiores o exteriores en climas c\u00e1lidos y semih\u00famedos constantes; es decir, los resistentes genes aut\u00f3ctonos de la variedad la hacen razonablemente resistente a las condiciones adversas, como las fluctuaciones de temperatura y humedad. Las plantas de Cherry OG son plantas sativas y pueden alcanzar grandes alturas; los cultivadores de interior deben asegurarse de entrenar sus plantas temprano con podas y recortes. Comprar Torta Florida Jungle Boys. Otra caracter\u00edstica de una sativa es el largo per\u00edodo de floraci\u00f3n de Cherry's OG: florece en 9 a 10 semanas cuando se cultiva en interiores y est\u00e1 lista para cosechar a principios de octubre cuando se cultiva en exteriores. Comprar Cherry Meringue Strain en l\u00ednea en Islandia.<\/p>","protected":false},"excerpt":{"rendered":"<p>Cherry OG es un h\u00edbrido aut\u00f3ctono con un efecto equilibrado y un sabor terroso y afrutado. Esta variedad nos llega de Emerald Triangle Seeds, los productores tambi\u00e9n son responsables de Emerald<\/p>\n<p>&nbsp;<\/p>","protected":false},"featured_media":574,"comment_status":"open","ping_status":"closed","template":"","meta":{"om_disable_all_campaigns":false,"_monsterinsights_skip_tracking":false,"_monsterinsights_sitenote_active":false,"_monsterinsights_sitenote_note":"","_monsterinsights_sitenote_category":0},"product_brand":[],"product_cat":[245,126,351],"product_tag":[203,233,266,258,259,260,261,262,263,264,265],"class_list":{"0":"post-573","1":"product","2":"type-product","3":"status-publish","4":"has-post-thumbnail","6":"product_cat-hybrid-sorten","7":"product_cat-blumen","8":"product_cat-marken-cannabis","9":"product_tag-cdb-brownies-online-kaufen-in-texas","10":"product_tag-chapo-kekse-in-alaska-kaufen","11":"product_tag-garrison-lane-online-kaufen-in-new-york","12":"product_tag-kirsche-online-kaufen-in-colorado","13":"product_tag-kirsche-online-kaufen-in-denver","14":"product_tag-kirsche-online-kaufen-in-illinois","15":"product_tag-kirsche-online-kaufen-in-nevada","16":"product_tag-kirsche-online-kaufen-in-new-york","17":"product_tag-kirsche-online-kaufen-in-texas","18":"product_tag-kirsche-online-kaufen-in-usa","19":"product_tag-kirsche-online-kaufen-online","21":"first","22":"instock","23":"shipping-taxable","24":"purchasable","25":"product-type-variable"},"_links":{"self":[{"href":"https:\/\/caliweedonlineshop.com\/es\/wp-json\/wp\/v2\/product\/573","targetHints":{"allow":["GET"]}}],"collection":[{"href":"https:\/\/caliweedonlineshop.com\/es\/wp-json\/wp\/v2\/product"}],"about":[{"href":"https:\/\/caliweedonlineshop.com\/es\/wp-json\/wp\/v2\/types\/product"}],"replies":[{"embeddable":true,"href":"https:\/\/caliweedonlineshop.com\/es\/wp-json\/wp\/v2\/comments?post=573"}],"wp:featuredmedia":[{"embeddable":true,"href":"https:\/\/caliweedonlineshop.com\/es\/wp-json\/wp\/v2\/media\/574"}],"wp:attachment":[{"href":"https:\/\/caliweedonlineshop.com\/es\/wp-json\/wp\/v2\/media?parent=573"}],"wp:term":[{"taxonomy":"product_brand","embeddable":true,"href":"https:\/\/caliweedonlineshop.com\/es\/wp-json\/wp\/v2\/product_brand?post=573"},{"taxonomy":"product_cat","embeddable":true,"href":"https:\/\/caliweedonlineshop.com\/es\/wp-json\/wp\/v2\/product_cat?post=573"},{"taxonomy":"product_tag","embeddable":true,"href":"https:\/\/caliweedonlineshop.com\/es\/wp-json\/wp\/v2\/product_tag?post=573"}],"curies":[{"name":"wp","href":"https:\/\/api.w.org\/{rel}","templated":true}]}}