{"id":579,"date":"2023-01-14T16:47:25","date_gmt":"2023-01-14T16:47:25","guid":{"rendered":"https:\/\/caliweedonlineshop.com\/?post_type=product&#038;p=579"},"modified":"2023-01-16T06:46:58","modified_gmt":"2023-01-16T06:46:58","slug":"dosilato","status":"publish","type":"product","link":"https:\/\/caliweedonlineshop.com\/es\/product\/dosilato\/","title":{"rendered":"dosilato"},"content":{"rendered":"<h1>Comprar Dosilato en l\u00ednea en Liechtenstein<\/h1>\n<p>Compre Dosilato en l\u00ednea en Liechtenstein. La Dosilato Flower de Connected Cannabis Co. es un h\u00edbrido terroso y dulce con un humo suave. COMPRAR CRECER (por gramo) El subid\u00f3n resultante suele ser embriagador y enfocado con un ligero y energizante subid\u00f3n en el cuerpo. Puede hacerte sentir un poco el\u00e9ctrico, casi nervioso, cuando te quedas sin dormir. La flor Dosilato de Cake Mix\/Mintz Connected Cannabis Co. es un h\u00edbrido terroso y dulce con un humo suave. El subid\u00f3n resultante es a menudo embriagador y enfocado con un efecto ligero y energizante en el cuerpo. Puede sentirse un poco el\u00e9ctrico, casi nervioso, cuando solo necesita dormir un poco. Comprar Hongos M\u00e1gicos Cubanos online.<\/p>\n<h2>Comprar Dosilato online en Liechtenstein<\/h2>\n<p>Donato, tambi\u00e9n conocida como Do-Si-Lato o Dosilato, es una variedad de dominancia \u00edndica creada al cruzar Do-Si-Dos con Gelato #41. Esta variedad tiene un hermoso espectro de colores en sus colas, desde el verde claro hasta el verde oscuro y desde el p\u00farpura burdeos hasta el naranja brillante, todos ellos espolvoreados con tricomas que parecen diamantes. El perfil de terpenos de Donato presenta un aroma afrutado y terroso seguido de un dulce sabor a lavanda. Donato te deja sin estr\u00e9s y tranquilo, lo que lo hace perfecto para una noche relajante, tal vez junto con un ba\u00f1o y un libro. La mezcla de estas dos poderosas cepas (decides x gelato) da como resultado un aroma insano que es penetrante, dulce y terroso, con una ligera nota floral. Estos sabores combinan bien con el efecto f\u00edsico, tendiendo hacia el lado sedante. Kurupt Moon Rock Amigos m\u00edos, disfruten de la historia, la flor Dosilato de Cannabis Co. es un h\u00edbrido terroso y dulce con un humo suave. El subid\u00f3n resultante suele ser embriagador y concentrado, con un efecto ligero y energizante en el cuerpo. Puede sentirse un poco el\u00e9ctrico, casi nervioso, cuando est\u00e1 a punto de irse a la cama. La flor Dosilato de Lemon Zkittle Connected Cannabis Co. es un h\u00edbrido terroso y dulce con un humo suave. El subid\u00f3n resultante suele ser embriagador y concentrado en la luz. zumbido estimulante en el cuerpo. Puede sentirse un poco el\u00e9ctrico, casi nervioso, cuando est\u00e1 a punto de irse a la cama. La flor Dosilato de Lemon Zkittle Connected Cannabis Co. es un h\u00edbrido terroso y dulce con un humo suave. El subid\u00f3n resultante suele ser embriagador y concentrado en la luz. zumbido estimulante en el cuerpo. Puede sentirse un poco el\u00e9ctrico, casi nervioso, cuando est\u00e1 a punto de irse a dormir. La flor Dosilato de Lemon Zkittle Connected Cannabis Co. es un h\u00edbrido terroso y dulce con un humo suave. El subid\u00f3n resultante suele ser embriagador y concentrado en la luz.<\/p>","protected":false},"excerpt":{"rendered":"<p>Tambi\u00e9n conocida como Do-Si-Lato o Dosilato, es una variedad \u00edndica dominante creada al cruzar Do-Si-Dos con Gelato #41. Esta variedad tiene un hermoso espectro de colores en sus colas, desde el verde claro hasta el verde oscuro y desde el p\u00farpura burdeos hasta el naranja brillante, todos ellos espolvoreados con tricomas que parecen diamantes.<\/p>\n<p>&nbsp;<\/p>","protected":false},"featured_media":580,"comment_status":"open","ping_status":"closed","template":"","meta":{"om_disable_all_campaigns":false,"_monsterinsights_skip_tracking":false,"_monsterinsights_sitenote_active":false,"_monsterinsights_sitenote_note":"","_monsterinsights_sitenote_category":0},"product_brand":[],"product_cat":[126,245,351],"product_tag":[],"class_list":{"0":"post-579","1":"product","2":"type-product","3":"status-publish","4":"has-post-thumbnail","6":"product_cat-blumen","7":"product_cat-hybrid-sorten","8":"product_cat-marken-cannabis","10":"first","11":"instock","12":"shipping-taxable","13":"purchasable","14":"product-type-variable"},"_links":{"self":[{"href":"https:\/\/caliweedonlineshop.com\/es\/wp-json\/wp\/v2\/product\/579","targetHints":{"allow":["GET"]}}],"collection":[{"href":"https:\/\/caliweedonlineshop.com\/es\/wp-json\/wp\/v2\/product"}],"about":[{"href":"https:\/\/caliweedonlineshop.com\/es\/wp-json\/wp\/v2\/types\/product"}],"replies":[{"embeddable":true,"href":"https:\/\/caliweedonlineshop.com\/es\/wp-json\/wp\/v2\/comments?post=579"}],"wp:featuredmedia":[{"embeddable":true,"href":"https:\/\/caliweedonlineshop.com\/es\/wp-json\/wp\/v2\/media\/580"}],"wp:attachment":[{"href":"https:\/\/caliweedonlineshop.com\/es\/wp-json\/wp\/v2\/media?parent=579"}],"wp:term":[{"taxonomy":"product_brand","embeddable":true,"href":"https:\/\/caliweedonlineshop.com\/es\/wp-json\/wp\/v2\/product_brand?post=579"},{"taxonomy":"product_cat","embeddable":true,"href":"https:\/\/caliweedonlineshop.com\/es\/wp-json\/wp\/v2\/product_cat?post=579"},{"taxonomy":"product_tag","embeddable":true,"href":"https:\/\/caliweedonlineshop.com\/es\/wp-json\/wp\/v2\/product_tag?post=579"}],"curies":[{"name":"wp","href":"https:\/\/api.w.org\/{rel}","templated":true}]}}