{"id":585,"date":"2023-01-14T16:51:18","date_gmt":"2023-01-14T16:51:18","guid":{"rendered":"https:\/\/caliweedonlineshop.com\/?post_type=product&#038;p=585"},"modified":"2023-01-16T06:46:49","modified_gmt":"2023-01-16T06:46:49","slug":"ether","status":"publish","type":"product","link":"https:\/\/caliweedonlineshop.com\/es\/product\/ether\/","title":{"rendered":"Ether"},"content":{"rendered":"<h1>Comprar cepa de marihuana Ether en l\u00ednea en Alemania<\/h1>\n<p>Compre la cepa de marihuana Ether en l\u00ednea en Alemania. Ether es un raro h\u00edbrido \u00edndica dominante (70% \u00edndica\/30% sativa) que es un corte especial de alta potencia del infame Alien Dawg, un cruce entre Chemdawg y Alien Technology. COMPRAR WAX (por gramo) Con niveles de THC que normalmente superan el 20 % y un efecto potente y con mucho cuerpo, Ether es una cepa que no debe subestimarse. El subid\u00f3n de Ether golpea r\u00e1pido y fuerte, con un subid\u00f3n cerebral casi inmediato de euforia intensificada. Comprar Cake Mix\/Mintz Este efecto invade tu mente, dej\u00e1ndote un poco confuso y mareado a pesar de estar feliz. Pronto este sentimiento se vuelve rocoso y tu mente se hunde en una profunda introspecci\u00f3n y pensamientos aleatorios, lo que te hace sentir pesado. Esta pesadez se extender\u00e1 r\u00e1pidamente al resto de tu cuerpo, haci\u00e9ndote sentir somnoliento. comprar pastel de cereza<\/p>\n<p>Com\u00fanmente conocida como Alien Dawg (corte 'Ether'), esta variedad es uno de los fenotipos m\u00e1s buscados del h\u00edbrido de dominancia \u00edndica Alien Dawg y se ha utilizado para crear otros h\u00edbridos como Alien Abduction y Lemon Alien Dawg. Ether se inclina m\u00e1s hacia el lado Chemdawg 91 de su herencia y es conocida por su intenso olor \u00e1cido y su asombrosa producci\u00f3n de tricomas. Big Mex Magic Mushroom en l\u00ednea EE. UU.<\/p>\n<h2>Comprar cepa de marihuana Ether en l\u00ednea en Alemania<\/h2>\n<p>Ether es una rara cepa h\u00edbrida \u00edndica dominante (70 % \u00edndica\/30 % sativa) que es un corte especial de alta potencia de la infame Alien Dawg, un cruce de Chemdawg X Alien Technology. Con niveles de THC que normalmente superan el 20 % y un efecto potente y con mucho cuerpo, la Ether es una variedad que no debe subestimarse. El subid\u00f3n et\u00e9reo golpea r\u00e1pido y fuerte, con un subid\u00f3n cerebral casi inmediato de euforia intensificada. comprar Lemon Zkittle Este efecto golpea tu mente, dej\u00e1ndote un poco confundido y mareado a pesar de estar feliz. Muy pronto, ese sentimiento se convierte en un sentimiento rocoso, hundiendo tu mente en una profunda introspecci\u00f3n y pensamientos aleatorios, y haciendo que tu cabeza se sienta pesada. Esta pesadez se propaga r\u00e1pidamente al resto de su cuerpo, caus\u00e1ndole sue\u00f1o y cansancio. comprar Kurupt Moon Rock. Com\u00fanmente conocida como Alien Dawg (corte 'Ether'), esta variedad es uno de los fenotipos m\u00e1s buscados del h\u00edbrido de dominancia \u00edndica Alien Dawg y se ha utilizado para crear otros h\u00edbridos como Alien Abduction y Lemon Alien Dawg. Ether se inclina m\u00e1s hacia el lado Chemdawg 91 de su herencia y es conocida por su intenso olor \u00e1cido y su incre\u00edble producci\u00f3n de tricomas. Compre la cepa de marihuana Ether en l\u00ednea en Alemania. Ether se inclina m\u00e1s hacia el lado Chemdawg 91 de su herencia y es conocida por su intenso olor \u00e1cido y su asombrosa producci\u00f3n de tricomas. Compre la cepa de marihuana Ether en l\u00ednea en Alemania. Ether se inclina m\u00e1s hacia el lado Chemdawg 91 de su herencia y es conocida por su intenso olor \u00e1cido y su asombrosa producci\u00f3n de tricomas. Compre la cepa de marihuana Ether en l\u00ednea en Alemania.<\/p>","protected":false},"excerpt":{"rendered":"<p>Com\u00fanmente conocida como Alien Dawg (corte 'Ether'), esta variedad es uno de los fenotipos m\u00e1s buscados del h\u00edbrido de dominancia \u00edndica Alien Dawg y se ha utilizado para crear otros h\u00edbridos como Alien Abduction y Lemon Alien Dawg.<\/p>\n<p>&nbsp;<\/p>","protected":false},"featured_media":586,"comment_status":"open","ping_status":"closed","template":"","meta":{"om_disable_all_campaigns":false,"_monsterinsights_skip_tracking":false,"_monsterinsights_sitenote_active":false,"_monsterinsights_sitenote_note":"","_monsterinsights_sitenote_category":0},"product_brand":[],"product_cat":[126,245,351],"product_tag":[268,269,270,271,272,273,274,275,276,267],"class_list":{"0":"post-585","1":"product","2":"type-product","3":"status-publish","4":"has-post-thumbnail","6":"product_cat-blumen","7":"product_cat-hybrid-sorten","8":"product_cat-marken-cannabis","9":"product_tag-ether-in-kalifornien-kaufen","10":"product_tag-ether-kaufen-in-colorado","11":"product_tag-ether-kaufen-in-florida","12":"product_tag-ether-kaufen-in-new-york","13":"product_tag-ether-kaufen-in-polen","14":"product_tag-ether-kaufen-in-texas","15":"product_tag-ether-online-kaufen","16":"product_tag-fruity-pebbles-in-florida-kaufen","17":"product_tag-garrison-lane-in-virginia-kaufen","18":"product_tag-kekspackung-in-north-carolina-kaufen","20":"first","21":"instock","22":"shipping-taxable","23":"purchasable","24":"product-type-variable"},"_links":{"self":[{"href":"https:\/\/caliweedonlineshop.com\/es\/wp-json\/wp\/v2\/product\/585","targetHints":{"allow":["GET"]}}],"collection":[{"href":"https:\/\/caliweedonlineshop.com\/es\/wp-json\/wp\/v2\/product"}],"about":[{"href":"https:\/\/caliweedonlineshop.com\/es\/wp-json\/wp\/v2\/types\/product"}],"replies":[{"embeddable":true,"href":"https:\/\/caliweedonlineshop.com\/es\/wp-json\/wp\/v2\/comments?post=585"}],"wp:featuredmedia":[{"embeddable":true,"href":"https:\/\/caliweedonlineshop.com\/es\/wp-json\/wp\/v2\/media\/586"}],"wp:attachment":[{"href":"https:\/\/caliweedonlineshop.com\/es\/wp-json\/wp\/v2\/media?parent=585"}],"wp:term":[{"taxonomy":"product_brand","embeddable":true,"href":"https:\/\/caliweedonlineshop.com\/es\/wp-json\/wp\/v2\/product_brand?post=585"},{"taxonomy":"product_cat","embeddable":true,"href":"https:\/\/caliweedonlineshop.com\/es\/wp-json\/wp\/v2\/product_cat?post=585"},{"taxonomy":"product_tag","embeddable":true,"href":"https:\/\/caliweedonlineshop.com\/es\/wp-json\/wp\/v2\/product_tag?post=585"}],"curies":[{"name":"wp","href":"https:\/\/api.w.org\/{rel}","templated":true}]}}