{"id":591,"date":"2023-01-14T17:01:33","date_gmt":"2023-01-14T17:01:33","guid":{"rendered":"https:\/\/caliweedonlineshop.com\/?post_type=product&#038;p=591"},"modified":"2023-01-14T17:01:33","modified_gmt":"2023-01-14T17:01:33","slug":"gelato","status":"publish","type":"product","link":"https:\/\/caliweedonlineshop.com\/es\/product\/gelato\/","title":{"rendered":"Gelato"},"content":{"rendered":"<h1>Comprar helado onlineComparar helado en l\u00ednea<\/h1>\n<p>Comprar helado online. Helado (tambi\u00e9n llamado \"<a href=\"https:\/\/en.wikipedia.org\/wiki\/Larry_Bird\" target=\"_blank\" rel=\"noopener\">Larry Bird<\/a>\u201c) es atractivo <a href=\"https:\/\/caliweedonlineshop.com\/index.php\/product-category\/blumen\/hybrid-sorten\/\">Cannabis-Hybridsorte<\/a> por Cookie Fam y Sherbinski, siguiendo los pasos de sus padres Sunset Sherbet y Thin Mint GSC. Originaria del \u00c1rea de la Bah\u00eda de California, esta variedad debe su nombre al aroma afrutado a postre que recorre como un hilo la familia de las Cookie. Sus cogollos tienden a florecer en tonos morados oscuros, iluminados por vellos anaranjados ardientes y una capa blanca brillante de resina de cristal. novato<\/p>\n<p>Deber\u00edas acercarte a esta potencia de THC con precauci\u00f3n, pero aquellos con una alta tolerancia disfrutar\u00e1n de la pesada euforia de la Gelato. La relajaci\u00f3n f\u00edsica entra en acci\u00f3n, pero muchos a\u00fan se encuentran lo suficientemente alerta mentalmente como para seguir siendo productivos y creativos cuando disfrutan del helado durante todo el d\u00eda.<\/p>\n<h2>Comprar helado onlineComparar helado en l\u00ednea<\/h2>\n<p><strong>INDICA %SATIVA %REINHEIT \/ POTENZENTSPANNUNGSCHLAFENDE ENERGIEEUPHORIESCHMERZLINDERUNG<\/strong><\/p>\n<p>Nombre de la variedad: cepa de cannabis Gelato<\/p>\n<p>Cepa dominante: Indica dominante con 55% Indica \/ 45% Sativa.<\/p>\n<p>Breve historia: Proveniente del \u00c1rea de la Bah\u00eda, California, Gelato fue desarrollado por Cookie Fam Genetics. Esta deliciosa cepa se cre\u00f3 cruzando la Sunset Sherbet con la Thin Mint Girl Scout Cookies. Las cepas originales son conocidas por sus efectos con mucho cuerpo.<\/p>\n<p>Sin embargo, no dejes que su lindo nombre te enga\u00f1e. Gelato es una cepa muy potente. Despu\u00e9s de todo, esta deliciosa variedad tiene las mejores cualidades de sus padres.<\/p>\n<p>Gelato golpea fuerte y r\u00e1pido. Se sabe que su alto contenido de THC induce poderosos efectos psicoactivos y psicod\u00e9licos. Esta no es una variedad para principiantes y aquellos que no toleran bien el THC. Si a\u00fan quieres probarlos, hazlo con precauci\u00f3n.<\/p>\n<p>Caracter\u00edsticas distintivas: los cogollos de Gelato son ligeramente m\u00e1s peque\u00f1os en comparaci\u00f3n con otras cepas. Sin embargo, son gruesos y est\u00e1n densamente empaquetados. Los cogollos son de un color verde bosque oscuro intercalado con pelos violetas y naranjas vibrantes. Las hojas tambi\u00e9n son de color verde bosque con un ligero tinte p\u00farpura.<\/p>\n<p>Perfil de cannabinoides y terpenos: el contenido de THC de Gelato es alto, alrededor del 20 %, aunque algunas pruebas han encontrado que puede alcanzar hasta el 25 %. El contenido de CBD es de alrededor del 0,1 %, y algunas pruebas muestran niveles de CBD de hasta el 1,59 %. El contenido de CBN es bajo en 0.07%.<br \/>\nEl perfil de terpenos de Gelato incluye mirceno, cariofileno y pineno.<\/p>\n<p>Sabores\/Aroma: Gelato hace honor a su dulce nombre. Tiene un aroma dulce y terroso con deliciosos toques de ar\u00e1ndanos y naranjas. Tambi\u00e9n huele dulce y amaderado, con poderosas notas de frutas como bayas, cerezas y c\u00edtricos como lim\u00f3n y lima. Tambi\u00e9n notar\u00e1s algunos matices de lavanda.<\/p>\n<p>Efectos: Gelato es una variedad de dominancia \u00edndica cuyos efectos cerebrales y f\u00edsicos pueden golpearte r\u00e1pido y con fuerza. Incluso puedes sentir los poderosos efectos antes de exhalar.<br \/>\nSentir\u00e1s un fuerte subid\u00f3n mental al principio, seguido r\u00e1pidamente por un subid\u00f3n corporal igualmente fuerte. Estos efectos te dejan totalmente relajado, tranquilo, feliz, euf\u00f3rico y animado. Sin embargo, el efecto relajante no lo pondr\u00e1 en un sof\u00e1-bloqueo.<\/p>","protected":false},"excerpt":{"rendered":"<p>Comprar helado online. Comprar helado online. Comprar helado online. La variedad de cannabis es un h\u00edbrido \u00edndica dominante 55\/45 producido por Cookie Fam Genetics. Ella es conocida por su\u2026<\/p>\n<p>&nbsp;<\/p>","protected":false},"featured_media":592,"comment_status":"open","ping_status":"closed","template":"","meta":{"om_disable_all_campaigns":false,"_monsterinsights_skip_tracking":false,"_monsterinsights_sitenote_active":false,"_monsterinsights_sitenote_note":"","_monsterinsights_sitenote_category":0},"product_brand":[],"product_cat":[126,245],"product_tag":[],"class_list":{"0":"post-591","1":"product","2":"type-product","3":"status-publish","4":"has-post-thumbnail","6":"product_cat-blumen","7":"product_cat-hybrid-sorten","9":"first","10":"instock","11":"shipping-taxable","12":"purchasable","13":"product-type-variable"},"_links":{"self":[{"href":"https:\/\/caliweedonlineshop.com\/es\/wp-json\/wp\/v2\/product\/591","targetHints":{"allow":["GET"]}}],"collection":[{"href":"https:\/\/caliweedonlineshop.com\/es\/wp-json\/wp\/v2\/product"}],"about":[{"href":"https:\/\/caliweedonlineshop.com\/es\/wp-json\/wp\/v2\/types\/product"}],"replies":[{"embeddable":true,"href":"https:\/\/caliweedonlineshop.com\/es\/wp-json\/wp\/v2\/comments?post=591"}],"wp:featuredmedia":[{"embeddable":true,"href":"https:\/\/caliweedonlineshop.com\/es\/wp-json\/wp\/v2\/media\/592"}],"wp:attachment":[{"href":"https:\/\/caliweedonlineshop.com\/es\/wp-json\/wp\/v2\/media?parent=591"}],"wp:term":[{"taxonomy":"product_brand","embeddable":true,"href":"https:\/\/caliweedonlineshop.com\/es\/wp-json\/wp\/v2\/product_brand?post=591"},{"taxonomy":"product_cat","embeddable":true,"href":"https:\/\/caliweedonlineshop.com\/es\/wp-json\/wp\/v2\/product_cat?post=591"},{"taxonomy":"product_tag","embeddable":true,"href":"https:\/\/caliweedonlineshop.com\/es\/wp-json\/wp\/v2\/product_tag?post=591"}],"curies":[{"name":"wp","href":"https:\/\/api.w.org\/{rel}","templated":true}]}}